{"id":27243,"date":"2021-04-06T17:15:26","date_gmt":"2021-04-06T14:15:26","guid":{"rendered":"https:\/\/alpaka-shop.com\/ss21\/"},"modified":"2021-05-12T15:09:34","modified_gmt":"2021-05-12T12:09:34","slug":"ss21","status":"publish","type":"page","link":"https:\/\/alpaka-shop.com\/de\/ss21\/","title":{"rendered":"SS21"},"content":{"rendered":"<section class=\"l-section wpb_row category-description height_small\"><div class=\"l-section-h i-cf\"><div class=\"g-cols vc_row via_flex valign_top type_default stacking_default\"><div class=\"vc_col-sm-12 wpb_column vc_column_container\"><div class=\"vc_column-inner\"><div class=\"wpb_wrapper\"><div class=\"wpb_text_column\"><div class=\"wpb_wrapper\"><h1 style=\"text-align: center;\">FR\u00dcHLING-SOMMER KOLLEKTION<\/h1>\n<p style=\"text-align: center;\">Unsere Fr\u00fchling-Sommer-Kollektion verwandelt h\u00e4usliche Gem\u00fctlichkeit in einen Raum der Produktivit\u00e4t. Nachdem wir unsere Wertsch\u00e4tzung f\u00fcr Faulenzen und Entspannen wiederentdeckt haben, haben wir eine Kollektion kreiert, in der es darum geht, bequem und gem\u00fctlich zu sein &#8211; vom Hause bis \u00fcberall hin. Nat\u00fcrlich weiche T\u00f6ne und hochwertige Materialien sorgen daf\u00fcr, dass unsere Strickwaren nicht an Jahreszeiten gebunden sind und ein Leben lang halten.<\/p>\n<\/div><\/div><\/div><\/div><\/div><\/div><\/div><\/section><section class=\"l-section wpb_row collection-grid height_small\"><div class=\"l-section-h i-cf\"><div class=\"g-cols vc_row via_flex valign_top type_default stacking_default\"><div class=\"vc_col-sm-6 wpb_column vc_column_container\"><div class=\"vc_column-inner\"><div class=\"wpb_wrapper\"><div class=\"w-image align_center\"><a title=\"Leichte Bluse mit Transparenz\" href=\"https:\/\/alpaka-shop.com\/de\/draped-light-sweater\/\" aria-label=\"ALPAKA Draped light Sweater Ivory Maarja Jakobson\" class=\"w-image-h\"><img decoding=\"async\" width=\"731\" height=\"1024\" src=\"https:\/\/alpaka-shop.com\/wp-content\/uploads\/2021\/04\/ALPAKA-Draped-light-Sweater-Ivory-Maarja-Jakobson-731x1024.jpg\" class=\"attachment-large size-large wvs-archive-product-image\" alt=\"\" loading=\"lazy\" srcset=\"https:\/\/alpaka-shop.com\/wp-content\/uploads\/2021\/04\/ALPAKA-Draped-light-Sweater-Ivory-Maarja-Jakobson-731x1024.jpg 731w, https:\/\/alpaka-shop.com\/wp-content\/uploads\/2021\/04\/ALPAKA-Draped-light-Sweater-Ivory-Maarja-Jakobson-214x300.jpg 214w, https:\/\/alpaka-shop.com\/wp-content\/uploads\/2021\/04\/ALPAKA-Draped-light-Sweater-Ivory-Maarja-Jakobson-300x420.jpg 300w, https:\/\/alpaka-shop.com\/wp-content\/uploads\/2021\/04\/ALPAKA-Draped-light-Sweater-Ivory-Maarja-Jakobson-600x840.jpg 600w, https:\/\/alpaka-shop.com\/wp-content\/uploads\/2021\/04\/ALPAKA-Draped-light-Sweater-Ivory-Maarja-Jakobson.jpg 800w\" sizes=\"auto, (max-width: 731px) 100vw, 731px\" \/><\/a><\/div><div class=\"wpb_text_column\"><div class=\"wpb_wrapper\"><p><a href=\"https:\/\/alpaka-shop.com\/de\/pullover-mit-drapierter-partie\/\">Pullover mit drapierter Partie<\/a><\/p>\n<\/div><\/div><\/div><\/div><\/div><div class=\"vc_col-sm-6 wpb_column vc_column_container two-column-grid\"><div class=\"vc_column-inner\"><div class=\"wpb_wrapper\"><div class=\"g-cols wpb_row via_flex valign_top type_default stacking_default\"><div class=\"vc_col-sm-6 wpb_column vc_column_container\"><div class=\"vc_column-inner\"><div class=\"wpb_wrapper\"><div class=\"w-image align_center\"><a title=\"Leichte Bluse mit Transparenz\" href=\"https:\/\/alpaka-shop.com\/de\/jacke-mit-wasserfallfront\/\" aria-label=\"ALPAKA Draped cotton cardigan LIGHT TAUPE Maarja Jakobson\" class=\"w-image-h\"><img decoding=\"async\" width=\"400\" height=\"560\" src=\"https:\/\/alpaka-shop.com\/wp-content\/uploads\/2021\/04\/ALPAKA-Draped-cotton-cardigan-LIGHT-TAUPE-Maarja-Jakobson-.jpg\" class=\"attachment-shop_single size-shop_single wvs-archive-product-image\" alt=\"\" loading=\"lazy\" srcset=\"https:\/\/alpaka-shop.com\/wp-content\/uploads\/2021\/04\/ALPAKA-Draped-cotton-cardigan-LIGHT-TAUPE-Maarja-Jakobson-.jpg 400w, https:\/\/alpaka-shop.com\/wp-content\/uploads\/2021\/04\/ALPAKA-Draped-cotton-cardigan-LIGHT-TAUPE-Maarja-Jakobson--214x300.jpg 214w, https:\/\/alpaka-shop.com\/wp-content\/uploads\/2021\/04\/ALPAKA-Draped-cotton-cardigan-LIGHT-TAUPE-Maarja-Jakobson--300x420.jpg 300w\" sizes=\"auto, (max-width: 400px) 100vw, 400px\" \/><\/a><\/div><div class=\"wpb_text_column\"><div class=\"wpb_wrapper\"><p class=\"product_title entry-title\"><a href=\"https:\/\/alpaka-shop.com\/de\/jacke-mit-wasserfallfront\/\">Jacke mit Wasserfallfront<\/a><\/p>\n<\/div><\/div><div class=\"w-image align_center\"><a title=\"Leichte Bluse mit Transparenz\" href=\"https:\/\/alpaka-shop.com\/de\/geripptes-kleid\/\" aria-label=\"ALPAKA-Ribbed-tunic-dress-ivory-in-studio-side_grey_400x560px\" class=\"w-image-h\"><img decoding=\"async\" width=\"400\" height=\"560\" src=\"https:\/\/alpaka-shop.com\/wp-content\/uploads\/2021\/04\/ALPAKA-Ribbed-tunic-dress-ivory-in-studio-side_grey_400x560px.jpg\" class=\"attachment-shop_single size-shop_single wvs-archive-product-image\" alt=\"\" loading=\"lazy\" srcset=\"https:\/\/alpaka-shop.com\/wp-content\/uploads\/2021\/04\/ALPAKA-Ribbed-tunic-dress-ivory-in-studio-side_grey_400x560px.jpg 400w, https:\/\/alpaka-shop.com\/wp-content\/uploads\/2021\/04\/ALPAKA-Ribbed-tunic-dress-ivory-in-studio-side_grey_400x560px-214x300.jpg 214w, https:\/\/alpaka-shop.com\/wp-content\/uploads\/2021\/04\/ALPAKA-Ribbed-tunic-dress-ivory-in-studio-side_grey_400x560px-300x420.jpg 300w\" sizes=\"auto, (max-width: 400px) 100vw, 400px\" \/><\/a><\/div><div class=\"wpb_text_column\"><div class=\"wpb_wrapper\"><p><a href=\"https:\/\/alpaka-shop.com\/de\/jacke-mit-wasserfallfront\/\">Geripptes Kleid<\/a><\/p>\n<\/div><\/div><\/div><\/div><\/div><div class=\"vc_col-sm-6 wpb_column vc_column_container\"><div class=\"vc_column-inner\"><div class=\"wpb_wrapper\"><div class=\"w-image align_center\"><a title=\"Leichte Bluse mit Transparenz\" href=\"https:\/\/alpaka-shop.com\/de\/leichte-bluse-mit-transparenz\/\" aria-label=\"ALPAKA-Light-Blouse-with-Transparency-Vanilla-front_grey-(2)-400x560px\" class=\"w-image-h\"><img decoding=\"async\" width=\"400\" height=\"560\" src=\"https:\/\/alpaka-shop.com\/wp-content\/uploads\/2021\/04\/ALPAKA-Light-Blouse-with-Transparency-Vanilla-front_grey-2-400x560px.jpg\" class=\"attachment-shop_single size-shop_single wvs-archive-product-image\" alt=\"\" loading=\"lazy\" srcset=\"https:\/\/alpaka-shop.com\/wp-content\/uploads\/2021\/04\/ALPAKA-Light-Blouse-with-Transparency-Vanilla-front_grey-2-400x560px.jpg 400w, https:\/\/alpaka-shop.com\/wp-content\/uploads\/2021\/04\/ALPAKA-Light-Blouse-with-Transparency-Vanilla-front_grey-2-400x560px-214x300.jpg 214w, https:\/\/alpaka-shop.com\/wp-content\/uploads\/2021\/04\/ALPAKA-Light-Blouse-with-Transparency-Vanilla-front_grey-2-400x560px-300x420.jpg 300w\" sizes=\"auto, (max-width: 400px) 100vw, 400px\" \/><\/a><\/div><div class=\"wpb_text_column\"><div class=\"wpb_wrapper\"><p class=\"product_title entry-title\"><a href=\"https:\/\/alpaka-shop.com\/de\/leichte-bluse-mit-transparenz\/\">Leichte Bluse mit Transparenz<\/a><\/p>\n<\/div><\/div><div class=\"w-image align_center\"><a title=\"Royal Umhang\" href=\"https:\/\/alpaka-shop.com\/de\/royal-umhang\/\" aria-label=\"ALPAKA-Royal-robe-taupe-in-studio-side-_grey_400x560px-(1)\" class=\"w-image-h\"><img decoding=\"async\" width=\"400\" height=\"560\" src=\"https:\/\/alpaka-shop.com\/wp-content\/uploads\/2021\/04\/ALPAKA-Royal-robe-taupe-in-studio-side-_grey_400x560px-1.jpg\" class=\"attachment-shop_single size-shop_single wvs-archive-product-image\" alt=\"\" loading=\"lazy\" srcset=\"https:\/\/alpaka-shop.com\/wp-content\/uploads\/2021\/04\/ALPAKA-Royal-robe-taupe-in-studio-side-_grey_400x560px-1.jpg 400w, https:\/\/alpaka-shop.com\/wp-content\/uploads\/2021\/04\/ALPAKA-Royal-robe-taupe-in-studio-side-_grey_400x560px-1-214x300.jpg 214w, https:\/\/alpaka-shop.com\/wp-content\/uploads\/2021\/04\/ALPAKA-Royal-robe-taupe-in-studio-side-_grey_400x560px-1-300x420.jpg 300w\" sizes=\"auto, (max-width: 400px) 100vw, 400px\" \/><\/a><\/div><div class=\"wpb_text_column\"><div class=\"wpb_wrapper\"><p><a href=\"https:\/\/alpaka-shop.com\/de\/royal-umhang\/\">Royal Umhang<\/a><\/p>\n<\/div><\/div><\/div><\/div><\/div><\/div><\/div><\/div><\/div><\/div><\/div><\/section><section class=\"l-section wpb_row collection-grid height_small\"><div class=\"l-section-h i-cf\"><div class=\"g-cols vc_row via_flex valign_top type_default stacking_default\"><div class=\"vc_col-sm-12 wpb_column vc_column_container\"><div class=\"vc_column-inner\"><div class=\"wpb_wrapper\"><div class=\"w-image align_center\"><a title=\"Leichte Bluse mit Transparenz\" href=\"https:\/\/alpaka-shop.com\/de\/leichte-bluse-mit-transparenz\/\" aria-label=\"Light-blouse-with-transparency\" class=\"w-image-h\"><img decoding=\"async\" width=\"1501\" height=\"1000\" src=\"https:\/\/alpaka-shop.com\/wp-content\/uploads\/2021\/03\/Light-blouse-with-transparency.jpg\" class=\"attachment-full size-full wvs-archive-product-image\" alt=\"\" loading=\"lazy\" srcset=\"https:\/\/alpaka-shop.com\/wp-content\/uploads\/2021\/03\/Light-blouse-with-transparency.jpg 1501w, https:\/\/alpaka-shop.com\/wp-content\/uploads\/2021\/03\/Light-blouse-with-transparency-300x200.jpg 300w, https:\/\/alpaka-shop.com\/wp-content\/uploads\/2021\/03\/Light-blouse-with-transparency-1024x682.jpg 1024w, https:\/\/alpaka-shop.com\/wp-content\/uploads\/2021\/03\/Light-blouse-with-transparency-600x400.jpg 600w\" sizes=\"auto, (max-width: 1501px) 100vw, 1501px\" \/><\/a><\/div><div class=\"wpb_text_column\"><div class=\"wpb_wrapper\"><p class=\"product_title entry-title\"><a href=\"https:\/\/alpaka-shop.com\/de\/leichte-bluse-mit-transparenz\/\">Leichte Bluse mit Transparenz<\/a><\/p>\n<\/div><\/div><\/div><\/div><\/div><\/div><\/div><\/section><section class=\"l-section wpb_row collection-grid height_small\"><div class=\"l-section-h i-cf\"><div class=\"g-cols vc_row via_flex valign_top type_default stacking_default\"><div class=\"vc_col-sm-6 wpb_column vc_column_container two-column-grid\"><div class=\"vc_column-inner\"><div class=\"wpb_wrapper\"><div class=\"g-cols wpb_row via_flex valign_top type_default stacking_default\"><div class=\"vc_col-sm-6 wpb_column vc_column_container\"><div class=\"vc_column-inner\"><div class=\"wpb_wrapper\"><div class=\"w-image align_center\"><a title=\"Royal Crew-Pullover\" href=\"https:\/\/alpaka-shop.com\/de\/royal-crew-pullover\/\" aria-label=\"ALPAKA-Womens-Royal-crew-pastel-pink-in-studio-side-grey_400x560px\" class=\"w-image-h\"><img decoding=\"async\" width=\"400\" height=\"560\" src=\"https:\/\/alpaka-shop.com\/wp-content\/uploads\/2021\/04\/ALPAKA-Womens-Royal-crew-pastel-pink-in-studio-side-grey_400x560px.jpg\" class=\"attachment-shop_single size-shop_single wvs-archive-product-image\" alt=\"\" loading=\"lazy\" srcset=\"https:\/\/alpaka-shop.com\/wp-content\/uploads\/2021\/04\/ALPAKA-Womens-Royal-crew-pastel-pink-in-studio-side-grey_400x560px.jpg 400w, https:\/\/alpaka-shop.com\/wp-content\/uploads\/2021\/04\/ALPAKA-Womens-Royal-crew-pastel-pink-in-studio-side-grey_400x560px-214x300.jpg 214w, https:\/\/alpaka-shop.com\/wp-content\/uploads\/2021\/04\/ALPAKA-Womens-Royal-crew-pastel-pink-in-studio-side-grey_400x560px-300x420.jpg 300w\" sizes=\"auto, (max-width: 400px) 100vw, 400px\" \/><\/a><\/div><div class=\"wpb_text_column\"><div class=\"wpb_wrapper\"><p><a href=\"https:\/\/alpaka-shop.com\/de\/royal-crew-pullover\/\">Royal Crew-Pullover<\/a><\/p>\n<\/div><\/div><div class=\"w-image align_center\"><a title=\"Strickjacke aus Baumwolle\" href=\"https:\/\/alpaka-shop.com\/de\/strickjacke-aus-baumwolle\/\" aria-label=\"ALPAKA-Cotton-Knit-Cape-light-grey-front_grey_400x560px-(1)\" class=\"w-image-h\"><img decoding=\"async\" width=\"400\" height=\"560\" src=\"https:\/\/alpaka-shop.com\/wp-content\/uploads\/2021\/04\/ALPAKA-Cotton-Knit-Cape-light-grey-front_grey_400x560px-1.jpg\" class=\"attachment-shop_single size-shop_single wvs-archive-product-image\" alt=\"\" loading=\"lazy\" srcset=\"https:\/\/alpaka-shop.com\/wp-content\/uploads\/2021\/04\/ALPAKA-Cotton-Knit-Cape-light-grey-front_grey_400x560px-1.jpg 400w, https:\/\/alpaka-shop.com\/wp-content\/uploads\/2021\/04\/ALPAKA-Cotton-Knit-Cape-light-grey-front_grey_400x560px-1-214x300.jpg 214w, https:\/\/alpaka-shop.com\/wp-content\/uploads\/2021\/04\/ALPAKA-Cotton-Knit-Cape-light-grey-front_grey_400x560px-1-300x420.jpg 300w\" sizes=\"auto, (max-width: 400px) 100vw, 400px\" \/><\/a><\/div><div class=\"wpb_text_column\"><div class=\"wpb_wrapper\"><p class=\"product_title entry-title\"><a href=\"https:\/\/alpaka-shop.com\/de\/strickjacke-aus-baumwolle\/\">Strickjacke aus Baumwolle<\/a><\/p>\n<\/div><\/div><\/div><\/div><\/div><div class=\"vc_col-sm-6 wpb_column vc_column_container\"><div class=\"vc_column-inner\"><div class=\"wpb_wrapper\"><div class=\"w-image align_center\"><a title=\"Reiseschal\" href=\"https:\/\/alpaka-shop.com\/de\/reiseschal\/\" aria-label=\"ALPAKA Light Travel Shawl Cameo Rose Maarja Jakobson\" class=\"w-image-h\"><img decoding=\"async\" width=\"400\" height=\"560\" src=\"https:\/\/alpaka-shop.com\/wp-content\/uploads\/2021\/04\/ALPAKA-Light-Travel-Shawl-Cameo-Rose-Maarja-Jakobson.jpg\" class=\"attachment-shop_single size-shop_single wvs-archive-product-image\" alt=\"\" loading=\"lazy\" srcset=\"https:\/\/alpaka-shop.com\/wp-content\/uploads\/2021\/04\/ALPAKA-Light-Travel-Shawl-Cameo-Rose-Maarja-Jakobson.jpg 400w, https:\/\/alpaka-shop.com\/wp-content\/uploads\/2021\/04\/ALPAKA-Light-Travel-Shawl-Cameo-Rose-Maarja-Jakobson-214x300.jpg 214w, https:\/\/alpaka-shop.com\/wp-content\/uploads\/2021\/04\/ALPAKA-Light-Travel-Shawl-Cameo-Rose-Maarja-Jakobson-300x420.jpg 300w\" sizes=\"auto, (max-width: 400px) 100vw, 400px\" \/><\/a><\/div><div class=\"wpb_text_column\"><div class=\"wpb_wrapper\"><p><a href=\"https:\/\/alpaka-shop.com\/de\/reiseschal\/\">Reiseschal<\/a><\/p>\n<\/div><\/div><div class=\"w-image align_center\"><a title=\"Lockerer Pullover mit V-Ausschnitt\" href=\"https:\/\/alpaka-shop.com\/de\/lockerer-pullover-mit-v-ausschnitt\/\" aria-label=\"ALPAKA-Oversized-V-neck-sweater_SILVER_front_closer_studio_400x560px\" class=\"w-image-h\"><img decoding=\"async\" width=\"400\" height=\"560\" src=\"https:\/\/alpaka-shop.com\/wp-content\/uploads\/2020\/11\/ALPAKA-Oversized-V-neck-sweater_SILVER_front_closer_studio_400x560px.jpg\" class=\"attachment-shop_single size-shop_single wvs-archive-product-image\" alt=\"\" loading=\"lazy\" srcset=\"https:\/\/alpaka-shop.com\/wp-content\/uploads\/2020\/11\/ALPAKA-Oversized-V-neck-sweater_SILVER_front_closer_studio_400x560px.jpg 400w, https:\/\/alpaka-shop.com\/wp-content\/uploads\/2020\/11\/ALPAKA-Oversized-V-neck-sweater_SILVER_front_closer_studio_400x560px-214x300.jpg 214w, https:\/\/alpaka-shop.com\/wp-content\/uploads\/2020\/11\/ALPAKA-Oversized-V-neck-sweater_SILVER_front_closer_studio_400x560px-300x420.jpg 300w\" sizes=\"auto, (max-width: 400px) 100vw, 400px\" \/><\/a><\/div><div class=\"wpb_text_column\"><div class=\"wpb_wrapper\"><p class=\"product_title entry-title\"><a href=\"https:\/\/alpaka-shop.com\/de\/lockerer-pullover-mit-v-ausschnitt\/\">Lockerer Pullover mit V-Ausschnitt<\/a><\/p>\n<\/div><\/div><\/div><\/div><\/div><\/div><\/div><\/div><\/div><div class=\"vc_col-sm-6 wpb_column vc_column_container\"><div class=\"vc_column-inner\"><div class=\"wpb_wrapper\"><div class=\"w-image align_center\"><a title=\"Royal Cardigan\" href=\"https:\/\/alpaka-shop.com\/de\/royal-cardigan-frauen\/\" aria-label=\"ALPAKA Womens Royal Cardigan Pastel Pink Maarja Jakobson\" class=\"w-image-h\"><img decoding=\"async\" width=\"731\" height=\"1024\" src=\"https:\/\/alpaka-shop.com\/wp-content\/uploads\/2021\/04\/ALPAKA-Womens-Royal-Cardigan-Pastel-Pink-Maarja-Jakobson-731x1024.jpg\" class=\"attachment-large size-large wvs-archive-product-image\" alt=\"\" loading=\"lazy\" srcset=\"https:\/\/alpaka-shop.com\/wp-content\/uploads\/2021\/04\/ALPAKA-Womens-Royal-Cardigan-Pastel-Pink-Maarja-Jakobson-731x1024.jpg 731w, https:\/\/alpaka-shop.com\/wp-content\/uploads\/2021\/04\/ALPAKA-Womens-Royal-Cardigan-Pastel-Pink-Maarja-Jakobson-214x300.jpg 214w, https:\/\/alpaka-shop.com\/wp-content\/uploads\/2021\/04\/ALPAKA-Womens-Royal-Cardigan-Pastel-Pink-Maarja-Jakobson-300x420.jpg 300w, https:\/\/alpaka-shop.com\/wp-content\/uploads\/2021\/04\/ALPAKA-Womens-Royal-Cardigan-Pastel-Pink-Maarja-Jakobson-600x840.jpg 600w, https:\/\/alpaka-shop.com\/wp-content\/uploads\/2021\/04\/ALPAKA-Womens-Royal-Cardigan-Pastel-Pink-Maarja-Jakobson.jpg 800w\" sizes=\"auto, (max-width: 731px) 100vw, 731px\" \/><\/a><\/div><div class=\"wpb_text_column\"><div class=\"wpb_wrapper\"><p><a href=\"https:\/\/alpaka-shop.com\/de\/royal-cardigan-2\/\">Royal Cardigan<\/a><\/p>\n<\/div><\/div><\/div><\/div><\/div><\/div><\/div><\/section><section class=\"l-section wpb_row collection-grid height_small\"><div class=\"l-section-h i-cf\"><div class=\"g-cols vc_row via_flex valign_top type_default stacking_default\"><div class=\"vc_col-sm-6 wpb_column vc_column_container\"><div class=\"vc_column-inner\"><div class=\"wpb_wrapper\"><div class=\"w-image align_center\"><a title=\"Volumen\u00e4rmel Pullover\" href=\"https:\/\/alpaka-shop.com\/de\/volumenarmel-pullover\/\" aria-label=\"ALPAKA Womens volume sleeve sweater bordeaux Maarja Jakobson\" class=\"w-image-h\"><img decoding=\"async\" width=\"731\" height=\"1024\" src=\"https:\/\/alpaka-shop.com\/wp-content\/uploads\/2021\/04\/ALPAKA-Womens-volume-sleeve-sweater-bordeaux-Maarja-Jakobson-731x1024.jpg\" class=\"attachment-large size-large wvs-archive-product-image\" alt=\"\" loading=\"lazy\" srcset=\"https:\/\/alpaka-shop.com\/wp-content\/uploads\/2021\/04\/ALPAKA-Womens-volume-sleeve-sweater-bordeaux-Maarja-Jakobson-731x1024.jpg 731w, https:\/\/alpaka-shop.com\/wp-content\/uploads\/2021\/04\/ALPAKA-Womens-volume-sleeve-sweater-bordeaux-Maarja-Jakobson-214x300.jpg 214w, https:\/\/alpaka-shop.com\/wp-content\/uploads\/2021\/04\/ALPAKA-Womens-volume-sleeve-sweater-bordeaux-Maarja-Jakobson-300x420.jpg 300w, https:\/\/alpaka-shop.com\/wp-content\/uploads\/2021\/04\/ALPAKA-Womens-volume-sleeve-sweater-bordeaux-Maarja-Jakobson-600x840.jpg 600w, https:\/\/alpaka-shop.com\/wp-content\/uploads\/2021\/04\/ALPAKA-Womens-volume-sleeve-sweater-bordeaux-Maarja-Jakobson.jpg 800w\" sizes=\"auto, (max-width: 731px) 100vw, 731px\" \/><\/a><\/div><div class=\"wpb_text_column\"><div class=\"wpb_wrapper\"><p class=\"product_title entry-title\"><a href=\"https:\/\/alpaka-shop.com\/de\/volumenarmel-pullover\/\">Volumen\u00e4rmel Pullover<\/a><\/p>\n<\/div><\/div><\/div><\/div><\/div><div class=\"vc_col-sm-6 wpb_column vc_column_container two-column-grid\"><div class=\"vc_column-inner\"><div class=\"wpb_wrapper\"><div class=\"g-cols wpb_row via_flex valign_top type_default stacking_default\"><div class=\"vc_col-sm-6 wpb_column vc_column_container\"><div class=\"vc_column-inner\"><div class=\"wpb_wrapper\"><div class=\"w-image align_center\"><a title=\"Royal Crew-Pullover\" href=\"https:\/\/alpaka-shop.com\/de\/royal-crew-pullover\/\" aria-label=\"ALPAKA-Royal-Crew-TAUPE-Maarja-Jakobson-Tartu-Art-Gallery_400x560\" class=\"w-image-h\"><img decoding=\"async\" width=\"400\" height=\"560\" src=\"https:\/\/alpaka-shop.com\/wp-content\/uploads\/2021\/04\/ALPAKA-Royal-Crew-TAUPE-Maarja-Jakobson-Tartu-Art-Gallery_400x560.jpg\" class=\"attachment-shop_single size-shop_single wvs-archive-product-image\" alt=\"\" loading=\"lazy\" srcset=\"https:\/\/alpaka-shop.com\/wp-content\/uploads\/2021\/04\/ALPAKA-Royal-Crew-TAUPE-Maarja-Jakobson-Tartu-Art-Gallery_400x560.jpg 400w, https:\/\/alpaka-shop.com\/wp-content\/uploads\/2021\/04\/ALPAKA-Royal-Crew-TAUPE-Maarja-Jakobson-Tartu-Art-Gallery_400x560-214x300.jpg 214w, https:\/\/alpaka-shop.com\/wp-content\/uploads\/2021\/04\/ALPAKA-Royal-Crew-TAUPE-Maarja-Jakobson-Tartu-Art-Gallery_400x560-300x420.jpg 300w\" sizes=\"auto, (max-width: 400px) 100vw, 400px\" \/><\/a><\/div><div class=\"wpb_text_column\"><div class=\"wpb_wrapper\"><p><a href=\"https:\/\/alpaka-shop.com\/de\/royal-crew-pullover\/\">Royal Crew-Pullover<\/a><\/p>\n<\/div><\/div><div class=\"w-image align_center\"><a title=\"Royal Umhang\" href=\"https:\/\/alpaka-shop.com\/de\/royal-umhang\/\" aria-label=\"ALPAKA-Royal-robe-taupe-in-studio-side_grey_400x560px-(1)\" class=\"w-image-h\"><img decoding=\"async\" width=\"400\" height=\"560\" src=\"https:\/\/alpaka-shop.com\/wp-content\/uploads\/2021\/04\/ALPAKA-Royal-robe-taupe-in-studio-side_grey_400x560px-1.jpg\" class=\"attachment-shop_single size-shop_single wvs-archive-product-image\" alt=\"\" loading=\"lazy\" srcset=\"https:\/\/alpaka-shop.com\/wp-content\/uploads\/2021\/04\/ALPAKA-Royal-robe-taupe-in-studio-side_grey_400x560px-1.jpg 400w, https:\/\/alpaka-shop.com\/wp-content\/uploads\/2021\/04\/ALPAKA-Royal-robe-taupe-in-studio-side_grey_400x560px-1-214x300.jpg 214w, https:\/\/alpaka-shop.com\/wp-content\/uploads\/2021\/04\/ALPAKA-Royal-robe-taupe-in-studio-side_grey_400x560px-1-300x420.jpg 300w\" sizes=\"auto, (max-width: 400px) 100vw, 400px\" \/><\/a><\/div><div class=\"wpb_text_column\"><div class=\"wpb_wrapper\"><p><a href=\"https:\/\/alpaka-shop.com\/de\/royal-umhang\/\">Royal Umhang<\/a><\/p>\n<\/div><\/div><\/div><\/div><\/div><div class=\"vc_col-sm-6 wpb_column vc_column_container\"><div class=\"vc_column-inner\"><div class=\"wpb_wrapper\"><div class=\"w-image align_center\"><a title=\"Exclusive Cape\" href=\"https:\/\/alpaka-shop.com\/de\/exclusive-cape\/\" aria-label=\"Cape-Exclusive-in-WHEAT-with-Marleen-in-Studio-grey-web-PORT-(3)_400x560px\" class=\"w-image-h\"><img decoding=\"async\" width=\"400\" height=\"560\" src=\"https:\/\/alpaka-shop.com\/wp-content\/uploads\/2021\/04\/Cape-Exclusive-in-WHEAT-with-Marleen-in-Studio-grey-web-PORT-3_400x560px.jpg\" class=\"attachment-shop_single size-shop_single wvs-archive-product-image\" alt=\"\" loading=\"lazy\" srcset=\"https:\/\/alpaka-shop.com\/wp-content\/uploads\/2021\/04\/Cape-Exclusive-in-WHEAT-with-Marleen-in-Studio-grey-web-PORT-3_400x560px.jpg 400w, https:\/\/alpaka-shop.com\/wp-content\/uploads\/2021\/04\/Cape-Exclusive-in-WHEAT-with-Marleen-in-Studio-grey-web-PORT-3_400x560px-214x300.jpg 214w, https:\/\/alpaka-shop.com\/wp-content\/uploads\/2021\/04\/Cape-Exclusive-in-WHEAT-with-Marleen-in-Studio-grey-web-PORT-3_400x560px-300x420.jpg 300w\" sizes=\"auto, (max-width: 400px) 100vw, 400px\" \/><\/a><\/div><div class=\"wpb_text_column\"><div class=\"wpb_wrapper\"><p><a href=\"https:\/\/alpaka-shop.com\/de\/exclusive-cape\/\">Exclusive Cape<\/a><\/p>\n<\/div><\/div><div class=\"w-image align_center\"><a title=\"Reiseschal\" href=\"https:\/\/alpaka-shop.com\/de\/reiseschal\/\" aria-label=\"ALPAKA-Travel-shawl_CAMEO-ROSE_overshoulder_studio_grey_400x5600px\" class=\"w-image-h\"><img decoding=\"async\" width=\"400\" height=\"560\" src=\"https:\/\/alpaka-shop.com\/wp-content\/uploads\/2021\/04\/ALPAKA-Travel-shawl_CAMEO-ROSE_overshoulder_studio_grey_400x5600px.jpg\" class=\"attachment-shop_single size-shop_single wvs-archive-product-image\" alt=\"\" loading=\"lazy\" srcset=\"https:\/\/alpaka-shop.com\/wp-content\/uploads\/2021\/04\/ALPAKA-Travel-shawl_CAMEO-ROSE_overshoulder_studio_grey_400x5600px.jpg 400w, https:\/\/alpaka-shop.com\/wp-content\/uploads\/2021\/04\/ALPAKA-Travel-shawl_CAMEO-ROSE_overshoulder_studio_grey_400x5600px-214x300.jpg 214w, https:\/\/alpaka-shop.com\/wp-content\/uploads\/2021\/04\/ALPAKA-Travel-shawl_CAMEO-ROSE_overshoulder_studio_grey_400x5600px-300x420.jpg 300w\" sizes=\"auto, (max-width: 400px) 100vw, 400px\" \/><\/a><\/div><div class=\"wpb_text_column\"><div class=\"wpb_wrapper\"><p><a href=\"https:\/\/alpaka-shop.com\/de\/reiseschal\/\">Reiseschal<\/a><\/p>\n<\/div><\/div><\/div><\/div><\/div><\/div><\/div><\/div><\/div><\/div><\/div><\/section>\n","protected":false},"excerpt":{"rendered":"FR\u00dcHLING-SOMMER KOLLEKTION Unsere Fr\u00fchling-Sommer-Kollektion verwandelt h\u00e4usliche Gem\u00fctlichkeit in einen Raum der Produktivit\u00e4t. Nachdem wir unsere Wertsch\u00e4tzung f\u00fcr Faulenzen und Entspannen wiederentdeckt haben, haben wir eine Kollektion kreiert, in der es darum geht, bequem und gem\u00fctlich zu sein &#8211; vom Hause bis \u00fcberall hin. Nat\u00fcrlich weiche T\u00f6ne und hochwertige Materialien sorgen daf\u00fcr, dass unsere Strickwaren nicht...","protected":false},"author":1,"featured_media":0,"parent":0,"menu_order":0,"comment_status":"closed","ping_status":"closed","template":"","meta":{"_acf_changed":false,"footnotes":""},"class_list":["post-27243","page","type-page","status-publish","hentry"],"acf":[],"aioseo_notices":[],"_links":{"self":[{"href":"https:\/\/alpaka-shop.com\/de\/wp-json\/wp\/v2\/pages\/27243","targetHints":{"allow":["GET"]}}],"collection":[{"href":"https:\/\/alpaka-shop.com\/de\/wp-json\/wp\/v2\/pages"}],"about":[{"href":"https:\/\/alpaka-shop.com\/de\/wp-json\/wp\/v2\/types\/page"}],"author":[{"embeddable":true,"href":"https:\/\/alpaka-shop.com\/de\/wp-json\/wp\/v2\/users\/1"}],"replies":[{"embeddable":true,"href":"https:\/\/alpaka-shop.com\/de\/wp-json\/wp\/v2\/comments?post=27243"}],"version-history":[{"count":0,"href":"https:\/\/alpaka-shop.com\/de\/wp-json\/wp\/v2\/pages\/27243\/revisions"}],"wp:attachment":[{"href":"https:\/\/alpaka-shop.com\/de\/wp-json\/wp\/v2\/media?parent=27243"}],"curies":[{"name":"wp","href":"https:\/\/api.w.org\/{rel}","templated":true}]}}