{"id":40979,"date":"2022-09-23T14:19:18","date_gmt":"2022-09-23T11:19:18","guid":{"rendered":"https:\/\/alpaka-shop.com\/?page_id=40979"},"modified":"2022-12-21T12:18:47","modified_gmt":"2022-12-21T10:18:47","slug":"neue-kollektion-22","status":"publish","type":"page","link":"https:\/\/alpaka-shop.com\/de\/neue-kollektion-22\/","title":{"rendered":"Neue Kollektion 2022"},"content":{"rendered":"<section class=\"l-section wpb_row height_small\"><div class=\"l-section-h i-cf\"><div class=\"g-cols vc_row via_flex valign_top type_default stacking_default\"><div class=\"vc_col-sm-2 wpb_column vc_column_container\"><div class=\"vc_column-inner\"><div class=\"wpb_wrapper\"><\/div><\/div><\/div><div class=\"vc_col-sm-8 wpb_column vc_column_container\"><div class=\"vc_column-inner\"><div class=\"wpb_wrapper\"><div class=\"wpb_text_column us_custom_532bacf5 has_text_color\"><div class=\"wpb_wrapper\"><h1 style=\"text-align: center;\">NEUE KOLLEKTION<\/h1>\n<\/div><\/div><\/div><\/div><\/div><div class=\"vc_col-sm-2 wpb_column vc_column_container\"><div class=\"vc_column-inner\"><div class=\"wpb_wrapper\"><\/div><\/div><\/div><\/div><\/div><\/section><section class=\"l-section wpb_row height_small\"><div class=\"l-section-h i-cf\"><div class=\"g-cols vc_row via_flex valign_top type_default stacking_default\"><div class=\"vc_col-sm-6 wpb_column vc_column_container\"><div class=\"vc_column-inner\"><div class=\"wpb_wrapper\"><div class=\"w-image align_none\"><div class=\"w-image-h\"><img decoding=\"async\" width=\"800\" height=\"1200\" src=\"https:\/\/alpaka-shop.com\/wp-content\/uploads\/2022\/09\/DE-TEXT.jpg\" class=\"attachment-full size-full wvs-archive-product-image\" alt=\"\" loading=\"lazy\" srcset=\"https:\/\/alpaka-shop.com\/wp-content\/uploads\/2022\/09\/DE-TEXT.jpg 800w, https:\/\/alpaka-shop.com\/wp-content\/uploads\/2022\/09\/DE-TEXT-200x300.jpg 200w, https:\/\/alpaka-shop.com\/wp-content\/uploads\/2022\/09\/DE-TEXT-683x1024.jpg 683w, https:\/\/alpaka-shop.com\/wp-content\/uploads\/2022\/09\/DE-TEXT-300x450.jpg 300w, https:\/\/alpaka-shop.com\/wp-content\/uploads\/2022\/09\/DE-TEXT-600x900.jpg 600w, https:\/\/alpaka-shop.com\/wp-content\/uploads\/2022\/09\/DE-TEXT-100x150.jpg 100w\" sizes=\"auto, (max-width: 800px) 100vw, 800px\" \/><\/div><\/div><\/div><\/div><\/div><div class=\"vc_col-sm-6 wpb_column vc_column_container\"><div class=\"vc_column-inner\"><div class=\"wpb_wrapper\"><div class=\"w-image align_none\"><div class=\"w-image-h\"><img decoding=\"async\" width=\"800\" height=\"1200\" src=\"https:\/\/alpaka-shop.com\/wp-content\/uploads\/2022\/09\/v-neck-sweater.jpg\" class=\"attachment-full size-full wvs-archive-product-image\" alt=\"\" loading=\"lazy\" srcset=\"https:\/\/alpaka-shop.com\/wp-content\/uploads\/2022\/09\/v-neck-sweater.jpg 800w, https:\/\/alpaka-shop.com\/wp-content\/uploads\/2022\/09\/v-neck-sweater-200x300.jpg 200w, https:\/\/alpaka-shop.com\/wp-content\/uploads\/2022\/09\/v-neck-sweater-683x1024.jpg 683w, https:\/\/alpaka-shop.com\/wp-content\/uploads\/2022\/09\/v-neck-sweater-300x450.jpg 300w, https:\/\/alpaka-shop.com\/wp-content\/uploads\/2022\/09\/v-neck-sweater-600x900.jpg 600w, https:\/\/alpaka-shop.com\/wp-content\/uploads\/2022\/09\/v-neck-sweater-100x150.jpg 100w\" sizes=\"auto, (max-width: 800px) 100vw, 800px\" \/><\/div><\/div><\/div><\/div><\/div><\/div><\/div><\/section><section class=\"l-section wpb_row height_small\"><div class=\"l-section-h i-cf\"><div class=\"g-cols vc_row via_flex valign_top type_default stacking_default\"><div class=\"vc_col-sm-12 wpb_column vc_column_container\"><div class=\"vc_column-inner\"><div class=\"wpb_wrapper\"><div class=\"w-btn-wrapper align_center\"><a class=\"w-btn us-btn-style_3\" href=\"https:\/\/alpaka-shop.com\/de\/neue-kollektion\/\"><span class=\"w-btn-label\">SHOP NOW<\/span><\/a><\/div><\/div><\/div><\/div><\/div><\/div><\/section><section class=\"l-section wpb_row height_small\"><div class=\"l-section-h i-cf\"><div class=\"g-cols vc_row via_flex valign_top type_default stacking_default\"><div class=\"vc_col-sm-4 wpb_column vc_column_container\"><div class=\"vc_column-inner\"><div class=\"wpb_wrapper\"><div class=\"w-image align_none\"><div class=\"w-image-h\"><img decoding=\"async\" width=\"800\" height=\"1200\" src=\"https:\/\/alpaka-shop.com\/wp-content\/uploads\/2022\/09\/trapeze-dress.jpg\" class=\"attachment-full size-full wvs-archive-product-image\" alt=\"\" loading=\"lazy\" srcset=\"https:\/\/alpaka-shop.com\/wp-content\/uploads\/2022\/09\/trapeze-dress.jpg 800w, https:\/\/alpaka-shop.com\/wp-content\/uploads\/2022\/09\/trapeze-dress-200x300.jpg 200w, https:\/\/alpaka-shop.com\/wp-content\/uploads\/2022\/09\/trapeze-dress-683x1024.jpg 683w, https:\/\/alpaka-shop.com\/wp-content\/uploads\/2022\/09\/trapeze-dress-300x450.jpg 300w, https:\/\/alpaka-shop.com\/wp-content\/uploads\/2022\/09\/trapeze-dress-600x900.jpg 600w, https:\/\/alpaka-shop.com\/wp-content\/uploads\/2022\/09\/trapeze-dress-100x150.jpg 100w\" sizes=\"auto, (max-width: 800px) 100vw, 800px\" \/><\/div><\/div><\/div><\/div><\/div><div class=\"vc_col-sm-4 wpb_column vc_column_container\"><div class=\"vc_column-inner\"><div class=\"wpb_wrapper\"><div class=\"w-image align_none\"><div class=\"w-image-h\"><img decoding=\"async\" width=\"800\" height=\"1200\" src=\"https:\/\/alpaka-shop.com\/wp-content\/uploads\/2022\/09\/mountain.jpg\" class=\"attachment-full size-full wvs-archive-product-image\" alt=\"\" loading=\"lazy\" srcset=\"https:\/\/alpaka-shop.com\/wp-content\/uploads\/2022\/09\/mountain.jpg 800w, https:\/\/alpaka-shop.com\/wp-content\/uploads\/2022\/09\/mountain-200x300.jpg 200w, https:\/\/alpaka-shop.com\/wp-content\/uploads\/2022\/09\/mountain-683x1024.jpg 683w, https:\/\/alpaka-shop.com\/wp-content\/uploads\/2022\/09\/mountain-300x450.jpg 300w, https:\/\/alpaka-shop.com\/wp-content\/uploads\/2022\/09\/mountain-600x900.jpg 600w, https:\/\/alpaka-shop.com\/wp-content\/uploads\/2022\/09\/mountain-100x150.jpg 100w\" sizes=\"auto, (max-width: 800px) 100vw, 800px\" \/><\/div><\/div><\/div><\/div><\/div><div class=\"vc_col-sm-4 wpb_column vc_column_container\"><div class=\"vc_column-inner\"><div class=\"wpb_wrapper\"><div class=\"w-image align_none\"><div class=\"w-image-h\"><img decoding=\"async\" width=\"800\" height=\"1200\" src=\"https:\/\/alpaka-shop.com\/wp-content\/uploads\/2022\/09\/wrap-cardigan.jpg\" class=\"attachment-full size-full wvs-archive-product-image\" alt=\"\" loading=\"lazy\" srcset=\"https:\/\/alpaka-shop.com\/wp-content\/uploads\/2022\/09\/wrap-cardigan.jpg 800w, https:\/\/alpaka-shop.com\/wp-content\/uploads\/2022\/09\/wrap-cardigan-200x300.jpg 200w, https:\/\/alpaka-shop.com\/wp-content\/uploads\/2022\/09\/wrap-cardigan-683x1024.jpg 683w, https:\/\/alpaka-shop.com\/wp-content\/uploads\/2022\/09\/wrap-cardigan-300x450.jpg 300w, https:\/\/alpaka-shop.com\/wp-content\/uploads\/2022\/09\/wrap-cardigan-600x900.jpg 600w, https:\/\/alpaka-shop.com\/wp-content\/uploads\/2022\/09\/wrap-cardigan-100x150.jpg 100w\" sizes=\"auto, (max-width: 800px) 100vw, 800px\" \/><\/div><\/div><\/div><\/div><\/div><\/div><\/div><\/section><section class=\"l-section wpb_row height_small\"><div class=\"l-section-h i-cf\"><div class=\"g-cols vc_row via_flex valign_top type_default stacking_default\"><div class=\"vc_col-sm-2 wpb_column vc_column_container\"><div class=\"vc_column-inner\"><div class=\"wpb_wrapper\"><\/div><\/div><\/div><div class=\"vc_col-sm-8 wpb_column vc_column_container\"><div class=\"vc_column-inner\"><div class=\"wpb_wrapper\"><div class=\"wpb_text_column\"><div class=\"wpb_wrapper\"><p style=\"text-align: center;\">Die Inspiration hinter unserer Herbst-Winter-Kollektion f\u00fchrt uns zur\u00fcck zu unseren Urspr\u00fcngen.<\/p>\n<p style=\"text-align: center;\">Da wir die Sch\u00f6pfungen der Natur schon immer faszinierend fanden, haben wir uns entschieden, Sie auf eine Reise zur\u00fcck dorthin mitzunehmen, wo unser wertvolles Material herkommt.<\/p>\n<p style=\"text-align: center;\">Mit Fokus auf die gro\u00dfartige und wundersame Naturpalette der peruanischen Berge bekennen wir uns auf moderne Weise zu unseren Wurzeln mit verspielten Texturen, sauberen Silhouetten und leichten Stoffen.<\/p>\n<p style=\"text-align: center;\">Die Kollektion ist gef\u00fcllt mit essenziellen St\u00fccken, welche Sie durch alle Jahreszeiten begleiten und die perfekt in Ihre Kapselgarderobe passen, sodass Sie unz\u00e4hlige Outfits aus wenigen Artikeln zusammenstellen k\u00f6nnen.<\/p>\n<\/div><\/div><\/div><\/div><\/div><div class=\"vc_col-sm-2 wpb_column vc_column_container\"><div class=\"vc_column-inner\"><div class=\"wpb_wrapper\"><\/div><\/div><\/div><\/div><\/div><\/section><section class=\"l-section wpb_row height_small\"><div class=\"l-section-h i-cf\"><div class=\"g-cols vc_row via_flex valign_top type_default stacking_default\"><div class=\"vc_col-sm-6 wpb_column vc_column_container\"><div class=\"vc_column-inner\"><div class=\"wpb_wrapper\"><div class=\"w-image align_none\"><div class=\"w-image-h\"><img decoding=\"async\" width=\"800\" height=\"1200\" src=\"https:\/\/alpaka-shop.com\/wp-content\/uploads\/2022\/09\/royal-robe.jpg\" class=\"attachment-full size-full wvs-archive-product-image\" alt=\"\" loading=\"lazy\" srcset=\"https:\/\/alpaka-shop.com\/wp-content\/uploads\/2022\/09\/royal-robe.jpg 800w, https:\/\/alpaka-shop.com\/wp-content\/uploads\/2022\/09\/royal-robe-200x300.jpg 200w, https:\/\/alpaka-shop.com\/wp-content\/uploads\/2022\/09\/royal-robe-683x1024.jpg 683w, https:\/\/alpaka-shop.com\/wp-content\/uploads\/2022\/09\/royal-robe-300x450.jpg 300w, https:\/\/alpaka-shop.com\/wp-content\/uploads\/2022\/09\/royal-robe-600x900.jpg 600w, https:\/\/alpaka-shop.com\/wp-content\/uploads\/2022\/09\/royal-robe-100x150.jpg 100w\" sizes=\"auto, (max-width: 800px) 100vw, 800px\" \/><\/div><\/div><\/div><\/div><\/div><div class=\"vc_col-sm-6 wpb_column vc_column_container\"><div class=\"vc_column-inner\"><div class=\"wpb_wrapper\"><div class=\"w-image align_none\"><div class=\"w-image-h\"><img decoding=\"async\" width=\"800\" height=\"1200\" src=\"https:\/\/alpaka-shop.com\/wp-content\/uploads\/2022\/09\/alpakas.jpg\" class=\"attachment-full size-full wvs-archive-product-image\" alt=\"\" loading=\"lazy\" srcset=\"https:\/\/alpaka-shop.com\/wp-content\/uploads\/2022\/09\/alpakas.jpg 800w, https:\/\/alpaka-shop.com\/wp-content\/uploads\/2022\/09\/alpakas-200x300.jpg 200w, https:\/\/alpaka-shop.com\/wp-content\/uploads\/2022\/09\/alpakas-683x1024.jpg 683w, https:\/\/alpaka-shop.com\/wp-content\/uploads\/2022\/09\/alpakas-300x450.jpg 300w, https:\/\/alpaka-shop.com\/wp-content\/uploads\/2022\/09\/alpakas-600x900.jpg 600w, https:\/\/alpaka-shop.com\/wp-content\/uploads\/2022\/09\/alpakas-100x150.jpg 100w\" sizes=\"auto, (max-width: 800px) 100vw, 800px\" \/><\/div><\/div><\/div><\/div><\/div><\/div><\/div><\/section>\n","protected":false},"excerpt":{"rendered":"NEUE KOLLEKTION SHOP NOWDie Inspiration hinter unserer Herbst-Winter-Kollektion f\u00fchrt uns zur\u00fcck zu unseren Urspr\u00fcngen. Da wir die Sch\u00f6pfungen der Natur schon immer faszinierend fanden, haben wir uns entschieden, Sie auf eine Reise zur\u00fcck dorthin mitzunehmen, wo unser wertvolles Material herkommt. Mit Fokus auf die gro\u00dfartige und wundersame Naturpalette der peruanischen Berge bekennen wir uns auf...","protected":false},"author":1,"featured_media":0,"parent":0,"menu_order":0,"comment_status":"closed","ping_status":"closed","template":"","meta":{"_acf_changed":false,"footnotes":""},"class_list":["post-40979","page","type-page","status-publish","hentry"],"acf":[],"aioseo_notices":[],"_links":{"self":[{"href":"https:\/\/alpaka-shop.com\/de\/wp-json\/wp\/v2\/pages\/40979","targetHints":{"allow":["GET"]}}],"collection":[{"href":"https:\/\/alpaka-shop.com\/de\/wp-json\/wp\/v2\/pages"}],"about":[{"href":"https:\/\/alpaka-shop.com\/de\/wp-json\/wp\/v2\/types\/page"}],"author":[{"embeddable":true,"href":"https:\/\/alpaka-shop.com\/de\/wp-json\/wp\/v2\/users\/1"}],"replies":[{"embeddable":true,"href":"https:\/\/alpaka-shop.com\/de\/wp-json\/wp\/v2\/comments?post=40979"}],"version-history":[{"count":0,"href":"https:\/\/alpaka-shop.com\/de\/wp-json\/wp\/v2\/pages\/40979\/revisions"}],"wp:attachment":[{"href":"https:\/\/alpaka-shop.com\/de\/wp-json\/wp\/v2\/media?parent=40979"}],"curies":[{"name":"wp","href":"https:\/\/api.w.org\/{rel}","templated":true}]}}