{"id":45479,"date":"2022-11-08T17:01:59","date_gmt":"2022-11-08T15:01:59","guid":{"rendered":"https:\/\/alpaka-shop.com\/?page_id=45479"},"modified":"2023-12-11T09:54:09","modified_gmt":"2023-12-11T07:54:09","slug":"geschenkideen","status":"publish","type":"page","link":"https:\/\/alpaka-shop.com\/de\/geschenkideen\/","title":{"rendered":"GESCHENKIDEEN"},"content":{"rendered":"<section class=\"l-section wpb_row height_small\"><div class=\"l-section-h i-cf\"><div class=\"g-cols vc_row via_flex valign_top type_default stacking_default\"><div class=\"vc_col-sm-12 wpb_column vc_column_container\"><div class=\"vc_column-inner\"><div class=\"wpb_wrapper\"><div class=\"w-vwrapper hero-wrapper align_none valign_top\"><div class=\"w-image us_custom_9fb4efda has_text_color us_animate_this hide_on_tablets hide_on_mobiles align_center\"><div class=\"w-image-h\"><img decoding=\"async\" width=\"1800\" height=\"1200\" src=\"https:\/\/alpaka-shop.com\/wp-content\/uploads\/2023\/12\/Untitled-design-14.jpg\" class=\"attachment-full size-full wvs-archive-product-image\" alt=\"\" loading=\"lazy\" srcset=\"https:\/\/alpaka-shop.com\/wp-content\/uploads\/2023\/12\/Untitled-design-14.jpg 1800w, https:\/\/alpaka-shop.com\/wp-content\/uploads\/2023\/12\/Untitled-design-14-300x200.jpg 300w, https:\/\/alpaka-shop.com\/wp-content\/uploads\/2023\/12\/Untitled-design-14-1024x683.jpg 1024w, https:\/\/alpaka-shop.com\/wp-content\/uploads\/2023\/12\/Untitled-design-14-600x400.jpg 600w, https:\/\/alpaka-shop.com\/wp-content\/uploads\/2023\/12\/Untitled-design-14-100x67.jpg 100w\" sizes=\"auto, (max-width: 1800px) 100vw, 1800px\" \/><\/div><\/div><div class=\"w-image us_custom_9fb4efda has_text_color us_animate_this hide_on_default hide_on_laptops align_center\"><div class=\"w-image-h\"><img decoding=\"async\" width=\"1200\" height=\"1800\" src=\"https:\/\/alpaka-shop.com\/wp-content\/uploads\/2023\/12\/Untitled-design-22.png\" class=\"attachment-full size-full wvs-archive-product-image\" alt=\"\" loading=\"lazy\" srcset=\"https:\/\/alpaka-shop.com\/wp-content\/uploads\/2023\/12\/Untitled-design-22.png 1200w, https:\/\/alpaka-shop.com\/wp-content\/uploads\/2023\/12\/Untitled-design-22-200x300.png 200w, https:\/\/alpaka-shop.com\/wp-content\/uploads\/2023\/12\/Untitled-design-22-683x1024.png 683w, https:\/\/alpaka-shop.com\/wp-content\/uploads\/2023\/12\/Untitled-design-22-600x900.png 600w, https:\/\/alpaka-shop.com\/wp-content\/uploads\/2023\/12\/Untitled-design-22-300x450.png 300w, https:\/\/alpaka-shop.com\/wp-content\/uploads\/2023\/12\/Untitled-design-22-100x150.png 100w\" sizes=\"auto, (max-width: 1200px) 100vw, 1200px\" \/><\/div><\/div><div class=\"wpb_text_column us_custom_aa70f9a5 has_text_color\"><div class=\"wpb_wrapper\"><h1 style=\"text-align: center;\">ALPAKA<br \/>\n<strong>GESCHENKIDEEN<\/strong><\/h1>\n<\/div><\/div><\/div><\/div><\/div><\/div><\/div><\/div><\/section><section class=\"l-section wpb_row height_small\"><div class=\"l-section-h i-cf\"><div class=\"g-cols vc_row via_flex valign_top type_default stacking_default\"><div class=\"vc_col-sm-6 wpb_column vc_column_container\"><div class=\"vc_column-inner\"><div class=\"wpb_wrapper\"><div class=\"w-image align_none\"><div class=\"w-image-h\"><img decoding=\"async\" width=\"800\" height=\"1200\" src=\"https:\/\/alpaka-shop.com\/wp-content\/uploads\/2022\/11\/gifts-for-her.jpg\" class=\"attachment-full size-full wvs-archive-product-image\" alt=\"\" loading=\"lazy\" srcset=\"https:\/\/alpaka-shop.com\/wp-content\/uploads\/2022\/11\/gifts-for-her.jpg 800w, https:\/\/alpaka-shop.com\/wp-content\/uploads\/2022\/11\/gifts-for-her-200x300.jpg 200w, https:\/\/alpaka-shop.com\/wp-content\/uploads\/2022\/11\/gifts-for-her-683x1024.jpg 683w, https:\/\/alpaka-shop.com\/wp-content\/uploads\/2022\/11\/gifts-for-her-300x450.jpg 300w, https:\/\/alpaka-shop.com\/wp-content\/uploads\/2022\/11\/gifts-for-her-600x900.jpg 600w, https:\/\/alpaka-shop.com\/wp-content\/uploads\/2022\/11\/gifts-for-her-100x150.jpg 100w\" sizes=\"auto, (max-width: 800px) 100vw, 800px\" \/><\/div><\/div><div class=\"w-separator size_small\"><\/div><div class=\"w-btn-wrapper align_center\"><a class=\"w-btn us-btn-style_2\" title=\"Gift Guide for Her\" href=\"https:\/\/alpaka-shop.com\/de\/geschenkideen\/geschenke-fuer-frauen\/\"><span class=\"w-btn-label\">GESCHENKE F\u00dcR FRAUEN<\/span><\/a><\/div><\/div><\/div><\/div><div class=\"vc_col-sm-6 wpb_column vc_column_container\"><div class=\"vc_column-inner\"><div class=\"wpb_wrapper\"><div class=\"w-image align_none\"><div class=\"w-image-h\"><img decoding=\"async\" width=\"800\" height=\"1200\" src=\"https:\/\/alpaka-shop.com\/wp-content\/uploads\/2022\/11\/gifts-for-him.jpg\" class=\"attachment-full size-full wvs-archive-product-image\" alt=\"\" loading=\"lazy\" srcset=\"https:\/\/alpaka-shop.com\/wp-content\/uploads\/2022\/11\/gifts-for-him.jpg 800w, https:\/\/alpaka-shop.com\/wp-content\/uploads\/2022\/11\/gifts-for-him-200x300.jpg 200w, https:\/\/alpaka-shop.com\/wp-content\/uploads\/2022\/11\/gifts-for-him-683x1024.jpg 683w, https:\/\/alpaka-shop.com\/wp-content\/uploads\/2022\/11\/gifts-for-him-300x450.jpg 300w, https:\/\/alpaka-shop.com\/wp-content\/uploads\/2022\/11\/gifts-for-him-600x900.jpg 600w, https:\/\/alpaka-shop.com\/wp-content\/uploads\/2022\/11\/gifts-for-him-100x150.jpg 100w\" sizes=\"auto, (max-width: 800px) 100vw, 800px\" \/><\/div><\/div><div class=\"w-separator size_small\"><\/div><div class=\"w-btn-wrapper align_center\"><a class=\"w-btn us-btn-style_2\" title=\"Gift Guide for Him\" href=\"https:\/\/alpaka-shop.com\/de\/geschenkideen\/geschenke-fuer-maenner\/\"><span class=\"w-btn-label\">GESCHENKE F\u00dcR M\u00c4NNER<\/span><\/a><\/div><\/div><\/div><\/div><\/div><\/div><\/section><section class=\"l-section wpb_row height_small\"><div class=\"l-section-h i-cf\"><div class=\"g-cols vc_row via_flex valign_top type_default stacking_default\"><div class=\"vc_col-sm-12 wpb_column vc_column_container\"><div class=\"vc_column-inner\"><div class=\"wpb_wrapper\"><div class=\"w-image align_none\"><div class=\"w-image-h\"><img decoding=\"async\" width=\"1200\" height=\"800\" src=\"https:\/\/alpaka-shop.com\/wp-content\/uploads\/2022\/11\/gift-guide-teddys.jpg\" class=\"attachment-full size-full wvs-archive-product-image\" alt=\"\" loading=\"lazy\" srcset=\"https:\/\/alpaka-shop.com\/wp-content\/uploads\/2022\/11\/gift-guide-teddys.jpg 1200w, https:\/\/alpaka-shop.com\/wp-content\/uploads\/2022\/11\/gift-guide-teddys-300x200.jpg 300w, https:\/\/alpaka-shop.com\/wp-content\/uploads\/2022\/11\/gift-guide-teddys-1024x683.jpg 1024w, https:\/\/alpaka-shop.com\/wp-content\/uploads\/2022\/11\/gift-guide-teddys-600x400.jpg 600w, https:\/\/alpaka-shop.com\/wp-content\/uploads\/2022\/11\/gift-guide-teddys-100x67.jpg 100w\" sizes=\"auto, (max-width: 1200px) 100vw, 1200px\" \/><\/div><\/div><div class=\"w-separator size_small\"><\/div><div class=\"w-btn-wrapper align_center\"><a class=\"w-btn us-btn-style_2\" title=\"Teddy Bears\" href=\"https:\/\/alpaka-shop.com\/de\/teddybaren\/\"><span class=\"w-btn-label\">TEDDYB\u00c4REN<\/span><\/a><\/div><\/div><\/div><\/div><\/div><\/div><\/section><section class=\"l-section wpb_row height_small\"><div class=\"l-section-h i-cf\"><div class=\"g-cols vc_row via_flex valign_top type_default stacking_default\"><div class=\"vc_col-sm-12 wpb_column vc_column_container\"><div class=\"vc_column-inner\"><div class=\"wpb_wrapper\"><div class=\"w-image align_none\"><div class=\"w-image-h\"><img decoding=\"async\" width=\"1200\" height=\"800\" src=\"https:\/\/alpaka-shop.com\/wp-content\/uploads\/2023\/02\/gift-card-photo-february-2023.jpg\" class=\"attachment-full size-full wvs-archive-product-image\" alt=\"\" loading=\"lazy\" srcset=\"https:\/\/alpaka-shop.com\/wp-content\/uploads\/2023\/02\/gift-card-photo-february-2023.jpg 1200w, https:\/\/alpaka-shop.com\/wp-content\/uploads\/2023\/02\/gift-card-photo-february-2023-300x200.jpg 300w, https:\/\/alpaka-shop.com\/wp-content\/uploads\/2023\/02\/gift-card-photo-february-2023-1024x683.jpg 1024w, https:\/\/alpaka-shop.com\/wp-content\/uploads\/2023\/02\/gift-card-photo-february-2023-600x400.jpg 600w, https:\/\/alpaka-shop.com\/wp-content\/uploads\/2023\/02\/gift-card-photo-february-2023-100x67.jpg 100w\" sizes=\"auto, (max-width: 1200px) 100vw, 1200px\" \/><\/div><\/div><div class=\"w-separator size_small\"><\/div><div class=\"w-btn-wrapper align_center\"><a class=\"w-btn us-btn-style_2\" title=\"Alpaka Geshenkkarte\" href=\"https:\/\/alpaka-shop.com\/de\/alpaka-geschenkkarte\/\"><span class=\"w-btn-label\">GESCHENKKARTE<\/span><\/a><\/div><\/div><\/div><\/div><\/div><\/div><\/section>\n","protected":false},"excerpt":{"rendered":"ALPAKA GESCHENKIDEEN GESCHENKE F\u00dcR FRAUENGESCHENKE F\u00dcR M\u00c4NNERTEDDYB\u00c4RENGESCHENKKARTE","protected":false},"author":1,"featured_media":0,"parent":0,"menu_order":0,"comment_status":"closed","ping_status":"closed","template":"","meta":{"_acf_changed":false,"footnotes":""},"class_list":["post-45479","page","type-page","status-publish","hentry"],"acf":[],"aioseo_notices":[],"_links":{"self":[{"href":"https:\/\/alpaka-shop.com\/de\/wp-json\/wp\/v2\/pages\/45479","targetHints":{"allow":["GET"]}}],"collection":[{"href":"https:\/\/alpaka-shop.com\/de\/wp-json\/wp\/v2\/pages"}],"about":[{"href":"https:\/\/alpaka-shop.com\/de\/wp-json\/wp\/v2\/types\/page"}],"author":[{"embeddable":true,"href":"https:\/\/alpaka-shop.com\/de\/wp-json\/wp\/v2\/users\/1"}],"replies":[{"embeddable":true,"href":"https:\/\/alpaka-shop.com\/de\/wp-json\/wp\/v2\/comments?post=45479"}],"version-history":[{"count":0,"href":"https:\/\/alpaka-shop.com\/de\/wp-json\/wp\/v2\/pages\/45479\/revisions"}],"wp:attachment":[{"href":"https:\/\/alpaka-shop.com\/de\/wp-json\/wp\/v2\/media?parent=45479"}],"curies":[{"name":"wp","href":"https:\/\/api.w.org\/{rel}","templated":true}]}}