{"id":4715,"date":"2019-11-25T13:57:56","date_gmt":"2019-11-25T13:57:56","guid":{"rendered":"https:\/\/uus.alpaka-shop.com\/die-geschichte-von-alpaka\/"},"modified":"2020-03-26T13:28:26","modified_gmt":"2020-03-26T13:28:26","slug":"die-geschichte-von-alpaka","status":"publish","type":"page","link":"https:\/\/alpaka-shop.com\/de\/die-geschichte-von-alpaka\/","title":{"rendered":"Die Geschichte von ALPAKA"},"content":{"rendered":"<section class=\"l-section wpb_row content-page-header height_small\"><div class=\"l-section-h i-cf\"><div class=\"g-cols vc_row via_flex valign_top type_default stacking_default\"><div class=\"vc_col-sm-12 wpb_column vc_column_container\"><div class=\"vc_column-inner\"><div class=\"wpb_wrapper\"><div class=\"wpb_text_column story-text-container\"><div class=\"wpb_wrapper\"><h1 style=\"text-align: center;\">Die Geschichte von ALPAKA<\/h1>\n<\/div><\/div><div class=\"w-image story-picture-container align_none\"><div class=\"w-image-h\"><img decoding=\"async\" width=\"1600\" height=\"888\" src=\"https:\/\/alpaka-shop.com\/wp-content\/uploads\/2020\/03\/Alpaka-story.jpg\" class=\"attachment-full size-full wvs-archive-product-image\" alt=\"\" loading=\"lazy\" srcset=\"https:\/\/alpaka-shop.com\/wp-content\/uploads\/2020\/03\/Alpaka-story.jpg 1600w, https:\/\/alpaka-shop.com\/wp-content\/uploads\/2020\/03\/Alpaka-story-300x167.jpg 300w, https:\/\/alpaka-shop.com\/wp-content\/uploads\/2020\/03\/Alpaka-story-600x333.jpg 600w, https:\/\/alpaka-shop.com\/wp-content\/uploads\/2020\/03\/Alpaka-story-1024x568.jpg 1024w, https:\/\/alpaka-shop.com\/wp-content\/uploads\/2020\/03\/Alpaka-story-1536x852.jpg 1536w\" sizes=\"auto, (max-width: 1600px) 100vw, 1600px\" \/><\/div><\/div><\/div><\/div><\/div><\/div><\/div><\/section><section class=\"l-section wpb_row height_small\"><div class=\"l-section-h i-cf\"><div class=\"g-cols vc_row via_flex valign_top type_default stacking_default\"><div class=\"vc_col-sm-12 wpb_column vc_column_container\"><div class=\"vc_column-inner\"><div class=\"wpb_wrapper\"><div class=\"wpb_text_column content-page-text-block content-text\"><div class=\"wpb_wrapper\"><h2>ALPAKA ist ein Boutique-Hersteller von Alpaka-Pelz und Wolle, der 2007 gegr\u00fcndet wurde.<\/h2>\n<p>Unser Hauptsitz befindet sich in Tallinn, Estland (EU) mit Produktionsst\u00e4tten sowohl in Peru als auch Estland. Wir verwenden die gesch\u00e4tzte Alpaka-Faser aus dem peruanischen Hochland und designen und interpretieren sie auf nordische Weise.<\/p>\n<\/div><\/div><\/div><\/div><\/div><\/div><\/div><\/section><section class=\"l-section wpb_row height_small\"><div class=\"l-section-h i-cf\"><div class=\"g-cols vc_row via_flex valign_top type_default stacking_default\"><div class=\"vc_col-sm-12 wpb_column vc_column_container\"><div class=\"vc_column-inner\"><div class=\"wpb_wrapper\"><div class=\"wpb_text_column us_custom_7b30dd5e content-page-custom-heading\"><div class=\"wpb_wrapper\"><h2 style=\"text-align: center;\">&#8222;EIN LEBEN VOLLER<br \/>\nLUXUS&#8220;<\/h2>\n<\/div><\/div><div class=\"w-image align_none\"><div class=\"w-image-h\"><img decoding=\"async\" width=\"1198\" height=\"526\" src=\"https:\/\/alpaka-shop.com\/wp-content\/uploads\/2019\/08\/scarves-and-shawls.jpg\" class=\"attachment-full size-full wvs-archive-product-image\" alt=\"\" loading=\"lazy\" srcset=\"https:\/\/alpaka-shop.com\/wp-content\/uploads\/2019\/08\/scarves-and-shawls.jpg 1198w, https:\/\/alpaka-shop.com\/wp-content\/uploads\/2019\/08\/scarves-and-shawls-300x132.jpg 300w, https:\/\/alpaka-shop.com\/wp-content\/uploads\/2019\/08\/scarves-and-shawls-600x263.jpg 600w, https:\/\/alpaka-shop.com\/wp-content\/uploads\/2019\/08\/scarves-and-shawls-1024x450.jpg 1024w\" sizes=\"auto, (max-width: 1198px) 100vw, 1198px\" \/><\/div><\/div><\/div><\/div><\/div><\/div><\/div><\/section><section class=\"l-section wpb_row height_small\"><div class=\"l-section-h i-cf\"><div class=\"g-cols vc_row via_flex valign_top type_default stacking_default\"><div class=\"vc_col-sm-12 wpb_column vc_column_container\"><div class=\"vc_column-inner\"><div class=\"wpb_wrapper\"><div class=\"wpb_text_column content-page-text-block\"><div class=\"wpb_wrapper\"><h2><span data-sheets-value=\"{&quot;1&quot;:2,&quot;2&quot;:&quot;Wir kreieren hochwertige Haus- und Modekollektionen. &quot;}\" data-sheets-userformat=\"{&quot;2&quot;:13057,&quot;3&quot;:{&quot;1&quot;:0},&quot;11&quot;:4,&quot;12&quot;:0,&quot;15&quot;:&quot;Calibri&quot;,&quot;16&quot;:12}\">Wir kreieren hochwertige Haus- und Modekollektionen. <\/span><\/h2>\n<p><span data-sheets-value=\"{&quot;1&quot;:2,&quot;2&quot;:&quot;Unsere Produktionsstrategie konzentriert sich haupts\u00e4chlich auf ma\u00dfgeschneiderte Einzelst\u00fccke. Wir verwenden althergebrachte Handwerkstechniken f\u00fcr unsere einzigartigen Pelzprodukte, um luxuri\u00f6se, reichhaltige und seelenvolle Produkte zu gew\u00e4hrleisten. Die strengen Vorschriften f\u00fcr die Beschaffung der Rohstoffe bedeuten, dass unsere Produktpalette ebenfalls aus limitierten Auflagen an Artikeln besteht.&quot;}\" data-sheets-userformat=\"{&quot;2&quot;:13057,&quot;3&quot;:{&quot;1&quot;:0},&quot;11&quot;:4,&quot;12&quot;:0,&quot;15&quot;:&quot;Calibri&quot;,&quot;16&quot;:12}\">Unsere Produktionsstrategie konzentriert sich haupts\u00e4chlich auf ma\u00dfgeschneiderte Einzelst\u00fccke. Wir verwenden althergebrachte Handwerkstechniken f\u00fcr unsere einzigartigen Pelzprodukte, um luxuri\u00f6se, reichhaltige und seelenvolle Produkte zu gew\u00e4hrleisten.<\/p>\n<p>Die strengen Vorschriften f\u00fcr die Beschaffung der Rohstoffe bedeuten, dass unsere Produktpalette ebenfalls aus limitierten Auflagen an Artikeln besteht. <\/span>Produkte kommen wirklich mit den W\u00c4RMSTEN EMOTIONEN.<\/p>\n<\/div><\/div><\/div><\/div><\/div><\/div><\/div><\/section>\n","protected":false},"excerpt":{"rendered":"Die Geschichte von ALPAKA ALPAKA ist ein Boutique-Hersteller von Alpaka-Pelz und Wolle, der 2007 gegr\u00fcndet wurde. Unser Hauptsitz befindet sich in Tallinn, Estland (EU) mit Produktionsst\u00e4tten sowohl in Peru als auch Estland. Wir verwenden die gesch\u00e4tzte Alpaka-Faser aus dem peruanischen Hochland und designen und interpretieren sie auf nordische Weise. &#8222;EIN LEBEN VOLLER LUXUS&#8220; Wir kreieren...","protected":false},"author":1,"featured_media":0,"parent":0,"menu_order":0,"comment_status":"closed","ping_status":"closed","template":"","meta":{"_acf_changed":false,"footnotes":""},"class_list":["post-4715","page","type-page","status-publish","hentry"],"acf":[],"aioseo_notices":[],"_links":{"self":[{"href":"https:\/\/alpaka-shop.com\/de\/wp-json\/wp\/v2\/pages\/4715","targetHints":{"allow":["GET"]}}],"collection":[{"href":"https:\/\/alpaka-shop.com\/de\/wp-json\/wp\/v2\/pages"}],"about":[{"href":"https:\/\/alpaka-shop.com\/de\/wp-json\/wp\/v2\/types\/page"}],"author":[{"embeddable":true,"href":"https:\/\/alpaka-shop.com\/de\/wp-json\/wp\/v2\/users\/1"}],"replies":[{"embeddable":true,"href":"https:\/\/alpaka-shop.com\/de\/wp-json\/wp\/v2\/comments?post=4715"}],"version-history":[{"count":0,"href":"https:\/\/alpaka-shop.com\/de\/wp-json\/wp\/v2\/pages\/4715\/revisions"}],"wp:attachment":[{"href":"https:\/\/alpaka-shop.com\/de\/wp-json\/wp\/v2\/media?parent=4715"}],"curies":[{"name":"wp","href":"https:\/\/api.w.org\/{rel}","templated":true}]}}