{"id":4740,"date":"2019-11-25T14:31:22","date_gmt":"2019-11-25T14:31:22","guid":{"rendered":"https:\/\/uus.alpaka-shop.com\/uber-alpakas\/"},"modified":"2020-06-10T09:48:46","modified_gmt":"2020-06-10T09:48:46","slug":"uber-alpakas","status":"publish","type":"page","link":"https:\/\/alpaka-shop.com\/de\/uber-alpakas\/","title":{"rendered":"\u00dcber Alpakas"},"content":{"rendered":"<section class=\"l-section wpb_row height_small\"><div class=\"l-section-h i-cf\"><div class=\"g-cols vc_row via_flex valign_top type_default stacking_default\"><div class=\"vc_col-sm-12 wpb_column vc_column_container\"><div class=\"vc_column-inner\"><div class=\"wpb_wrapper\"><div class=\"wpb_text_column story-text-container\"><div class=\"wpb_wrapper\"><h1 style=\"text-align: center;\">\u00dcber Alpakas<\/h1>\n<\/div><\/div><div class=\"w-image story-picture-container align_none\"><div class=\"w-image-h\"><img decoding=\"async\" width=\"1600\" height=\"888\" src=\"https:\/\/alpaka-shop.com\/wp-content\/uploads\/2020\/03\/Why-Alpaka.jpg\" class=\"attachment-full size-full wvs-archive-product-image\" alt=\"\" loading=\"lazy\" srcset=\"https:\/\/alpaka-shop.com\/wp-content\/uploads\/2020\/03\/Why-Alpaka.jpg 1600w, https:\/\/alpaka-shop.com\/wp-content\/uploads\/2020\/03\/Why-Alpaka-300x167.jpg 300w, https:\/\/alpaka-shop.com\/wp-content\/uploads\/2020\/03\/Why-Alpaka-600x333.jpg 600w, https:\/\/alpaka-shop.com\/wp-content\/uploads\/2020\/03\/Why-Alpaka-1024x568.jpg 1024w, https:\/\/alpaka-shop.com\/wp-content\/uploads\/2020\/03\/Why-Alpaka-1536x852.jpg 1536w\" sizes=\"auto, (max-width: 1600px) 100vw, 1600px\" \/><\/div><\/div><\/div><\/div><\/div><\/div><\/div><\/section><section class=\"l-section wpb_row height_small\"><div class=\"l-section-h i-cf\"><div class=\"g-cols vc_row via_flex valign_top type_default stacking_default\"><div class=\"vc_col-sm-12 wpb_column vc_column_container\"><div class=\"vc_column-inner\"><div class=\"wpb_wrapper\"><div class=\"wpb_text_column content-page-text-block\"><div class=\"wpb_wrapper\"><h2>\u00dcber Alpakas<\/h2>\n<p>Alpakas sind s\u00fcdamerikanische Kamelide, die im peruanischen Hochland beheimatet sind. Vor Tausenden von Jahren domestiziert, wurde die seltene und luxuri\u00f6se Alpaka-Faser bereits von der Inka-Kultur gesch\u00e4tzt. Das raue Klima und die Temperaturschwankungen von bis zu 40 \u00b0C, die die Tiere auf 3500\u20135000 m H\u00f6he aushalten m\u00fcssen, machen das Alpakafell zu einer der begehrtesten Naturfasern der Welt.<\/p>\n<\/div><\/div><\/div><\/div><\/div><\/div><\/div><\/section><section class=\"l-section wpb_row height_small\"><div class=\"l-section-h i-cf\"><div class=\"g-cols vc_row via_flex valign_top type_default stacking_default\"><div class=\"vc_col-sm-12 wpb_column vc_column_container\"><div class=\"vc_column-inner\"><div class=\"wpb_wrapper\"><div class=\"wpb_text_column us_custom_f61e63ba content-page-custom-heading\"><div class=\"wpb_wrapper\"><h2 style=\"text-align: center;\">WAS MACHT<br \/>\nALPACA-FASER SUPERB<\/h2>\n<\/div><\/div><div class=\"g-cols wpb_row content-page-img-grid via_flex valign_middle type_default stacking_default\"><div class=\"vc_col-sm-6 wpb_column vc_column_container\"><div class=\"vc_column-inner\"><div class=\"wpb_wrapper\"><div class=\"w-image align_none\"><div class=\"w-image-h\"><img decoding=\"async\" width=\"584\" height=\"436\" src=\"https:\/\/alpaka-shop.com\/wp-content\/uploads\/2019\/07\/alpaka-wool.jpg\" class=\"attachment-full size-full wvs-archive-product-image\" alt=\"\" loading=\"lazy\" srcset=\"https:\/\/alpaka-shop.com\/wp-content\/uploads\/2019\/07\/alpaka-wool.jpg 584w, https:\/\/alpaka-shop.com\/wp-content\/uploads\/2019\/07\/alpaka-wool-300x224.jpg 300w\" sizes=\"auto, (max-width: 584px) 100vw, 584px\" \/><\/div><\/div><\/div><\/div><\/div><div class=\"vc_col-sm-6 wpb_column vc_column_container\"><div class=\"vc_column-inner\"><div class=\"wpb_wrapper\"><div class=\"wpb_text_column alpaka-custom-list-style\"><div class=\"wpb_wrapper\"><h2>Eine extrem glatte Oberfl\u00e4che mit strahlendem Glanz verleiht der Alpaka-Faser unvergleichliche physische und emotionale Eigenschaften<\/h2>\n<ul>\n<li>sieben Mal w\u00e4rmer als Schafwolle<\/li>\n<li>stark und langlebig<\/li>\n<li>sehr atmungsaktiv und leicht<\/li>\n<li>nat\u00fcrlicher schimmernder Glanz<\/li>\n<\/ul>\n<\/div><\/div><\/div><\/div><\/div><\/div><div class=\"w-separator size_custom\" style=\"height:60px\"><\/div><div class=\"g-cols wpb_row us_custom_386b9a27 content-page-img-grid via_flex valign_middle type_default reversed stacking_default\"><div class=\"vc_col-sm-6 wpb_column vc_column_container\"><div class=\"vc_column-inner\"><div class=\"wpb_wrapper\"><div class=\"wpb_text_column alpaka-custom-list-style\"><div class=\"wpb_wrapper\"><h2>Extrem weich und seidig wie Kaschmir<\/h2>\n<ul>\n<li>feuerresistent<\/li>\n<li>fusselt nicht leicht<\/li>\n<li>kein Kribbelfaktor<\/li>\n<li>Nat\u00fcrlich hypoallergen: lanolinfrei<\/li>\n<li>wasser- und schmutzabweisend<\/li>\n<li>geringe Auswirkung auf die Umwelt<\/li>\n<li>pflegeleicht<\/li>\n<\/ul>\n<\/div><\/div><\/div><\/div><\/div><div class=\"vc_col-sm-6 wpb_column vc_column_container\"><div class=\"vc_column-inner\"><div class=\"wpb_wrapper\"><div class=\"w-image align_none\"><div class=\"w-image-h\"><img decoding=\"async\" width=\"585\" height=\"436\" src=\"https:\/\/alpaka-shop.com\/wp-content\/uploads\/2019\/07\/soft-alpaka-wool.jpg\" class=\"attachment-full size-full wvs-archive-product-image\" alt=\"\" loading=\"lazy\" srcset=\"https:\/\/alpaka-shop.com\/wp-content\/uploads\/2019\/07\/soft-alpaka-wool.jpg 585w, https:\/\/alpaka-shop.com\/wp-content\/uploads\/2019\/07\/soft-alpaka-wool-300x224.jpg 300w\" sizes=\"auto, (max-width: 585px) 100vw, 585px\" \/><\/div><\/div><\/div><\/div><\/div><\/div><\/div><\/div><\/div><\/div><\/div><\/section>\n","protected":false},"excerpt":{"rendered":"\u00dcber Alpakas \u00dcber Alpakas Alpakas sind s\u00fcdamerikanische Kamelide, die im peruanischen Hochland beheimatet sind. Vor Tausenden von Jahren domestiziert, wurde die seltene und luxuri\u00f6se Alpaka-Faser bereits von der Inka-Kultur gesch\u00e4tzt. Das raue Klima und die Temperaturschwankungen von bis zu 40 \u00b0C, die die Tiere auf 3500\u20135000 m H\u00f6he aushalten m\u00fcssen, machen das Alpakafell zu einer...","protected":false},"author":1,"featured_media":0,"parent":0,"menu_order":0,"comment_status":"closed","ping_status":"closed","template":"","meta":{"_acf_changed":false,"footnotes":""},"class_list":["post-4740","page","type-page","status-publish","hentry"],"acf":[],"aioseo_notices":[],"_links":{"self":[{"href":"https:\/\/alpaka-shop.com\/de\/wp-json\/wp\/v2\/pages\/4740","targetHints":{"allow":["GET"]}}],"collection":[{"href":"https:\/\/alpaka-shop.com\/de\/wp-json\/wp\/v2\/pages"}],"about":[{"href":"https:\/\/alpaka-shop.com\/de\/wp-json\/wp\/v2\/types\/page"}],"author":[{"embeddable":true,"href":"https:\/\/alpaka-shop.com\/de\/wp-json\/wp\/v2\/users\/1"}],"replies":[{"embeddable":true,"href":"https:\/\/alpaka-shop.com\/de\/wp-json\/wp\/v2\/comments?post=4740"}],"version-history":[{"count":0,"href":"https:\/\/alpaka-shop.com\/de\/wp-json\/wp\/v2\/pages\/4740\/revisions"}],"wp:attachment":[{"href":"https:\/\/alpaka-shop.com\/de\/wp-json\/wp\/v2\/media?parent=4740"}],"curies":[{"name":"wp","href":"https:\/\/api.w.org\/{rel}","templated":true}]}}