{"id":4762,"date":"2019-11-25T15:12:31","date_gmt":"2019-11-25T15:12:31","guid":{"rendered":"https:\/\/uus.alpaka-shop.com\/terms\/"},"modified":"2023-04-18T15:35:37","modified_gmt":"2023-04-18T12:35:37","slug":"terms","status":"publish","type":"page","link":"https:\/\/alpaka-shop.com\/de\/terms\/","title":{"rendered":"Betriebsbedingungen"},"content":{"rendered":"<section class=\"l-section wpb_row content-page-header height_small\"><div class=\"l-section-h i-cf\"><div class=\"g-cols vc_row via_flex valign_top type_default stacking_default\"><div class=\"vc_col-sm-12 wpb_column vc_column_container\"><div class=\"vc_column-inner\"><div class=\"wpb_wrapper\"><div class=\"wpb_text_column\"><div class=\"wpb_wrapper\"><h1 style=\"text-align: center;\">Betriebsbedingungen<\/h1>\n<\/div><\/div><\/div><\/div><\/div><\/div><\/div><\/section><section class=\"l-section wpb_row height_small\"><div class=\"l-section-h i-cf\"><div class=\"g-cols vc_row via_flex valign_top type_default stacking_default\"><div class=\"vc_col-sm-12 wpb_column vc_column_container\"><div class=\"vc_column-inner\"><div class=\"wpb_wrapper\"><div class=\"wpb_text_column content-page-text-block\"><div class=\"wpb_wrapper\"><h3>1. ALLGEMEINE GESCH\u00c4FTSBEDINGUNGEN<\/h3>\n<p>Vielen Dank f\u00fcr Ihren Besuch auf alpaka-shop.com. Die Nutzung dieser Webseite und die Bestellung von Produkten \u00fcber diese Webseite unterliegen den folgenden Bestimmungen und anderen geltenden Gesetzen. Wenn Sie diesen Nutzungsbedingungen nicht zustimmen, verwenden Sie unsere Webseite bitte nicht. Wir behalten uns das Recht vor, diese Bedingungen von Zeit zu Zeit nach eigenem Ermessen und ohne vorherige Ank\u00fcndigung zu \u00e4ndern. Alle Angelegenheiten im Zusammenhang mit dieser Webseite unterliegen den Gesetzen der Republik Estland.<\/p>\n<h3>2. FIRMENINFORMATION<\/h3>\n<p>Diese Webseite geh\u00f6rt der Fa. Decoreter O\u00dc und wird von dieser betrieben. Die Postanschrift lautet Tatari 64, 10134 Tallinn, Estland, Europ\u00e4ische Union. Unsere Firma ist in Estland unter der Registrierungsnummer 11447750 eingetragen. Unsere registrierte Umsatzsteuer-Identifikationsnummer lautet EE101245450. Wir besitzen die Rechte an allen Inhalten (einschlie\u00dflich, aber nicht beschr\u00e4nkt auf den Namen und die Domain der Webseite, Logos und Marken, Fotos) auf dieser Webseite.<\/p>\n<h3>3. LIZENZ UND NUTZUNG DER WEBSEITE<\/h3>\n<p>Sie sollten davon ausgehen, dass alle Inhalte unserer Webseite urheberrechtlich gesch\u00fctzt sind, sofern nicht anders angegeben. Es steht Ihnen frei, den Inhalt unserer Website nur f\u00fcr Ihre eigenen pers\u00f6nlichen, nichtkommerziellen Zwecke zu verwenden, sofern Sie ihn nicht \u00e4ndern und alle Urheberrechte und sonstigen in dem Inhalt enthaltenen urheberrechtlichen Hinweise behalten. Der Inhalt unserer Website, ganz oder teilweise, darf ohne unsere ausdr\u00fcckliche schriftliche Zustimmung nicht zu kommerziellen Zwecken verkauft, reproduziert, verbreitet oder anderweitig genutzt werden.<\/p>\n<h3>4. EINE BESTELLUNG AUFGEBEN<\/h3>\n<p>Legen Sie die gew\u00fcnschten Produkte in Ihren Warenkorb, um sie zu kaufen. Nach dem Auschecken werden die Gesamtkosten auf dem Bildschirm angezeigt. Die Lieferung ist f\u00fcr alle Bestimmungsorte kostenlos. Ihr Einkauf kann per Paypal und Kreditkarte bezahlt werden. Der Vertrag kommt zustande, wenn der zu zahlende Betrag auf das Bankkonto des Online-Shops \u00fcberwiesen wird. K\u00f6nnen wir die bestellte Ware nicht liefern, weil der Lagerbestand ersch\u00f6pft ist oder aus einem anderen Grund, wird der K\u00e4ufer schnellstm\u00f6glich informiert und das bezahlte Geld wird unverz\u00fcglich, sp\u00e4testens jedoch innerhalb von 14 Tagen nach Erhalt der Mitteilung zur\u00fcckerstattet.<\/p>\n<h3>5. ANGEBOT UND ABSCHLUSS<\/h3>\n<p>Der Kaufvertrag kommt zustande, sobald wir Ihre Bestellung angenommen und den Versand der Ware best\u00e4tigt haben. Um auf der Website einkaufen zu k\u00f6nnen, m\u00fcssen Sie vollj\u00e4hrig sein (18 Jahre).<\/p>\n<h3>6. PREISE UND ZAHLUNGSBEDINGUNGEN<\/h3>\n<p>Alle Preise sind in Euro angegeben und enthalten Standardverpackungskosten, Umsatzsteuer und sonstige Preisbestandteile. \u00c4nderungen in unserer Preisliste behalten wir uns einseitig vor. Sollte unser Produkt aufgrund eines fotografischen oder typografischen Fehlers zu einem falschen Preis angeboten werden, sind wir berechtigt, Bestellungen f\u00fcr Produkte, die zu einem falschen Preis angeboten werden, abzulehnen oder zu stornieren.<\/p>\n<p>Wir unterst\u00fctzen die folgenden Zahlungsmethoden: Paypal, Kreditkarte. Wenn Sie per \u00dcberweisung bezahlen m\u00f6chten, kontaktieren Sie uns bitte f\u00fcr weitere Informationen.<\/p>\n<h3>7. LIEFERUNG<\/h3>\n<p>Wir liefern unsere Produkte weltweit. Die Lieferung ist f\u00fcr alle Bestimmungsorte kostenlos. Die Standardlieferung erfolgt per Luftpost. In der Regel werden Artikel an die vom Kunden angegebene Adresse geliefert. In einigen L\u00e4ndern ist dies jedoch nicht m\u00f6glich und die Artikel werden an die n\u00e4chstgelegene Postfiliale geliefert. In diesem Fall werden wir Sie im Voraus kontaktieren.<\/p>\n<p>Die Lieferzeiten sind f\u00fcr verschiedene Produkte unterschiedlich. Die Standardzeit f\u00fcr Bestellabschluss betr\u00e4gt bei Lagerartikeln 2\u20135 Tage nach EU-L\u00e4ndern und 3\u201310 Tage nach anderen L\u00e4ndern. Die Standardzeit f\u00fcr Bestellabschluss f\u00fcr Produkte, die auf Bestellung angefertigt werden, betr\u00e4gt bis zu 12 Wochen nach der EU und bis zu 14 Wochen nach allen anderen Bestimmungsorten.<\/p>\n<p>Wenn ein Artikel, an dem Sie interessiert sind, vor\u00fcbergehend nicht lieferbar ist, wenden Sie sich an uns. Wir benachrichtigen Sie per E-Mail \u00fcber die Verz\u00f6gerung und teilen Ihnen den voraussichtlichen Versandtermin mit. Unsere Website zeigt die Verf\u00fcgbarkeit und Lieferzeiten der Produkte an. Diese Informationen haben jedoch nur einen indikativen und nicht verbindlichen Wert. Wir \u00fcbernehmen keine Verantwortung und leisten keine Entsch\u00e4digung f\u00fcr Verz\u00f6gerungen beim Versand.<\/p>\n<p>Bitte beachten Sie, dass f\u00fcr Lieferungen au\u00dferhalb der Europ\u00e4ischen Union m\u00f6glicherweise Zoll- und Einfuhrsteuern anfallen. Der Kunde tr\u00e4gt die alleinige Verantwortung f\u00fcr solche Abgaben und Betr\u00e4ge. Die H\u00f6he der Geb\u00fchr ist l\u00e4nderspezifisch. Bitte wenden Sie sich an die Zollstelle im Bestimmungsland, um weitere Informationen zu den geltenden Z\u00f6llen oder Steuern zu erhalten.<\/p>\n<h3>8. RETOUREN<\/h3>\n<p>Sie k\u00f6nnen alle Artikel, die Sie auf alpaka-shop.com gekauft haben, innerhalb von 14 Tagen nach Erhalt Ihrer Bestellung zur\u00fccksenden.\u00a0 Bitte informieren Sie unser Unternehmen im Voraus unter sales@alpaka.ee \u00fcber die R\u00fccksendung.<\/p>\n<p>Bitte nutzen Sie das DHL R\u00fccksendeetikett, das Ihrer Bestellung beiliegt.<\/p>\n<p>Die R\u00fccksendekosten betragen 9,95 \u20ac pro Bestellung.<\/p>\n<p>Wir \u00fcbernehmen keine Verantwortung f\u00fcr die R\u00fccksendekosten, es sei denn, die R\u00fccksendung ist eine Folge von Qualit\u00e4tsproblemen oder Lieferfehlern auf unserer Seite. Bitte beachten Sie, dass alle unsere Artikel aufgrund der Beschaffenheit der Faser Unikate sind und sich in ihrem Erscheinungsbild geringf\u00fcgig unterscheiden k\u00f6nnen. Obwohl wir alle Anstrengungen unternehmen, um sicherzustellen, dass die Farben den tats\u00e4chlichen Farben so nahe wie m\u00f6glich sind, kann es aufgrund der Farbeinstellungen Ihres Bildschirms zu geringf\u00fcgigen Abweichungen kommen.<\/p>\n<p>Alle an uns zur\u00fcckgesandten Artikel m\u00fcssen unbenutzt und in der Originalverpackung sein. Um sicherzustellen, dass Sie den\/die Artikel zur\u00fccksenden k\u00f6nnen, bitte \u00f6ffnen Sie die Verpackung sorgf\u00e4ltig, um den Inhalt nicht zu besch\u00e4digen. Entfernen Sie keine Anh\u00e4ngsel oder Etiketten und bewahren Sie die Originalverpackung auf, bis Sie sich entschieden haben, den\/die Artikel zu behalten. Sonderanfertigungen werden nicht zur\u00fcckgenommen.<\/p>\n<p>Sobald Sie uns mitgeteilt haben, dass Sie das Produkt zur\u00fccksenden m\u00f6chten, erstatten wir es Ihnen so schnell wie m\u00f6glich oder innerhalb von 30 Tagen nach Ihrem Widerruf. Die R\u00fcckverg\u00fctung wird jedoch erst dann ausgezahlt, wenn wir den\/die Artikel wieder in unserem Lager haben oder Unterlagen erhalten haben, die beweisen, dass der\/die Artikel versandt wurden. Die zur\u00fcckgegebenen Waren liegen in Ihrer Verantwortung, bis sie unser Lager erreichen also bitte bewahren Sie alle relevanten Unterlagen auf.<\/p>\n<h3>9. DATENSCHUTZ-BESTIMMUNGEN<\/h3>\n<p>Wir respektieren die Privatsph\u00e4re unserer Kunden. Personenbezogene Daten werden nur erhoben, wenn Sie diese im Rahmen Ihres Einkaufs \u00fcbermitteln oder sich f\u00fcr unseren Newsletter anmelden. Wir sammeln verschiedene Arten von Informationen, einschlie\u00dflich Ihres Namens, Ihrer Lieferadresse, Ihrer Telefonnummer, Ihrer E-Mail-Adresse und Ihres Standorts. Wir verwenden die von Ihnen zur Verf\u00fcgung gestellten Informationen ohne Ihre ausdr\u00fcckliche Erlaubnis ausschlie\u00dflich zum Zwecke der Auftragsabwicklung und der Kommunikation. Wir geben Ihre personenbezogenen Daten ausschlie\u00dflich zur Abwicklung der Bestellung an Dritte weiter. Bei der Registrierung f\u00fcr den Newsletter wird Ihre E-Mail-Adresse f\u00fcr Werbezwecke verwendet: Bekanntmachungen, neue Waren und andere Neuigkeiten. Wenn Sie Ihre Einwilligung zur Erhebung, Verwendung oder Weitergabe Ihrer Daten widerrufen m\u00f6chten, kontaktieren Sie uns einfach jederzeit unter info@alpaka.ee.<\/p>\n<p>Bitte beachten Sie, dass wir Tracking-Systeme und Cookies verwenden, um Statistiken zu sammeln und zu verstehen, wie Kunden unsere Webseite nutzen. Die Tracking-Systeme sammeln Informationen wie IP-Adresse, Browsertyp, verweisenden Link; und Transaktionsinformationen, z.B. Produktdetails, R\u00fcckgabe- und Kaufinformationen. Dies hilft uns, die Pr\u00e4sentation unserer Website zu verbessern und Ihnen ein besseres Kundenerlebnis zu bieten. Wenn Sie weiterhin auf unserer Website surfen, stimmen Sie der Verwendung von Cookies zu.<\/p>\n<\/div><\/div><\/div><\/div><\/div><\/div><\/div><\/section>\n","protected":false},"excerpt":{"rendered":"Betriebsbedingungen 1. ALLGEMEINE GESCH\u00c4FTSBEDINGUNGEN Vielen Dank f\u00fcr Ihren Besuch auf alpaka-shop.com. Die Nutzung dieser Webseite und die Bestellung von Produkten \u00fcber diese Webseite unterliegen den folgenden Bestimmungen und anderen geltenden Gesetzen. Wenn Sie diesen Nutzungsbedingungen nicht zustimmen, verwenden Sie unsere Webseite bitte nicht. Wir behalten uns das Recht vor, diese Bedingungen von Zeit zu Zeit...","protected":false},"author":1,"featured_media":0,"parent":0,"menu_order":0,"comment_status":"closed","ping_status":"closed","template":"","meta":{"_acf_changed":false,"footnotes":""},"class_list":["post-4762","page","type-page","status-publish","hentry"],"acf":[],"aioseo_notices":[],"_links":{"self":[{"href":"https:\/\/alpaka-shop.com\/de\/wp-json\/wp\/v2\/pages\/4762","targetHints":{"allow":["GET"]}}],"collection":[{"href":"https:\/\/alpaka-shop.com\/de\/wp-json\/wp\/v2\/pages"}],"about":[{"href":"https:\/\/alpaka-shop.com\/de\/wp-json\/wp\/v2\/types\/page"}],"author":[{"embeddable":true,"href":"https:\/\/alpaka-shop.com\/de\/wp-json\/wp\/v2\/users\/1"}],"replies":[{"embeddable":true,"href":"https:\/\/alpaka-shop.com\/de\/wp-json\/wp\/v2\/comments?post=4762"}],"version-history":[{"count":0,"href":"https:\/\/alpaka-shop.com\/de\/wp-json\/wp\/v2\/pages\/4762\/revisions"}],"wp:attachment":[{"href":"https:\/\/alpaka-shop.com\/de\/wp-json\/wp\/v2\/media?parent=4762"}],"curies":[{"name":"wp","href":"https:\/\/api.w.org\/{rel}","templated":true}]}}