{"id":4768,"date":"2019-11-25T15:19:00","date_gmt":"2019-11-25T15:19:00","guid":{"rendered":"https:\/\/uus.alpaka-shop.com\/lieferung\/"},"modified":"2023-04-18T15:29:57","modified_gmt":"2023-04-18T12:29:57","slug":"lieferung","status":"publish","type":"page","link":"https:\/\/alpaka-shop.com\/de\/lieferung\/","title":{"rendered":"Lieferung"},"content":{"rendered":"<section class=\"l-section wpb_row content-page-header height_small\"><div class=\"l-section-h i-cf\"><div class=\"g-cols vc_row via_flex valign_top type_default stacking_default\"><div class=\"vc_col-sm-12 wpb_column vc_column_container\"><div class=\"vc_column-inner\"><div class=\"wpb_wrapper\"><div class=\"wpb_text_column\"><div class=\"wpb_wrapper\"><h1 style=\"text-align: center;\">Lieferung<\/h1>\n<\/div><\/div><\/div><\/div><\/div><\/div><\/div><\/section><section class=\"l-section wpb_row height_small\"><div class=\"l-section-h i-cf\"><div class=\"g-cols vc_row via_flex valign_top type_default stacking_default\"><div class=\"vc_col-sm-12 wpb_column vc_column_container\"><div class=\"vc_column-inner\"><div class=\"wpb_wrapper\"><div class=\"wpb_text_column content-page-text-block\"><div class=\"wpb_wrapper\"><h3>Wir liefern unsere Produkte weltweit. Die Lieferung ist f\u00fcr alle Bestimmungsorte kostenlos.<\/h3>\n<p>Die Standardlieferung erfolgt per Luftpost. In der Regel werden Artikel an die vom Kunden angegebene Adresse geliefert. In einigen L\u00e4ndern ist dies jedoch nicht m\u00f6glich und die Artikel werden an die n\u00e4chstgelegene Postfiliale geliefert. In diesem Fall werden wir Sie im Voraus kontaktieren.<\/p>\n<h3>Lieferzeiten<\/h3>\n<p>Die Lieferzeiten sind f\u00fcr verschiedene Produkte unterschiedlich. Die Standardzeit f\u00fcr Bestellabschluss betr\u00e4gt bei Lagerartikeln ca. 2\u20135 Tage nach der EU, au\u00dferhalb Europas bis zu 3\u201310 Tage, abh\u00e4ngig vom Bestimmungsort. Die Standardzeit f\u00fcr Bestellabschluss f\u00fcr Produkte, die auf Bestellung angefertigt werden, betr\u00e4gt bis zu 12 Wochen nach der EU und bis zu 14 Wochen nach allen anderen Bestimmungsorten. Bitte kontaktieren Sie uns, um eine detaillierte Lieferzeit zu erfahren.<\/p>\n<p>Wenn der Artikel, an dem Sie interessiert sind, vor\u00fcbergehend nicht lieferbar ist, werden wir Sie per E-Mail \u00fcber die Verz\u00f6gerung benachrichtigen und Sie \u00fcber den voraussichtlichen Versandtermin informieren. Unsere Website zeigt die Verf\u00fcgbarkeit und Lieferzeiten der Produkte an. Diese Informationen haben jedoch nur einen indikativen und nicht verbindlichen Wert. Wir \u00fcbernehmen keine Verantwortung und leisten keine Entsch\u00e4digung f\u00fcr Verz\u00f6gerungen beim Versand.<\/p>\n<h3>Lieferung au\u00dferhalb der EU<\/h3>\n<p>Bitte beachten Sie, dass f\u00fcr Lieferungen au\u00dferhalb der Europ\u00e4ischen Union m\u00f6glicherweise Zoll- und Einfuhrsteuern anfallen. Der Kunde tr\u00e4gt die alleinige Verantwortung f\u00fcr solche Abgaben und Betr\u00e4ge. Die H\u00f6he der Geb\u00fchr ist l\u00e4nderspezifisch. Bitte wenden Sie sich an die Zollstelle im Bestimmungsland, um weitere Informationen zu den geltenden Z\u00f6llen oder Steuern zu erhalten.<\/p>\n<h3><span style=\"font-weight: 400;\">R\u00fccksendungen<\/span><span style=\"font-weight: 400;\">\u00a0<\/span><\/h3>\n<p><span style=\"font-weight: 400;\">Sie k\u00f6nnen alle Artikel, die Sie auf alpaka-shop.com gekauft haben, innerhalb von 14 Tagen nach Erhalt Ihrer Bestellung zur\u00fccksenden.\u00a0 Bitte informieren Sie unser Unternehmen im Voraus unter sales@alpaka.ee \u00fcber die R\u00fccksendung.<\/span><\/p>\n<p><span style=\"font-weight: 400;\">Bitte nutzen Sie das DHL R\u00fccksendeetikett, das Ihrer Bestellung beiliegt.<\/span><\/p>\n<p><span style=\"font-weight: 400;\">Die R\u00fccksendekosten betragen 9,95 \u20ac pro Bestellung.<\/span><\/p>\n<p><span style=\"font-weight: 400;\">Wir \u00fcbernehmen keine Verantwortung f\u00fcr die R\u00fccksendekosten, es sei denn, die R\u00fccksendung ist eine Folge von Qualit\u00e4tsproblemen oder Lieferfehlern auf unserer Seite. Bitte beachten Sie, dass alle unsere Artikel aufgrund der Beschaffenheit der Faser Unikate sind und sich in ihrem Erscheinungsbild geringf\u00fcgig unterscheiden k\u00f6nnen. Obwohl wir alle Anstrengungen unternehmen, um sicherzustellen, dass die Farben den tats\u00e4chlichen Farben so nahe wie m\u00f6glich sind, kann es aufgrund der Farbeinstellungen Ihres Bildschirms zu geringf\u00fcgigen Abweichungen kommen.<\/span><\/p>\n<p><span style=\"font-weight: 400;\">Bitte beachten Sie, dass sich die Ware bei der R\u00fcckgabe in dem gleichen Zustand wie bei der Lieferung befindet und dass Etikett sowie Siegel noch befestigt sein m\u00fcssen. Leider k\u00f6nnen wir versp\u00e4tete R\u00fccksendungen oder Produkte, die sich nicht im Originalzustand befinden, nicht akzeptieren. Wir akzeptieren keinen Umtausch und\/oder R\u00fcckgabe von Sonderanfertigungen.<\/span><\/p>\n<h4 class=\"h4\"><span style=\"color: #d2b48c;\"><a style=\"color: #d2b48c;\" href=\"https:\/\/www.dhl.de\/de\/privatkunden\/pakete-versenden\/retoure.html\">Retoure verschicken mit DHL\u00a0<\/a><\/span><\/h4>\n<\/div><\/div><\/div><\/div><\/div><\/div><\/div><\/section>\n","protected":false},"excerpt":{"rendered":"Lieferung Wir liefern unsere Produkte weltweit. Die Lieferung ist f\u00fcr alle Bestimmungsorte kostenlos. Die Standardlieferung erfolgt per Luftpost. In der Regel werden Artikel an die vom Kunden angegebene Adresse geliefert. In einigen L\u00e4ndern ist dies jedoch nicht m\u00f6glich und die Artikel werden an die n\u00e4chstgelegene Postfiliale geliefert. In diesem Fall werden wir Sie im Voraus...","protected":false},"author":1,"featured_media":0,"parent":0,"menu_order":0,"comment_status":"closed","ping_status":"closed","template":"","meta":{"_acf_changed":false,"footnotes":""},"class_list":["post-4768","page","type-page","status-publish","hentry"],"acf":[],"aioseo_notices":[],"_links":{"self":[{"href":"https:\/\/alpaka-shop.com\/de\/wp-json\/wp\/v2\/pages\/4768","targetHints":{"allow":["GET"]}}],"collection":[{"href":"https:\/\/alpaka-shop.com\/de\/wp-json\/wp\/v2\/pages"}],"about":[{"href":"https:\/\/alpaka-shop.com\/de\/wp-json\/wp\/v2\/types\/page"}],"author":[{"embeddable":true,"href":"https:\/\/alpaka-shop.com\/de\/wp-json\/wp\/v2\/users\/1"}],"replies":[{"embeddable":true,"href":"https:\/\/alpaka-shop.com\/de\/wp-json\/wp\/v2\/comments?post=4768"}],"version-history":[{"count":0,"href":"https:\/\/alpaka-shop.com\/de\/wp-json\/wp\/v2\/pages\/4768\/revisions"}],"wp:attachment":[{"href":"https:\/\/alpaka-shop.com\/de\/wp-json\/wp\/v2\/media?parent=4768"}],"curies":[{"name":"wp","href":"https:\/\/api.w.org\/{rel}","templated":true}]}}