{"id":4780,"date":"2019-11-25T15:35:00","date_gmt":"2019-11-25T15:35:00","guid":{"rendered":"https:\/\/uus.alpaka-shop.com\/product-care\/"},"modified":"2020-03-25T15:40:03","modified_gmt":"2020-03-25T15:40:03","slug":"abschnitt-produktpflege","status":"publish","type":"page","link":"https:\/\/alpaka-shop.com\/de\/abschnitt-produktpflege\/","title":{"rendered":"Abschnitt Produktpflege"},"content":{"rendered":"<section class=\"l-section wpb_row care-wool-bg height_small with_img\"><div class=\"l-section-img\" role=\"img\" aria-label=\"Bild\" data-img-width=\"1280\" data-img-height=\"903\" style=\"background-image: url(https:\/\/alpaka-shop.com\/wp-content\/uploads\/2019\/10\/care1.png);background-position: top right;background-repeat: no-repeat;background-size: auto;\"><\/div><div class=\"l-section-h i-cf\"><div class=\"g-cols vc_row via_flex valign_top type_default stacking_default\"><div class=\"vc_col-sm-12 wpb_column vc_column_container\"><div class=\"vc_column-inner\"><div class=\"wpb_wrapper\"><div class=\"g-cols wpb_row via_flex valign_top type_default stacking_default\"><div class=\"vc_col-sm-3\/5 vc_col-lg-6 vc_col-md-6 vc_col-xs-4\/5 wpb_column vc_column_container\"><div class=\"vc_column-inner\"><div class=\"wpb_wrapper\"><div class=\"wpb_text_column\"><div class=\"wpb_wrapper\"><h1>PFLEGEHINWEISE F\u00dcR DIE WOLLKOLLEKTION<\/h1>\n<p>Alle Artikel unserer ALPAKA-Wollkollektion bestehen aus nat\u00fcrlichen Materialien. Wir empfehlen daher eine chemische Reinigung, da Maschinenw\u00e4sche das Produkt besch\u00e4digen kann.<\/p>\n<\/div><\/div><\/div><\/div><\/div><\/div><div class=\"w-separator size_medium\"><\/div><div class=\"g-cols wpb_row us_custom_18807001 product-care-container via_flex valign_top type_default stacking_default\"><div class=\"vc_col-sm-4 wpb_column vc_column_container\"><div class=\"vc_column-inner\"><div class=\"wpb_wrapper\"><div class=\"wpb_text_column\"><div class=\"wpb_wrapper\"><h2>Chemische Reinigung<\/h2>\n<p>Bitte wenden Sie sich an einen professionellen Reinigungsdienst, der Erfahrung mit Alpaka-Wolle hat. Informieren Sie Ihren Reiniger \u00fcber Spritzer oder Flecken. Bitten Sie den Reiniger, ein frisches L\u00f6sungsmittel bei niedriger Temperatur und einen Prozess zu verwenden, der kein Trocknen umfasst. Einige Wollen k\u00f6nnen anfangen zu fusseln (Auftreten von winzigen B\u00e4llen oder Flusen auf der Oberfl\u00e4che des Stoffes). Chemische Reinigung kann das Fusseln verst\u00e4rken, aber Ihr Reiniger sollte dies als Teil des Endbearbeitungsprozesses entfernen.<\/p>\n<\/div><\/div><\/div><\/div><\/div><div class=\"vc_col-sm-4 wpb_column vc_column_container\"><div class=\"vc_column-inner\"><div class=\"wpb_wrapper\"><div class=\"wpb_text_column\"><div class=\"wpb_wrapper\"><h2>Handw\u00e4sche<\/h2>\n<p>Wenn Sie das Produkt von Hand waschen m\u00f6chten, verwenden Sie bitte lauwarmes (30 \u00b0C) Wasser und ein sehr leichtes Waschmittel oder Wollshampoo. Verwenden Sie niemals Chlorbleiche. Wenn Sie mehrere Artikel reinigen m\u00fcssen, empfehlen wir, \u00e4hnliche Farben zusammen zu reinigen, um eine Farb\u00fcbertragung nach dem Reinigungsvorgang zu vermeiden. Sp\u00fclen Sie den Artikel so oft wie n\u00f6tig aus, um Waschmittel oder Shampoo abzuwaschen. Entfernen Sie \u00fcbersch\u00fcssiges Wasser, indem Sie vorsichtig auf den feuchten Artikel dr\u00fccken, ohne ihn zu falten oder zu verdrehen.<\/p>\n<p>Trocknen Sie das Produkt flach oder in horizontaler Position und im Schatten, ohne es zu dehnen. Nicht im Trockner trocknen. Der getrocknete Artikel kann bei Bedarf bei niedriger Temperatur geb\u00fcgelt werden. Vergewissern Sie sich vor dem Lagern, dass der Artikel vollst\u00e4ndig trocken ist. Wir empfehlen jedoch bei Bedarf eine regelm\u00e4\u00dfige (j\u00e4hrliche) chemische Reinigung.<\/p>\n<\/div><\/div><\/div><\/div><\/div><div class=\"vc_col-sm-4 wpb_column vc_column_container\"><div class=\"vc_column-inner\"><div class=\"wpb_wrapper\"><div class=\"wpb_text_column\"><div class=\"wpb_wrapper\"><h2>B\u00fcgeln<\/h2>\n<p>Verwenden Sie die WOLLE-Einstellung am B\u00fcgeleisen und f\u00fcgen Sie Wasser hinzu. Verwenden Sie beim Pressen immer Dampfw\u00e4rme. Vermeiden Sie extremen Druck und extreme Temperaturen.<\/p>\n<h2>Flecken<\/h2>\n<p>Zur Entfernung von hartn\u00e4ckigen Flecken wird chemische Reinigung empfohlen. Maschinenw\u00e4sche kann das Produkt besch\u00e4digen.<\/p>\n<\/div><\/div><\/div><\/div><\/div><\/div><\/div><\/div><\/div><\/div><\/div><\/section><section class=\"l-section wpb_row care-wool-bg height_small with_img\"><div class=\"l-section-img\" role=\"img\" aria-label=\"Bild\" data-img-width=\"1280\" data-img-height=\"932\" style=\"background-image: url(https:\/\/alpaka-shop.com\/wp-content\/uploads\/2019\/10\/care2.png);background-position: top right;background-repeat: no-repeat;background-size: auto;\"><\/div><div class=\"l-section-h i-cf\"><div class=\"g-cols vc_row via_flex valign_top type_default stacking_default\"><div class=\"vc_col-sm-12 wpb_column vc_column_container\"><div class=\"vc_column-inner\"><div class=\"wpb_wrapper\"><div class=\"g-cols wpb_row via_flex valign_top type_default stacking_default\"><div class=\"vc_col-sm-3\/5 vc_col-lg-6 vc_col-md-6 vc_col-xs-4\/5 wpb_column vc_column_container\"><div class=\"vc_column-inner\"><div class=\"wpb_wrapper\"><div class=\"wpb_text_column\"><div class=\"wpb_wrapper\"><h1>PFLEGEHINWEISE F\u00dcR DIE FELLKOLLEKTION<\/h1>\n<p>Alle unsere exklusiven ALPAKA-Artikel, einschlie\u00dflich Teppiche, \u00dcberw\u00fcrfe und Kissen, bestehen aus nat\u00fcrlichem Alpaka-Fell. Jeder Artikel hat eine einzigartige Optik, sowohl in Bezug auf Farbvariationen als auch auf die physischen Eigenschaften des Alpaka-Fells.<\/p>\n<p>Jeder Alpakafell\u2013Artikel ist anders, weil die feine Alpaka-Faser von einzigartiger und exklusiver Qualit\u00e4t ist und das Licht auf einzigartige und sch\u00f6ne Weise reflektiert. Teppiche, \u00dcberw\u00fcrfe und Kissen aus Alpaka-Fell werfen zun\u00e4chst als nat\u00fcrlicher Prozess etwas Wolle ab. Sie k\u00f6nnen Ihren Alpakafell-Artikel von au\u00dfen aufsch\u00fctteln, um die losen Haare zu entfernen.<\/p>\n<\/div><\/div><\/div><\/div><\/div><\/div><div class=\"w-separator size_medium\"><\/div><div class=\"g-cols wpb_row us_custom_18807001 product-care-container via_flex valign_top type_default stacking_default\"><div class=\"vc_col-sm-4 wpb_column vc_column_container\"><div class=\"vc_column-inner\"><div class=\"wpb_wrapper\"><div class=\"wpb_text_column\"><div class=\"wpb_wrapper\"><h2>Wartung<\/h2>\n<p>Unsere Teppiche, \u00dcberw\u00fcrfe und Kissen aus nat\u00fcrlichem Alpakafell sollten nicht an feuchten Orten aufbewahrt werden. Wasser und Feuchtigkeit sind f\u00fcr nat\u00fcrliche Materialien immer sch\u00e4dlich. Staubsaugen Sie Ihren Alpaka-Teppich oder -\u00dcberwurf regelm\u00e4\u00dfig mit einem glatten Mundst\u00fcck. Verwenden Sie niemals Industrie- oder Nasssauger. B\u00fcrsten Sie Ihren Alpakafell-Artikel regelm\u00e4\u00dfig, da dies hilft, sein Aussehen \u00fcber einen l\u00e4ngeren Zeitraum zu erhalten. Es wird empfohlen, Partikel, die mit dem Staubsauger nicht erreicht werden k\u00f6nnen, j\u00e4hrlich von einem professionellen Reinigungsdienst entfernen zu lassen. F\u00fcr weitere Informationen wenden Sie sich bitte an ALPAKA!<\/p>\n<\/div><\/div><\/div><\/div><\/div><div class=\"vc_col-sm-4 wpb_column vc_column_container\"><div class=\"vc_column-inner\"><div class=\"wpb_wrapper\"><div class=\"wpb_text_column\"><div class=\"wpb_wrapper\"><h2>Nasse Flecken<\/h2>\n<p>Behandeln Sie nasse Flecken so schnell wie m\u00f6glich, ohne sie trocknen zu lassen. Entfernen Sie mit einem Schwamm aus dem Alpaka-Fell so viel Fl\u00fcssigkeit wie m\u00f6glich und tupfen Sie es dann mit einem wei\u00dfen Tuch oder einem wei\u00dfen St\u00fcck K\u00fcchen- oder Toilettenpapier ab. Wiederholen Sie den Vorgang, bis der Flecken verschwindet. Arbeiten Sie immer vom Rand zur Mitte des Fleckens, damit er sich nicht ausbreitet. Tupfen Sie das Alpaka-Fell immer ab, reiben oder schrubben Sie es nie. Trocknen Sie das Alpaka-Fell nach dem Entfernen der Flecken vorsichtig mit einem F\u00f6n oder bringen Sie es nach drau\u00dfen (nur bei trockenem Wetter).<\/p>\n<\/div><\/div><\/div><\/div><\/div><div class=\"vc_col-sm-4 wpb_column vc_column_container\"><div class=\"vc_column-inner\"><div class=\"wpb_wrapper\"><div class=\"wpb_text_column\"><div class=\"wpb_wrapper\"><h2>Flecken<\/h2>\n<p>Sammeln Sie Partikel aus dem Alpaka-Fell mit Ihren Fingern auf. Verwenden Sie keine scharfen Gegenst\u00e4nde, die das Alpaka-Fell besch\u00e4digen k\u00f6nnten. Wenn sich Schmutz mit einem Staubsauger entfernen l\u00e4sst, befeuchten Sie den Flecken nicht. Wenn der gesamte Schmutz nicht mit einem Staubsauger vom Alpaka-Fell entfernt werden kann, tupfen Sie den Flecken mit einem feuchten Schwamm ab und behandeln Sie den Flecken wie im folgenden Abschnitt beschrieben \u2013 nasse Flecken.<\/p>\n<h2>Farben<\/h2>\n<p>Bitte lassen Sie einen gef\u00e4rbten Teppich oder \u00dcberwurf oder Kissen aus Alpaka-Fell nicht l\u00e4ngere Zeit unter direkter Sonneneinstrahlung liegen, weil dies das Erscheinungsbild der Farbt\u00f6ne und -variationen beeintr\u00e4chtigen kann.<\/p>\n<\/div><\/div><\/div><\/div><\/div><\/div><\/div><\/div><\/div><\/div><\/div><\/section>\n","protected":false},"excerpt":{"rendered":"PFLEGEHINWEISE F\u00dcR DIE WOLLKOLLEKTION Alle Artikel unserer ALPAKA-Wollkollektion bestehen aus nat\u00fcrlichen Materialien. Wir empfehlen daher eine chemische Reinigung, da Maschinenw\u00e4sche das Produkt besch\u00e4digen kann. Chemische Reinigung Bitte wenden Sie sich an einen professionellen Reinigungsdienst, der Erfahrung mit Alpaka-Wolle hat. Informieren Sie Ihren Reiniger \u00fcber Spritzer oder Flecken. Bitten Sie den Reiniger, ein frisches L\u00f6sungsmittel bei...","protected":false},"author":1,"featured_media":0,"parent":0,"menu_order":0,"comment_status":"closed","ping_status":"closed","template":"","meta":{"_acf_changed":false,"footnotes":""},"class_list":["post-4780","page","type-page","status-publish","hentry"],"acf":[],"aioseo_notices":[],"_links":{"self":[{"href":"https:\/\/alpaka-shop.com\/de\/wp-json\/wp\/v2\/pages\/4780","targetHints":{"allow":["GET"]}}],"collection":[{"href":"https:\/\/alpaka-shop.com\/de\/wp-json\/wp\/v2\/pages"}],"about":[{"href":"https:\/\/alpaka-shop.com\/de\/wp-json\/wp\/v2\/types\/page"}],"author":[{"embeddable":true,"href":"https:\/\/alpaka-shop.com\/de\/wp-json\/wp\/v2\/users\/1"}],"replies":[{"embeddable":true,"href":"https:\/\/alpaka-shop.com\/de\/wp-json\/wp\/v2\/comments?post=4780"}],"version-history":[{"count":0,"href":"https:\/\/alpaka-shop.com\/de\/wp-json\/wp\/v2\/pages\/4780\/revisions"}],"wp:attachment":[{"href":"https:\/\/alpaka-shop.com\/de\/wp-json\/wp\/v2\/media?parent=4780"}],"curies":[{"name":"wp","href":"https:\/\/api.w.org\/{rel}","templated":true}]}}