{"id":4792,"date":"2019-11-25T15:51:33","date_gmt":"2019-11-25T15:51:33","guid":{"rendered":"https:\/\/uus.alpaka-shop.com\/geschaftslosungen\/"},"modified":"2020-04-14T15:21:06","modified_gmt":"2020-04-14T15:21:06","slug":"geschaftslosungen","status":"publish","type":"page","link":"https:\/\/alpaka-shop.com\/de\/geschaftslosungen\/","title":{"rendered":"Gesch\u00e4ftsl\u00f6sungen"},"content":{"rendered":"<section class=\"l-section wpb_row content-page-header height_small\"><div class=\"l-section-h i-cf\"><div class=\"g-cols vc_row via_flex valign_top type_default stacking_default\"><div class=\"vc_col-sm-12 wpb_column vc_column_container\"><div class=\"vc_column-inner\"><div class=\"wpb_wrapper\"><div class=\"wpb_text_column us_custom_b2452879\"><div class=\"wpb_wrapper\"><h1 style=\"text-align: center;\">Gesch\u00e4ftsl\u00f6sungen<\/h1>\n<\/div><\/div><\/div><\/div><\/div><\/div><\/div><\/section><section class=\"l-section wpb_row us_custom_fab4abd9 height_small\"><div class=\"l-section-h i-cf\"><div class=\"g-cols vc_row via_flex valign_top type_default stacking_default\"><div class=\"vc_col-sm-12 wpb_column vc_column_container\"><div class=\"vc_column-inner\"><div class=\"wpb_wrapper\"><div class=\"g-cols wpb_row business-content-block via_flex valign_top type_default stacking_default\"><div class=\"vc_col-sm-6 wpb_column vc_column_container\"><div class=\"vc_column-inner\"><div class=\"wpb_wrapper\"><div class=\"wpb_text_column\"><div class=\"wpb_wrapper\"><p>ALPAKA bietet auch eine breite Produktpalette f\u00fcr Firmenkunden, Designer, Dekorateure, Innenarchitekten, Bauunternehmer und andere textilorientierte Fachkr\u00e4fte an. Wir verf\u00fcgen \u00fcber jahrelange Erfahrungen in der Bereitstellung von ma\u00dfgeschneidertem Luxus f\u00fcr Hotels, Yachten, Flugzeuge und Privatvillen.<\/p>\n<\/div><\/div><\/div><\/div><\/div><div class=\"vc_col-sm-6 wpb_column vc_column_container\"><div class=\"vc_column-inner\"><div class=\"wpb_wrapper\"><div class=\"wpb_text_column\"><div class=\"wpb_wrapper\"><p>Wir bieten ma\u00dfgeschneiderte L\u00f6sungen f\u00fcr Produkte wie \u00dcberw\u00fcrfe, Bettdecken, Decken, Kissenbez\u00fcge, Kissen, Teppiche, \u00dcberw\u00fcrfe mit Fellbesatz, Schals und Umschlagt\u00fccher aus Alpakawolle und -fell. Wir liefern kundenspezifische Designs und Sondergr\u00f6\u00dfen, um ein exquisites Ergebnis zu erzielen.<\/p>\n<\/div><\/div><\/div><\/div><\/div><\/div><div class=\"w-btn-wrapper align_center\"><a class=\"w-btn us-btn-style_1 us_custom_9b67850c\" title=\"Contacts &amp; support\" href=\"https:\/\/alpaka-shop.com\/de\/kontakt-und-kundenbetreuung\/\"><span class=\"w-btn-label\">FRAGEN SIE NACH EINEM ANGEBOT<\/span><\/a><\/div><\/div><\/div><\/div><\/div><\/div><\/section><section class=\"l-section wpb_row business-heading height_small\"><div class=\"l-section-h i-cf\"><div class=\"g-cols vc_row via_flex valign_top type_default stacking_default\"><div class=\"vc_col-sm-12 wpb_column vc_column_container\"><div class=\"vc_column-inner\"><div class=\"wpb_wrapper\"><div class=\"wpb_text_column\"><div class=\"wpb_wrapper\"><h2 style=\"text-align: center;\">Wir verf\u00fcgen \u00fcber jahrelange Erfahrungen in der Bereitstellung von ma\u00dfgeschneidertem Luxus f\u00fcr Hotels, Yachten, Flugzeuge und Privatvillen<\/h2>\n<\/div><\/div><\/div><\/div><\/div><\/div><\/div><\/section><section class=\"l-section wpb_row height_small\"><div class=\"l-section-h i-cf\"><div class=\"g-cols vc_row via_flex valign_top type_default stacking_default\"><div class=\"vc_col-sm-12 wpb_column vc_column_container\"><div class=\"vc_column-inner\"><div class=\"wpb_wrapper\"><div class=\"w-image align_none\"><div class=\"w-image-h\"><img decoding=\"async\" width=\"1400\" height=\"700\" src=\"https:\/\/alpaka-shop.com\/wp-content\/uploads\/2019\/08\/alpaka-business-solutions.jpg\" class=\"attachment-full size-full wvs-archive-product-image\" alt=\"\" loading=\"lazy\" srcset=\"https:\/\/alpaka-shop.com\/wp-content\/uploads\/2019\/08\/alpaka-business-solutions.jpg 1400w, https:\/\/alpaka-shop.com\/wp-content\/uploads\/2019\/08\/alpaka-business-solutions-300x150.jpg 300w, https:\/\/alpaka-shop.com\/wp-content\/uploads\/2019\/08\/alpaka-business-solutions-600x300.jpg 600w, https:\/\/alpaka-shop.com\/wp-content\/uploads\/2019\/08\/alpaka-business-solutions-1024x512.jpg 1024w\" sizes=\"auto, (max-width: 1400px) 100vw, 1400px\" \/><\/div><\/div><\/div><\/div><\/div><\/div><\/div><\/section><section class=\"l-section wpb_row business-solutions height_small\"><div class=\"l-section-h i-cf\"><div class=\"g-cols vc_row via_flex valign_top type_default stacking_default\"><div class=\"vc_col-sm-12 wpb_column vc_column_container\"><div class=\"vc_column-inner\"><div class=\"wpb_wrapper\"><div class=\"g-cols wpb_row via_flex valign_top type_default stacking_default\"><div class=\"vc_col-sm-4 wpb_column vc_column_container\"><div class=\"vc_column-inner\"><div class=\"wpb_wrapper\"><div class=\"wpb_text_column\"><div class=\"wpb_wrapper\"><h3>HOTEL CONSERVATORIUM AMSTERDAM<\/h3>\n<p>Ma\u00dfgeschneiderte Baby-Alpaka-Bettdecken f\u00fcr 60 Zimmer<\/p>\n<\/div><\/div><\/div><\/div><\/div><div class=\"vc_col-sm-4 wpb_column vc_column_container\"><div class=\"vc_column-inner\"><div class=\"wpb_wrapper\"><div class=\"wpb_text_column\"><div class=\"wpb_wrapper\"><h3>FLUGZEUG EINER PRIVATPERSON IM NAHEN OSTEN<\/h3>\n<p>300 Ma\u00dfgeschneiderte Baby-Alpaka-Bettdecken<\/p>\n<\/div><\/div><\/div><\/div><\/div><div class=\"vc_col-sm-4 wpb_column vc_column_container\"><div class=\"vc_column-inner\"><div class=\"wpb_wrapper\"><div class=\"wpb_text_column\"><div class=\"wpb_wrapper\"><h3>BOUTIQUE-HOTELS IN S\u00dcDFRANKREICH<\/h3>\n<p>Manoir de Surville, Maison du Passage.<\/p>\n<\/div><\/div><\/div><\/div><\/div><\/div><div class=\"w-separator size_custom\" style=\"height:2.8rem\"><\/div><div class=\"g-cols wpb_row via_flex valign_top type_default stacking_default\"><div class=\"vc_col-sm-4 wpb_column vc_column_container\"><div class=\"vc_column-inner\"><div class=\"wpb_wrapper\"><div class=\"wpb_text_column\"><div class=\"wpb_wrapper\"><h3>HOTEL TELEGRAAF TALLINN<\/h3>\n<p>Ma\u00dfgeschneiderte Baby-Alpaka-Bettdecken f\u00fcr 60 Zimmer<\/p>\n<\/div><\/div><\/div><\/div><\/div><div class=\"vc_col-sm-4 wpb_column vc_column_container\"><div class=\"vc_column-inner\"><div class=\"wpb_wrapper\"><\/div><\/div><\/div><div class=\"vc_col-sm-4 wpb_column vc_column_container\"><div class=\"vc_column-inner\"><div class=\"wpb_wrapper\"><\/div><\/div><\/div><\/div><\/div><\/div><\/div><\/div><\/div><\/section>\n","protected":false},"excerpt":{"rendered":"Gesch\u00e4ftsl\u00f6sungen ALPAKA bietet auch eine breite Produktpalette f\u00fcr Firmenkunden, Designer, Dekorateure, Innenarchitekten, Bauunternehmer und andere textilorientierte Fachkr\u00e4fte an. Wir verf\u00fcgen \u00fcber jahrelange Erfahrungen in der Bereitstellung von ma\u00dfgeschneidertem Luxus f\u00fcr Hotels, Yachten, Flugzeuge und Privatvillen. Wir bieten ma\u00dfgeschneiderte L\u00f6sungen f\u00fcr Produkte wie \u00dcberw\u00fcrfe, Bettdecken, Decken, Kissenbez\u00fcge, Kissen, Teppiche, \u00dcberw\u00fcrfe mit Fellbesatz, Schals und Umschlagt\u00fccher aus...","protected":false},"author":1,"featured_media":0,"parent":0,"menu_order":0,"comment_status":"closed","ping_status":"closed","template":"","meta":{"_acf_changed":false,"footnotes":""},"class_list":["post-4792","page","type-page","status-publish","hentry"],"acf":[],"aioseo_notices":[],"_links":{"self":[{"href":"https:\/\/alpaka-shop.com\/de\/wp-json\/wp\/v2\/pages\/4792","targetHints":{"allow":["GET"]}}],"collection":[{"href":"https:\/\/alpaka-shop.com\/de\/wp-json\/wp\/v2\/pages"}],"about":[{"href":"https:\/\/alpaka-shop.com\/de\/wp-json\/wp\/v2\/types\/page"}],"author":[{"embeddable":true,"href":"https:\/\/alpaka-shop.com\/de\/wp-json\/wp\/v2\/users\/1"}],"replies":[{"embeddable":true,"href":"https:\/\/alpaka-shop.com\/de\/wp-json\/wp\/v2\/comments?post=4792"}],"version-history":[{"count":0,"href":"https:\/\/alpaka-shop.com\/de\/wp-json\/wp\/v2\/pages\/4792\/revisions"}],"wp:attachment":[{"href":"https:\/\/alpaka-shop.com\/de\/wp-json\/wp\/v2\/media?parent=4792"}],"curies":[{"name":"wp","href":"https:\/\/api.w.org\/{rel}","templated":true}]}}