{"id":49430,"date":"2023-03-31T13:13:25","date_gmt":"2023-03-31T10:13:25","guid":{"rendered":"https:\/\/alpaka-shop.com\/herzlich-willkommen-bei-alpaka\/"},"modified":"2023-03-31T13:13:25","modified_gmt":"2023-03-31T10:13:25","slug":"herzlich-willkommen-bei-alpaka","status":"publish","type":"page","link":"https:\/\/alpaka-shop.com\/de\/herzlich-willkommen-bei-alpaka\/","title":{"rendered":"Herzlich willkommen bei Alpaka"},"content":{"rendered":"<section class=\"l-section wpb_row height_small\"><div class=\"l-section-h i-cf\"><div class=\"g-cols vc_row via_flex valign_top type_default stacking_default\"><div class=\"vc_col-sm-4 wpb_column vc_column_container\"><div class=\"vc_column-inner\"><div class=\"wpb_wrapper\"><\/div><\/div><\/div><div class=\"vc_col-sm-4 wpb_column vc_column_container\"><div class=\"vc_column-inner\"><div class=\"wpb_wrapper\"><div class=\"w-image align_center\"><div class=\"w-image-h\"><img decoding=\"async\" width=\"100\" height=\"100\" src=\"https:\/\/alpaka-shop.com\/wp-content\/uploads\/2020\/04\/alpaka-logo.svg\" class=\"attachment-us_100_100_crop size-us_100_100_crop wvs-archive-product-image\" alt=\"alpaka-logo\" loading=\"lazy\" \/><\/div><\/div><\/div><\/div><\/div><div class=\"vc_col-sm-4 wpb_column vc_column_container\"><div class=\"vc_column-inner\"><div class=\"wpb_wrapper\"><\/div><\/div><\/div><\/div><\/div><\/section><section class=\"l-section wpb_row height_small\"><div class=\"l-section-h i-cf\"><div class=\"g-cols vc_row via_flex valign_top type_default stacking_default\"><div class=\"vc_col-sm-12 wpb_column vc_column_container\"><div class=\"vc_column-inner\"><div class=\"wpb_wrapper\"><div class=\"wpb_text_column story-text-container\"><div class=\"wpb_wrapper\"><h1 style=\"text-align: center;\">Herzlich willkommen bei Alpaka<\/h1>\n<\/div><\/div><div class=\"w-separator size_small\"><\/div><div class=\"wpb_text_column us_custom_d80dff68 content-page-text-block\"><div class=\"wpb_wrapper\"><p>ALPAKA ist eine estnische Lifestyle-Marke, die aus der Wolle des peruanischen Alpakas gefertigte Luxuskleidung und textile Accessoires f\u00fcr Innenr\u00e4ume herstellt.<\/p>\n<p>Mit ALPAKA-Produkten kannst du feinsten Luxus genie\u00dfen, in der Gewissheit, dass dein Genuss aus ethischen, nachhaltigen Quellen stammt und du mit gutem Gewissen in den \u00fcppigen Freuden des Pelzes schwelgen kannst.<\/p>\n<\/div><\/div><\/div><\/div><\/div><\/div><\/div><\/section><section class=\"l-section wpb_row us_custom_514ec2ff small-container men-women-row height_small\"><div class=\"l-section-h i-cf\"><div class=\"g-cols vc_row via_flex valign_top type_default stacking_default\"><div class=\"vc_col-sm-12 wpb_column vc_column_container\"><div class=\"vc_column-inner\"><div class=\"wpb_wrapper\"><div class=\"g-cols wpb_row us_custom_386b9a27 content-page-img-grid via_flex valign_middle type_default reversed stacking_default\"><div class=\"vc_col-sm-6 wpb_column vc_column_container\"><div class=\"vc_column-inner\"><div class=\"wpb_wrapper\"><div class=\"w-image align_none\"><div class=\"w-image-h\"><img decoding=\"async\" width=\"584\" height=\"436\" src=\"https:\/\/alpaka-shop.com\/wp-content\/uploads\/2019\/07\/alpaka-wool.jpg\" class=\"attachment-full size-full wvs-archive-product-image\" alt=\"\" loading=\"lazy\" srcset=\"https:\/\/alpaka-shop.com\/wp-content\/uploads\/2019\/07\/alpaka-wool.jpg 584w, https:\/\/alpaka-shop.com\/wp-content\/uploads\/2019\/07\/alpaka-wool-300x224.jpg 300w\" sizes=\"auto, (max-width: 584px) 100vw, 584px\" \/><\/div><\/div><\/div><\/div><\/div><div class=\"vc_col-sm-6 wpb_column vc_column_container\"><div class=\"vc_column-inner\"><div class=\"wpb_wrapper\"><div class=\"wpb_text_column alpaka-custom-list-style\"><div class=\"wpb_wrapper\"><h2>Vorteile einer ALPAKA-Familienmitgliedschaft:<\/h2>\n<ul>\n<li>Einen Rabatt von 10% auf deine erste Bestellung,<\/li>\n<li>Einladungen zu unseren privaten Veranstaltungen in Ihrer N\u00e4he,<\/li>\n<li>Erhalt von Rabattcodes, die nur f\u00fcr Mitglieder reserviert sind,<\/li>\n<li>und vieles mehr.<\/li>\n<\/ul>\n<\/div><\/div><\/div><\/div><\/div><\/div><\/div><\/div><\/div><\/div><\/div><\/section><section class=\"l-section wpb_row us_custom_4fb9e5a3 height_small\"><div class=\"l-section-h i-cf\"><div class=\"g-cols vc_row via_flex valign_top type_default stacking_default\"><div class=\"vc_col-sm-12 wpb_column vc_column_container\"><div class=\"vc_column-inner\"><div class=\"wpb_wrapper\"><div class=\"wpb_text_column us_custom_5df99c52 story-text-container has_text_color\"><div class=\"wpb_wrapper\"><h2 align=\"center\">10% Rabatt &#8211; Ihr erster Einkauf<\/h2>\n<\/div><\/div><div class=\"w-separator size_small\"><\/div><div class=\"wpb_text_column us_custom_5df99c52 story-text-container has_text_color\"><div class=\"wpb_wrapper\"><h2 align=\"center\">Den Code e24fgt an der Kasse verwenden<\/h2>\n<\/div><\/div><div class=\"w-separator size_small\"><\/div><div class=\"w-btn-wrapper align_center\"><a class=\"w-btn us-btn-style_2\" href=\"https:\/\/alpaka-shop.com\/de\/\"><span class=\"w-btn-label\">Shop Now<\/span><\/a><\/div><div class=\"w-separator size_small\"><\/div><div class=\"wpb_text_column us_custom_a7141a77 story-text-container has_text_color\"><div class=\"wpb_wrapper\"><p><i>Der Gutscheincode ist nicht in Verbindung mit anderen Rabattcodes g\u00fcltig und gilt nicht f\u00fcr Artikel, die bereits im Angebot sind.<\/i><\/p>\n<\/div><\/div><\/div><\/div><\/div><\/div><\/div><\/section><section class=\"l-section wpb_row us_custom_63189a54 small-container men-women-row height_small\"><div class=\"l-section-h i-cf\"><div class=\"g-cols vc_row via_flex valign_top type_default stacking_default\"><div class=\"vc_col-sm-4 wpb_column vc_column_container\"><div class=\"vc_column-inner\"><div class=\"wpb_wrapper\"><div class=\"w-image align_center\"><div class=\"w-image-h\"><img decoding=\"async\" width=\"600\" height=\"900\" src=\"https:\/\/alpaka-shop.com\/wp-content\/uploads\/2023\/02\/ALPAKA-spring-2023-women.jpg\" class=\"attachment-full size-full wvs-archive-product-image\" alt=\"\" loading=\"lazy\" srcset=\"https:\/\/alpaka-shop.com\/wp-content\/uploads\/2023\/02\/ALPAKA-spring-2023-women.jpg 600w, https:\/\/alpaka-shop.com\/wp-content\/uploads\/2023\/02\/ALPAKA-spring-2023-women-200x300.jpg 200w, https:\/\/alpaka-shop.com\/wp-content\/uploads\/2023\/02\/ALPAKA-spring-2023-women-300x450.jpg 300w, https:\/\/alpaka-shop.com\/wp-content\/uploads\/2023\/02\/ALPAKA-spring-2023-women-100x150.jpg 100w\" sizes=\"auto, (max-width: 600px) 100vw, 600px\" \/><\/div><\/div><div class=\"w-separator size_custom\" style=\"height:15px\"><\/div>[vc_custom_heading text=&#8220;Sei auf deine eigene Weise sch\u00f6n&#8220; font_container=&#8220;tag:p|text_align:center&#8220; use_theme_fonts=&#8220;yes&#8220; css=&#8220;%7B%22default%22%3A%7B%22font-size%22%3A%2218px%22%7D%7D&#8220;]<div class=\"w-btn-wrapper align_center\"><a class=\"w-btn us-btn-style_2\" title=\"Damen Shopen\" target=\"_blank\" rel=\"nofollow\" href=\"https:\/\/alpaka-shop.com\/de\/damen\/\"><span class=\"w-btn-label\">Damen Shopen<\/span><\/a><\/div><\/div><\/div><\/div><div class=\"vc_col-sm-4 wpb_column vc_column_container\"><div class=\"vc_column-inner\"><div class=\"wpb_wrapper\"><div class=\"w-image align_center\"><div class=\"w-image-h\"><img decoding=\"async\" width=\"600\" height=\"900\" src=\"https:\/\/alpaka-shop.com\/wp-content\/uploads\/2023\/02\/ALPAKA-spring-2023-kids.jpg\" class=\"attachment-full size-full wvs-archive-product-image\" alt=\"\" loading=\"lazy\" srcset=\"https:\/\/alpaka-shop.com\/wp-content\/uploads\/2023\/02\/ALPAKA-spring-2023-kids.jpg 600w, https:\/\/alpaka-shop.com\/wp-content\/uploads\/2023\/02\/ALPAKA-spring-2023-kids-200x300.jpg 200w, https:\/\/alpaka-shop.com\/wp-content\/uploads\/2023\/02\/ALPAKA-spring-2023-kids-300x450.jpg 300w, https:\/\/alpaka-shop.com\/wp-content\/uploads\/2023\/02\/ALPAKA-spring-2023-kids-100x150.jpg 100w\" sizes=\"auto, (max-width: 600px) 100vw, 600px\" \/><\/div><\/div><div class=\"w-separator size_custom\" style=\"height:15px\"><\/div>[vc_custom_heading text=&#8220;F\u00fcr die Kleinsten&#8220; font_container=&#8220;tag:p|text_align:center&#8220; use_theme_fonts=&#8220;yes&#8220; css=&#8220;%7B%22default%22%3A%7B%22font-size%22%3A%2218px%22%7D%7D&#8220;]<div class=\"w-btn-wrapper align_center\"><a class=\"w-btn us-btn-style_2\" title=\"Herren Shopen\" target=\"_blank\" rel=\"nofollow\" href=\"https:\/\/alpaka-shop.com\/de\/kinder-kollektion\/\"><span class=\"w-btn-label\">Kinder Shopen<\/span><\/a><\/div><\/div><\/div><\/div><div class=\"vc_col-sm-4 wpb_column vc_column_container\"><div class=\"vc_column-inner\"><div class=\"wpb_wrapper\"><div class=\"w-image align_center\"><div class=\"w-image-h\"><img decoding=\"async\" width=\"600\" height=\"900\" src=\"https:\/\/alpaka-shop.com\/wp-content\/uploads\/2023\/02\/ALPAKA-spring-2023-men.jpg\" class=\"attachment-full size-full wvs-archive-product-image\" alt=\"\" loading=\"lazy\" srcset=\"https:\/\/alpaka-shop.com\/wp-content\/uploads\/2023\/02\/ALPAKA-spring-2023-men.jpg 600w, https:\/\/alpaka-shop.com\/wp-content\/uploads\/2023\/02\/ALPAKA-spring-2023-men-200x300.jpg 200w, https:\/\/alpaka-shop.com\/wp-content\/uploads\/2023\/02\/ALPAKA-spring-2023-men-300x450.jpg 300w, https:\/\/alpaka-shop.com\/wp-content\/uploads\/2023\/02\/ALPAKA-spring-2023-men-100x150.jpg 100w\" sizes=\"auto, (max-width: 600px) 100vw, 600px\" \/><\/div><\/div><div class=\"w-separator size_custom\" style=\"height:15px\"><\/div>[vc_custom_heading text=&#8220;Komfort trifft Stil&#8220; font_container=&#8220;tag:p|text_align:center&#8220; use_theme_fonts=&#8220;yes&#8220; css=&#8220;%7B%22default%22%3A%7B%22font-size%22%3A%2218px%22%7D%7D&#8220;]<div class=\"w-btn-wrapper align_center\"><a class=\"w-btn us-btn-style_2\" title=\"Herren Shopen\" target=\"_blank\" rel=\"nofollow\" href=\"https:\/\/alpaka-shop.com\/de\/herren\/\"><span class=\"w-btn-label\">Herren Shopen<\/span><\/a><\/div><\/div><\/div><\/div><\/div><\/div><\/section><section class=\"l-section wpb_row us_custom_63189a54 small-container men-women-row height_small\"><div class=\"l-section-h i-cf\"><div class=\"g-cols vc_row via_flex valign_top type_default stacking_default\"><div class=\"vc_col-sm-12 wpb_column vc_column_container\"><div class=\"vc_column-inner\"><div class=\"wpb_wrapper\"><div class=\"g-cols wpb_row content-page-img-grid via_flex valign_middle type_default stacking_default\"><div class=\"vc_col-sm-6 wpb_column vc_column_container\"><div class=\"vc_column-inner\"><div class=\"wpb_wrapper\"><div class=\"w-image align_none\"><div class=\"w-image-h\"><img decoding=\"async\" width=\"585\" height=\"436\" src=\"https:\/\/alpaka-shop.com\/wp-content\/uploads\/2019\/07\/soft-alpaka-wool.jpg\" class=\"attachment-full size-full wvs-archive-product-image\" alt=\"\" loading=\"lazy\" srcset=\"https:\/\/alpaka-shop.com\/wp-content\/uploads\/2019\/07\/soft-alpaka-wool.jpg 585w, https:\/\/alpaka-shop.com\/wp-content\/uploads\/2019\/07\/soft-alpaka-wool-300x224.jpg 300w\" sizes=\"auto, (max-width: 585px) 100vw, 585px\" \/><\/div><\/div><\/div><\/div><\/div><div class=\"vc_col-sm-6 wpb_column vc_column_container\"><div class=\"vc_column-inner\"><div class=\"wpb_wrapper\"><div class=\"wpb_text_column alpaka-custom-list-style\"><div class=\"wpb_wrapper\"><h2>Die \u00e4u\u00dferst glatte und gl\u00e4nzende Schuppenoberfl\u00e4che verleiht der Alpakafaser unvergleichliche physische und emotionale Qualit\u00e4ten<\/h2>\n<ul>\n<li>7-mal w\u00e4rmer als Schafwolle<\/li>\n<li>Au\u00dfergew\u00f6hnlich robust und langlebig<\/li>\n<li>Hoch atmungsaktiv und leicht<\/li>\n<li>Nat\u00fcrlich gl\u00e4nzender Glanz<\/li>\n<\/ul>\n<\/div><\/div><\/div><\/div><\/div><\/div><\/div><\/div><\/div><\/div><\/div><\/section><section class=\"l-section wpb_row us_custom_4fb9e5a3 height_small\"><div class=\"l-section-h i-cf\"><div class=\"g-cols vc_row via_flex valign_top type_default stacking_default\"><div class=\"vc_col-sm-12 wpb_column vc_column_container\"><div class=\"vc_column-inner\"><div class=\"wpb_wrapper\"><div class=\"wpb_text_column us_custom_5df99c52 story-text-container has_text_color\"><div class=\"wpb_wrapper\"><h2 align=\"center\">10% Rabatt &#8211; Ihr erster Einkauf<\/h2>\n<\/div><\/div><div class=\"w-separator size_small\"><\/div><div class=\"wpb_text_column us_custom_5df99c52 story-text-container has_text_color\"><div class=\"wpb_wrapper\"><h2 align=\"center\">Den Code e24fgt an der Kasse verwenden<\/h2>\n<\/div><\/div><div class=\"w-separator size_small\"><\/div><div class=\"wpb_text_column us_custom_a7141a77 story-text-container has_text_color\"><div class=\"wpb_wrapper\"><p><i>Der Gutscheincode ist nicht in Verbindung mit anderen Rabattcodes g\u00fcltig und gilt nicht f\u00fcr Artikel, die bereits im Angebot sind.<\/i><\/p>\n<\/div><\/div><\/div><\/div><\/div><\/div><\/div><\/section><section class=\"l-section wpb_row us_custom_63189a54 small-container men-women-row height_small\"><div class=\"l-section-h i-cf\"><div class=\"g-cols vc_row via_flex valign_top type_default stacking_default\"><div class=\"vc_col-sm-12 wpb_column vc_column_container\"><div class=\"vc_column-inner\"><div class=\"wpb_wrapper\"><div class=\"g-cols wpb_row us_custom_386b9a27 content-page-img-grid via_flex valign_middle type_default reversed stacking_default\"><div class=\"vc_col-sm-6 wpb_column vc_column_container\"><div class=\"vc_column-inner\"><div class=\"wpb_wrapper\"><div class=\"wpb_text_column alpaka-custom-list-style\"><div class=\"wpb_wrapper\"><h2>\u00c4u\u00dferst weich und seidig wie Kaschmir<\/h2>\n<ul>\n<li>Schwer entflammbar<\/li>\n<li>Pillt nicht leicht<\/li>\n<li>Kein kribbelfaktor<\/li>\n<li>Nat\u00fcrlich hypoallergen: lanolinfrei<\/li>\n<li>Wasser- und schmutzabweisend<\/li>\n<li>Geringe auswirkungen auf die umwelt<\/li>\n<li>Leichte pflege<\/li>\n<\/ul>\n<\/div><\/div><\/div><\/div><\/div><div class=\"vc_col-sm-6 wpb_column vc_column_container\"><div class=\"vc_column-inner\"><div class=\"wpb_wrapper\"><div class=\"w-image align_none\"><div class=\"w-image-h\"><img decoding=\"async\" width=\"1500\" height=\"1000\" src=\"https:\/\/alpaka-shop.com\/wp-content\/uploads\/2023\/03\/ALPAKA-21.-september-2022-S7_0885.jpg\" class=\"attachment-full size-full wvs-archive-product-image\" alt=\"https:\/\/alpaka-shop.com\/welcome-alpaka\/?preview_id=49337&amp;preview_nonce=a11e5ff7dc&amp;_thumbnail_id=-1&amp;preview=true\" loading=\"lazy\" srcset=\"https:\/\/alpaka-shop.com\/wp-content\/uploads\/2023\/03\/ALPAKA-21.-september-2022-S7_0885.jpg 1500w, https:\/\/alpaka-shop.com\/wp-content\/uploads\/2023\/03\/ALPAKA-21.-september-2022-S7_0885-300x200.jpg 300w, https:\/\/alpaka-shop.com\/wp-content\/uploads\/2023\/03\/ALPAKA-21.-september-2022-S7_0885-1024x683.jpg 1024w, https:\/\/alpaka-shop.com\/wp-content\/uploads\/2023\/03\/ALPAKA-21.-september-2022-S7_0885-600x400.jpg 600w, https:\/\/alpaka-shop.com\/wp-content\/uploads\/2023\/03\/ALPAKA-21.-september-2022-S7_0885-100x67.jpg 100w\" sizes=\"auto, (max-width: 1500px) 100vw, 1500px\" \/><\/div><\/div><\/div><\/div><\/div><\/div><\/div><\/div><\/div><\/div><\/div><\/section>\n","protected":false},"excerpt":{"rendered":"Herzlich willkommen bei Alpaka ALPAKA ist eine estnische Lifestyle-Marke, die aus der Wolle des peruanischen Alpakas gefertigte Luxuskleidung und textile Accessoires f\u00fcr Innenr\u00e4ume herstellt. Mit ALPAKA-Produkten kannst du feinsten Luxus genie\u00dfen, in der Gewissheit, dass dein Genuss aus ethischen, nachhaltigen Quellen stammt und du mit gutem Gewissen in den \u00fcppigen Freuden des Pelzes schwelgen kannst....","protected":false},"author":10,"featured_media":0,"parent":0,"menu_order":0,"comment_status":"closed","ping_status":"closed","template":"","meta":{"_acf_changed":false,"footnotes":""},"class_list":["post-49430","page","type-page","status-publish","hentry"],"acf":[],"aioseo_notices":[],"_links":{"self":[{"href":"https:\/\/alpaka-shop.com\/de\/wp-json\/wp\/v2\/pages\/49430","targetHints":{"allow":["GET"]}}],"collection":[{"href":"https:\/\/alpaka-shop.com\/de\/wp-json\/wp\/v2\/pages"}],"about":[{"href":"https:\/\/alpaka-shop.com\/de\/wp-json\/wp\/v2\/types\/page"}],"author":[{"embeddable":true,"href":"https:\/\/alpaka-shop.com\/de\/wp-json\/wp\/v2\/users\/10"}],"replies":[{"embeddable":true,"href":"https:\/\/alpaka-shop.com\/de\/wp-json\/wp\/v2\/comments?post=49430"}],"version-history":[{"count":0,"href":"https:\/\/alpaka-shop.com\/de\/wp-json\/wp\/v2\/pages\/49430\/revisions"}],"wp:attachment":[{"href":"https:\/\/alpaka-shop.com\/de\/wp-json\/wp\/v2\/media?parent=49430"}],"curies":[{"name":"wp","href":"https:\/\/api.w.org\/{rel}","templated":true}]}}