{"id":10281,"date":"2019-10-25T11:06:53","date_gmt":"2019-10-25T11:06:53","guid":{"rendered":"https:\/\/uus.alpaka-shop.com\/product\/yaku-rug\/"},"modified":"2026-04-01T15:00:05","modified_gmt":"2026-04-01T12:00:05","slug":"yaku-teppiche","status":"publish","type":"product","link":"https:\/\/alpaka-shop.com\/de\/yaku-teppiche\/","title":{"rendered":"Yaku-Teppiche"},"content":{"rendered":"","protected":false},"excerpt":{"rendered":"<p>Yaku-Teppiche werden aus den l\u00e4ngsten und seidigsten Alpaka-Fellen hergestellt. Yaku bedeutet in der s\u00fcdamerikanischen Quechua-Sprache \u201eWasser\u201c und der Teppich h\u00e4lt ein Kissen aus weicher Luft im Fell, so dass es sich anf\u00fchlt, als ob eine leichte Brise unter Ihren Schritten weht, wenn Sie auf den Teppich treten, fast wie der Schwerkraft trotzend und Sie anhebend. Jeder Teppich hat ein leicht einzigartige Optik und aufgrund der Verwendung nat\u00fcrlicher Materialien k\u00f6nnen geringf\u00fcgige Unterschiede in Farbe und Faserl\u00e4nge auftreten. Alle nat\u00fcrlichen Yaku-Teppiche reflektieren das Licht auf sch\u00f6ne und \u00fcberraschende Weise und schaffen so eine atemberaubende, individuelle Signatur f\u00fcr jede Inneneinrichtung.<\/p>\n<p>Alle Alpakafell-Teppiche bestehen aus grausamkeitsfreiem Alpakafell, was bedeutet, dass kein Tier verletzt oder misshandelt wurde, um sie herzustellen. Alpakas sind zu wertvolle wolltragende Tiere, um f\u00fcr ihr Fell get\u00f6tet zu werden. Es werden nur Felle von Tieren verwendet, die eines nat\u00fcrlichen Todes gestorben sind. Das hei\u00dft, Sie k\u00f6nnen mit gutem Gewissen die \u00fcppigen Freuden des Fells genie\u00dfen.<\/p>\n<p>MATERIAL<br \/>\n<strong>Vorderseite: nat\u00fcrliches Alpaka-Fell<\/strong><br \/>\n<strong>R\u00fcckseite: spezieller \u00d6KO-TEX zertifizierter Anti-Rutsch-R\u00fcckseite und Echtlederrand<\/strong><br \/>\n<strong>F\u00fcllung: weichmachende Schicht aus thermobondierter Watte<\/strong><\/p>\n<p><strong>Das Produkt kann anfangs etwas Wolle als nat\u00fcrlicher Prozess abwerfen. Es ist m\u00f6glich, den Teppich im Freien aufzusch\u00fctteln, um die losen Fasern zu entfernen.<\/strong><\/p>\n<p>MA\u00dfGEFERTIGTE TEPPICHE<br \/>\n<strong>Wenn es hier keine passende Gr\u00f6\u00dfenoption f\u00fcr Sie gibt, k\u00f6nnen Sie sich gerne an uns wenden, um ein detailliertes Angebot und Versanddetails zu erhalten!<\/strong><\/p>\n","protected":false},"featured_media":48149,"template":"","meta":{"_acf_changed":false},"product_brand":[],"product_cat":[125],"product_tag":[],"product_shipping_class":[],"pa_soft-wrap-cardigan":[],"class_list":{"0":"post-10281","1":"product","2":"type-product","3":"status-publish","4":"has-post-thumbnail","6":"product_cat-teppiche","8":"first","9":"instock","10":"taxable","11":"shipping-taxable","12":"purchasable","13":"product-type-variable","14":"has-default-attributes","15":"wvs-archive-product-wrapper"},"bundled_by":[],"bundle_stock_status":"instock","bundle_stock_quantity":null,"bundle_virtual":false,"bundle_layout":"","bundle_add_to_cart_form_location":"","bundle_editable_in_cart":false,"bundle_sold_individually_context":"","bundle_item_grouping":"","bundle_min_size":"","bundle_max_size":"","bundle_price":[],"bundled_items":[],"bundle_sell_ids":[],"acf":[],"aioseo_notices":[],"_links":{"self":[{"href":"https:\/\/alpaka-shop.com\/de\/wp-json\/wp\/v2\/product\/10281","targetHints":{"allow":["GET"]}}],"collection":[{"href":"https:\/\/alpaka-shop.com\/de\/wp-json\/wp\/v2\/product"}],"about":[{"href":"https:\/\/alpaka-shop.com\/de\/wp-json\/wp\/v2\/types\/product"}],"wp:featuredmedia":[{"embeddable":true,"href":"https:\/\/alpaka-shop.com\/de\/wp-json\/wp\/v2\/media\/48149"}],"wp:attachment":[{"href":"https:\/\/alpaka-shop.com\/de\/wp-json\/wp\/v2\/media?parent=10281"}],"wp:term":[{"taxonomy":"product_brand","embeddable":true,"href":"https:\/\/alpaka-shop.com\/de\/wp-json\/wp\/v2\/product_brand?post=10281"},{"taxonomy":"product_cat","embeddable":true,"href":"https:\/\/alpaka-shop.com\/de\/wp-json\/wp\/v2\/product_cat?post=10281"},{"taxonomy":"product_tag","embeddable":true,"href":"https:\/\/alpaka-shop.com\/de\/wp-json\/wp\/v2\/product_tag?post=10281"},{"taxonomy":"product_shipping_class","embeddable":true,"href":"https:\/\/alpaka-shop.com\/de\/wp-json\/wp\/v2\/product_shipping_class?post=10281"},{"taxonomy":"pa_soft-wrap-cardigan","embeddable":true,"href":"https:\/\/alpaka-shop.com\/de\/wp-json\/wp\/v2\/pa_soft-wrap-cardigan?post=10281"}],"curies":[{"name":"wp","href":"https:\/\/api.w.org\/{rel}","templated":true}]}}