{"id":18329,"date":"2020-09-10T09:43:21","date_gmt":"2020-09-10T11:27:00","guid":{"rendered":"https:\/\/alpaka-shop.com\/?post_type=product&#038;p=18329"},"modified":"2026-04-14T13:00:05","modified_gmt":"2026-04-14T10:00:05","slug":"classic-decke-tartan","status":"publish","type":"product","link":"https:\/\/alpaka-shop.com\/de\/classic-decke-tartan\/","title":{"rendered":"Classic Decke Tartan"},"content":{"rendered":"","protected":false},"excerpt":{"rendered":"<p>Diese Decke ist strapazierf\u00e4hig und w\u00e4rmt hervorragend. Die zweifarbigen \u00dcberw\u00fcrfe sind von den unendlichen M\u00f6glichkeiten der Geometrie inspiriert. Quadrate und Geometrie schaffen klare und einfache Muster, die in jedem Zuhause gut aussehen. Die sch\u00f6ne Mischung aus Alpaka, Wolle und Acryl macht Classic Decke Karo weich, kuschelig und pflegeleicht.<\/p>\n<p>MATERIAL<br \/>\n<strong>40% Recycelt Alpaka, 45% Wolle, 15% Acryl<\/strong><\/p>\n<p>Das Produkt kann zu Beginn des Gebrauchs ein wenig Haar abwerfen, da es ein nat\u00fcrliches Material ist.<\/p>\n","protected":false},"featured_media":50201,"template":"","meta":{"_acf_changed":false},"product_brand":[],"product_cat":[114],"product_tag":[],"product_shipping_class":[],"pa_soft-wrap-cardigan":[],"class_list":{"0":"post-18329","1":"product","2":"type-product","3":"status-publish","4":"has-post-thumbnail","6":"product_cat-uberwurfe","8":"first","9":"outofstock","10":"taxable","11":"shipping-taxable","12":"purchasable","13":"product-type-variable","14":"has-default-attributes","15":"wvs-archive-product-wrapper"},"bundled_by":[],"bundle_stock_status":"outofstock","bundle_stock_quantity":null,"bundle_virtual":false,"bundle_layout":"","bundle_add_to_cart_form_location":"","bundle_editable_in_cart":false,"bundle_sold_individually_context":"","bundle_item_grouping":"","bundle_min_size":"","bundle_max_size":"","bundle_price":[],"bundled_items":[],"bundle_sell_ids":[],"acf":[],"aioseo_notices":[],"_links":{"self":[{"href":"https:\/\/alpaka-shop.com\/de\/wp-json\/wp\/v2\/product\/18329","targetHints":{"allow":["GET"]}}],"collection":[{"href":"https:\/\/alpaka-shop.com\/de\/wp-json\/wp\/v2\/product"}],"about":[{"href":"https:\/\/alpaka-shop.com\/de\/wp-json\/wp\/v2\/types\/product"}],"wp:featuredmedia":[{"embeddable":true,"href":"https:\/\/alpaka-shop.com\/de\/wp-json\/wp\/v2\/media\/50201"}],"wp:attachment":[{"href":"https:\/\/alpaka-shop.com\/de\/wp-json\/wp\/v2\/media?parent=18329"}],"wp:term":[{"taxonomy":"product_brand","embeddable":true,"href":"https:\/\/alpaka-shop.com\/de\/wp-json\/wp\/v2\/product_brand?post=18329"},{"taxonomy":"product_cat","embeddable":true,"href":"https:\/\/alpaka-shop.com\/de\/wp-json\/wp\/v2\/product_cat?post=18329"},{"taxonomy":"product_tag","embeddable":true,"href":"https:\/\/alpaka-shop.com\/de\/wp-json\/wp\/v2\/product_tag?post=18329"},{"taxonomy":"product_shipping_class","embeddable":true,"href":"https:\/\/alpaka-shop.com\/de\/wp-json\/wp\/v2\/product_shipping_class?post=18329"},{"taxonomy":"pa_soft-wrap-cardigan","embeddable":true,"href":"https:\/\/alpaka-shop.com\/de\/wp-json\/wp\/v2\/pa_soft-wrap-cardigan?post=18329"}],"curies":[{"name":"wp","href":"https:\/\/api.w.org\/{rel}","templated":true}]}}