{"id":18500,"date":"2020-09-15T09:16:42","date_gmt":"2020-09-15T06:16:42","guid":{"rendered":"https:\/\/alpaka-shop.com\/?post_type=product&#038;p=18500"},"modified":"2026-04-04T18:30:04","modified_gmt":"2026-04-04T15:30:04","slug":"schal-royal-fishbone-frauen","status":"publish","type":"product","link":"https:\/\/alpaka-shop.com\/de\/schal-royal-fishbone-frauen\/","title":{"rendered":"Schal Royal Fishbone"},"content":{"rendered":"","protected":false},"excerpt":{"rendered":"<p>Der Royal Fishbone Schal sieht klasse aus und h\u00e4lt zugleich Ihren Hals wunderbar warm. Premium Baby-Alpaka-Wolle ist sehr fein, weich und besonders f\u00fcr empfindliche Haut und Wollallergiker geeignet. Das Fishbone-Design verleiht dem Schal einen luxuri\u00f6sen Touch und passt zu jedem Outfit. Nehmen Sie sich Zeit zum Entspannen und lassen Sie sich von den w\u00e4rmsten Emotionen und der un\u00fcbertroffenen Weichheit verw\u00f6hnen.<\/p>\n<p>MATERIAL<br \/>\n<strong>100% Royal Baby Alpaka<\/strong><\/p>\n<p>VERPACKUNG<br \/>\n<strong>Geschenkbox<\/strong><\/p>\n","protected":false},"featured_media":18429,"template":"","meta":{"_acf_changed":false},"product_brand":[],"product_cat":[67,66],"product_tag":[],"product_shipping_class":[],"pa_soft-wrap-cardigan":[],"class_list":{"0":"post-18500","1":"product","2":"type-product","3":"status-publish","4":"has-post-thumbnail","6":"product_cat-damen","7":"product_cat-schals-und-umschlagtucher","9":"first","10":"instock","11":"taxable","12":"shipping-taxable","13":"purchasable","14":"product-type-variable","15":"has-default-attributes","16":"wvs-archive-product-wrapper"},"bundled_by":[],"bundle_stock_status":"instock","bundle_stock_quantity":null,"bundle_virtual":false,"bundle_layout":"","bundle_add_to_cart_form_location":"","bundle_editable_in_cart":false,"bundle_sold_individually_context":"","bundle_item_grouping":"","bundle_min_size":"","bundle_max_size":"","bundle_price":[],"bundled_items":[],"bundle_sell_ids":[],"acf":[],"aioseo_notices":[],"_links":{"self":[{"href":"https:\/\/alpaka-shop.com\/de\/wp-json\/wp\/v2\/product\/18500","targetHints":{"allow":["GET"]}}],"collection":[{"href":"https:\/\/alpaka-shop.com\/de\/wp-json\/wp\/v2\/product"}],"about":[{"href":"https:\/\/alpaka-shop.com\/de\/wp-json\/wp\/v2\/types\/product"}],"wp:featuredmedia":[{"embeddable":true,"href":"https:\/\/alpaka-shop.com\/de\/wp-json\/wp\/v2\/media\/18429"}],"wp:attachment":[{"href":"https:\/\/alpaka-shop.com\/de\/wp-json\/wp\/v2\/media?parent=18500"}],"wp:term":[{"taxonomy":"product_brand","embeddable":true,"href":"https:\/\/alpaka-shop.com\/de\/wp-json\/wp\/v2\/product_brand?post=18500"},{"taxonomy":"product_cat","embeddable":true,"href":"https:\/\/alpaka-shop.com\/de\/wp-json\/wp\/v2\/product_cat?post=18500"},{"taxonomy":"product_tag","embeddable":true,"href":"https:\/\/alpaka-shop.com\/de\/wp-json\/wp\/v2\/product_tag?post=18500"},{"taxonomy":"product_shipping_class","embeddable":true,"href":"https:\/\/alpaka-shop.com\/de\/wp-json\/wp\/v2\/product_shipping_class?post=18500"},{"taxonomy":"pa_soft-wrap-cardigan","embeddable":true,"href":"https:\/\/alpaka-shop.com\/de\/wp-json\/wp\/v2\/pa_soft-wrap-cardigan?post=18500"}],"curies":[{"name":"wp","href":"https:\/\/api.w.org\/{rel}","templated":true}]}}