{"id":20265,"date":"2020-11-03T14:04:47","date_gmt":"2020-11-03T14:04:47","guid":{"rendered":"https:\/\/alpaka-shop.com\/?post_type=product&#038;p=20265"},"modified":"2026-03-13T10:00:10","modified_gmt":"2026-03-13T08:00:10","slug":"royal-umhang","status":"publish","type":"product","link":"https:\/\/alpaka-shop.com\/de\/royal-umhang\/","title":{"rendered":"Royal Umhang"},"content":{"rendered":"","protected":false},"excerpt":{"rendered":"<p><span data-sheets-value=\"{&quot;1&quot;:2,&quot;2&quot;:&quot;Royal Umhang\/ 100% Royal Alpaca Mantel \/Unsere Royal Umhang bietet ein kuscheliges Gef\u00fchl und ist das perfekte Kleidungsst\u00fcck zwischen den Jahreszeiten. Dieser vielseitige,Mantel hat eine entspannte Silhouette und einen optionalen H\u00fcftgurt, der Ihren K\u00f6rper sanft umarmt. Weich, schick und unglaublich einfach zu stylen, da die nat\u00fcrliche Farbpalette mit fast allem in Ihrer Garderobe funktioniert.&quot;}\" data-sheets-userformat=\"{&quot;2&quot;:769,&quot;3&quot;:{&quot;1&quot;:0},&quot;11&quot;:4,&quot;12&quot;:0}\" data-sheets-textstyleruns=\"{&quot;1&quot;:0,&quot;2&quot;:{&quot;5&quot;:1}}\uee10{&quot;1&quot;:12,&quot;2&quot;:{&quot;4&quot;:8,&quot;6&quot;:1}}\uee10{&quot;1&quot;:40}\">Unsere Royal Umhang bietet ein kuscheliges Gef\u00fchl und ist das perfekte Kleidungsst\u00fcck zwischen den Jahreszeiten. Dieser vielseitige,Mantel hat eine entspannte Silhouette und einen optionalen H\u00fcftgurt, der Ihren K\u00f6rper sanft umarmt. Weich, schick und unglaublich einfach zu stylen, da die nat\u00fcrliche Farbpalette mit fast allem in Ihrer Garderobe funktioniert.<\/span><\/p>\n<p>MATERIAL<br \/>\n<strong>100% Royal Alpaka<\/strong><\/p>\n","protected":false},"featured_media":41019,"template":"","meta":{"_acf_changed":false},"product_brand":[],"product_cat":[67,2814,121],"product_tag":[],"product_shipping_class":[],"pa_soft-wrap-cardigan":[],"class_list":{"0":"post-20265","1":"product","2":"type-product","3":"status-publish","4":"has-post-thumbnail","6":"product_cat-damen","7":"product_cat-march-edit-de","8":"product_cat-pullover-cardigans","10":"first","11":"instock","12":"taxable","13":"shipping-taxable","14":"purchasable","15":"product-type-variable","16":"has-default-attributes","17":"wvs-archive-product-wrapper"},"bundled_by":[],"bundle_stock_status":"instock","bundle_stock_quantity":null,"bundle_virtual":false,"bundle_layout":"","bundle_add_to_cart_form_location":"","bundle_editable_in_cart":false,"bundle_sold_individually_context":"","bundle_item_grouping":"","bundle_min_size":"","bundle_max_size":"","bundle_price":[],"bundled_items":[],"bundle_sell_ids":[],"acf":[],"aioseo_notices":[],"_links":{"self":[{"href":"https:\/\/alpaka-shop.com\/de\/wp-json\/wp\/v2\/product\/20265","targetHints":{"allow":["GET"]}}],"collection":[{"href":"https:\/\/alpaka-shop.com\/de\/wp-json\/wp\/v2\/product"}],"about":[{"href":"https:\/\/alpaka-shop.com\/de\/wp-json\/wp\/v2\/types\/product"}],"wp:featuredmedia":[{"embeddable":true,"href":"https:\/\/alpaka-shop.com\/de\/wp-json\/wp\/v2\/media\/41019"}],"wp:attachment":[{"href":"https:\/\/alpaka-shop.com\/de\/wp-json\/wp\/v2\/media?parent=20265"}],"wp:term":[{"taxonomy":"product_brand","embeddable":true,"href":"https:\/\/alpaka-shop.com\/de\/wp-json\/wp\/v2\/product_brand?post=20265"},{"taxonomy":"product_cat","embeddable":true,"href":"https:\/\/alpaka-shop.com\/de\/wp-json\/wp\/v2\/product_cat?post=20265"},{"taxonomy":"product_tag","embeddable":true,"href":"https:\/\/alpaka-shop.com\/de\/wp-json\/wp\/v2\/product_tag?post=20265"},{"taxonomy":"product_shipping_class","embeddable":true,"href":"https:\/\/alpaka-shop.com\/de\/wp-json\/wp\/v2\/product_shipping_class?post=20265"},{"taxonomy":"pa_soft-wrap-cardigan","embeddable":true,"href":"https:\/\/alpaka-shop.com\/de\/wp-json\/wp\/v2\/pa_soft-wrap-cardigan?post=20265"}],"curies":[{"name":"wp","href":"https:\/\/api.w.org\/{rel}","templated":true}]}}