{"id":20327,"date":"2020-12-18T17:55:18","date_gmt":"2020-12-18T15:55:18","guid":{"rendered":"https:\/\/alpaka-shop.com\/?post_type=product&#038;p=20327"},"modified":"2026-04-16T09:20:04","modified_gmt":"2026-04-16T06:20:04","slug":"fishermans-rib-beanie-manner","status":"publish","type":"product","link":"https:\/\/alpaka-shop.com\/de\/fishermans-rib-beanie-manner\/","title":{"rendered":"Fisherman\u00b4s Rib Beanie"},"content":{"rendered":"","protected":false},"excerpt":{"rendered":"<p>Diese Wollm\u00fctze hat einen klassischen Fischerripp und ist aus hochwertigem Baby-Alpaka f\u00fcr maximale Weichheit gefertigt. Diese M\u00fctze h\u00e4lt Sie an kalten Tagen oder bei jeglichen Outdoor-Aktivit\u00e4ten warm und stilvoll. Sie ist in einer Vielzahl neutraler Farben erh\u00e4ltlich und beh\u00e4lt im Laufe der Zeit ihre Form.<\/p>\n<p>&nbsp;<\/p>\n<p>MATERIAL<\/p>\n<p><strong>100% Baby-Alpaka<\/strong><\/p>\n<p>&nbsp;<\/p>\n","protected":false},"featured_media":52371,"template":"","meta":{"_acf_changed":false},"product_brand":[],"product_cat":[70,115],"product_tag":[],"product_shipping_class":[],"pa_soft-wrap-cardigan":[],"class_list":{"0":"post-20327","1":"product","2":"type-product","3":"status-publish","4":"has-post-thumbnail","6":"product_cat-herren","7":"product_cat-mutzen","9":"first","10":"instock","11":"taxable","12":"shipping-taxable","13":"purchasable","14":"product-type-variable","15":"has-default-attributes","16":"wvs-archive-product-wrapper"},"bundled_by":[],"bundle_stock_status":"instock","bundle_stock_quantity":null,"bundle_virtual":false,"bundle_layout":"","bundle_add_to_cart_form_location":"","bundle_editable_in_cart":false,"bundle_sold_individually_context":"","bundle_item_grouping":"","bundle_min_size":"","bundle_max_size":"","bundle_price":[],"bundled_items":[],"bundle_sell_ids":[],"acf":[],"aioseo_notices":[],"_links":{"self":[{"href":"https:\/\/alpaka-shop.com\/de\/wp-json\/wp\/v2\/product\/20327","targetHints":{"allow":["GET"]}}],"collection":[{"href":"https:\/\/alpaka-shop.com\/de\/wp-json\/wp\/v2\/product"}],"about":[{"href":"https:\/\/alpaka-shop.com\/de\/wp-json\/wp\/v2\/types\/product"}],"wp:featuredmedia":[{"embeddable":true,"href":"https:\/\/alpaka-shop.com\/de\/wp-json\/wp\/v2\/media\/52371"}],"wp:attachment":[{"href":"https:\/\/alpaka-shop.com\/de\/wp-json\/wp\/v2\/media?parent=20327"}],"wp:term":[{"taxonomy":"product_brand","embeddable":true,"href":"https:\/\/alpaka-shop.com\/de\/wp-json\/wp\/v2\/product_brand?post=20327"},{"taxonomy":"product_cat","embeddable":true,"href":"https:\/\/alpaka-shop.com\/de\/wp-json\/wp\/v2\/product_cat?post=20327"},{"taxonomy":"product_tag","embeddable":true,"href":"https:\/\/alpaka-shop.com\/de\/wp-json\/wp\/v2\/product_tag?post=20327"},{"taxonomy":"product_shipping_class","embeddable":true,"href":"https:\/\/alpaka-shop.com\/de\/wp-json\/wp\/v2\/product_shipping_class?post=20327"},{"taxonomy":"pa_soft-wrap-cardigan","embeddable":true,"href":"https:\/\/alpaka-shop.com\/de\/wp-json\/wp\/v2\/pa_soft-wrap-cardigan?post=20327"}],"curies":[{"name":"wp","href":"https:\/\/api.w.org\/{rel}","templated":true}]}}