{"id":20353,"date":"2020-11-27T16:10:53","date_gmt":"2020-11-27T14:10:53","guid":{"rendered":"https:\/\/alpaka-shop.com\/?post_type=product&#038;p=20353"},"modified":"2026-04-21T10:20:06","modified_gmt":"2026-04-21T07:20:06","slug":"baby-alpaca-stirnband","status":"publish","type":"product","link":"https:\/\/alpaka-shop.com\/de\/baby-alpaca-stirnband\/","title":{"rendered":"Baby Alpaca Stirnband"},"content":{"rendered":"","protected":false},"excerpt":{"rendered":"<p>Hergestellt aus Baby-Alpaka-Wolle, die von Natur aus isolierend ist und genau die richtige Atmungsaktivit\u00e4t bietet. Seidig weich und dennoch langlebig genug, um jeder Art von Outdoor-Aktivit\u00e4t standzuhalten und Sie \u00fcber Jahre hinweg stilvoll aussehen zu lassen. Das Twist-Design auf der Vorderseite verleiht Ihrer klassischen Wintergarderobe ein wenig Spontanit\u00e4t.<\/p>\n<p>&nbsp;<\/p>\n<p>MATERIAL<br \/>\n<strong>100% Baby-Alpaka<\/strong><\/p>\n","protected":false},"featured_media":54207,"template":"","meta":{"_acf_changed":false},"product_brand":[],"product_cat":[67,119,2588],"product_tag":[],"product_shipping_class":[],"pa_soft-wrap-cardigan":[],"class_list":{"0":"post-20353","1":"product","2":"type-product","3":"status-publish","4":"has-post-thumbnail","6":"product_cat-damen","7":"product_cat-mutzen-damen","8":"product_cat-stirnbander","10":"first","11":"instock","12":"taxable","13":"shipping-taxable","14":"purchasable","15":"product-type-variable","16":"has-default-attributes","17":"wvs-archive-product-wrapper"},"bundled_by":[],"bundle_stock_status":"instock","bundle_stock_quantity":null,"bundle_virtual":false,"bundle_layout":"","bundle_add_to_cart_form_location":"","bundle_editable_in_cart":false,"bundle_sold_individually_context":"","bundle_item_grouping":"","bundle_min_size":"","bundle_max_size":"","bundle_price":[],"bundled_items":[],"bundle_sell_ids":[],"acf":[],"aioseo_notices":[],"_links":{"self":[{"href":"https:\/\/alpaka-shop.com\/de\/wp-json\/wp\/v2\/product\/20353","targetHints":{"allow":["GET"]}}],"collection":[{"href":"https:\/\/alpaka-shop.com\/de\/wp-json\/wp\/v2\/product"}],"about":[{"href":"https:\/\/alpaka-shop.com\/de\/wp-json\/wp\/v2\/types\/product"}],"wp:featuredmedia":[{"embeddable":true,"href":"https:\/\/alpaka-shop.com\/de\/wp-json\/wp\/v2\/media\/54207"}],"wp:attachment":[{"href":"https:\/\/alpaka-shop.com\/de\/wp-json\/wp\/v2\/media?parent=20353"}],"wp:term":[{"taxonomy":"product_brand","embeddable":true,"href":"https:\/\/alpaka-shop.com\/de\/wp-json\/wp\/v2\/product_brand?post=20353"},{"taxonomy":"product_cat","embeddable":true,"href":"https:\/\/alpaka-shop.com\/de\/wp-json\/wp\/v2\/product_cat?post=20353"},{"taxonomy":"product_tag","embeddable":true,"href":"https:\/\/alpaka-shop.com\/de\/wp-json\/wp\/v2\/product_tag?post=20353"},{"taxonomy":"product_shipping_class","embeddable":true,"href":"https:\/\/alpaka-shop.com\/de\/wp-json\/wp\/v2\/product_shipping_class?post=20353"},{"taxonomy":"pa_soft-wrap-cardigan","embeddable":true,"href":"https:\/\/alpaka-shop.com\/de\/wp-json\/wp\/v2\/pa_soft-wrap-cardigan?post=20353"}],"curies":[{"name":"wp","href":"https:\/\/api.w.org\/{rel}","templated":true}]}}