{"id":20376,"date":"2020-11-10T11:43:54","date_gmt":"2020-11-10T11:43:54","guid":{"rendered":"https:\/\/alpaka-shop.com\/?post_type=product&#038;p=20376"},"modified":"2026-03-11T09:18:48","modified_gmt":"2026-03-11T07:18:48","slug":"barett","status":"publish","type":"product","link":"https:\/\/alpaka-shop.com\/de\/barett\/","title":{"rendered":"Barett"},"content":{"rendered":"","protected":false},"excerpt":{"rendered":"<p>Unsere Baskenm\u00fctze besteht aus einer hochwertigen Baby-Alpaka-Wollmischung f\u00fcr einen m\u00fchelos eleganten Look bei kaltem Wetter. Dieses klassische und doch luxuri\u00f6se Winteraccessoire strahlt Unmengen an Anmut und Selbstvertrauen einer Pariserin aus. Erh\u00e4ltlich in f\u00fcnf nat\u00fcrlichen Farboptionen.<\/p>\n<p>MATERIAL<br \/>\n<strong>60% Baby-Alpaka, 5% Merinowolle (21 mik.), 35% Polyamid<\/strong><\/p>\n<p>&nbsp;<\/p>\n","protected":false},"featured_media":21505,"template":"","meta":{"_acf_changed":false},"product_brand":[],"product_cat":[67,119],"product_tag":[],"product_shipping_class":[],"pa_soft-wrap-cardigan":[],"class_list":{"0":"post-20376","1":"product","2":"type-product","3":"status-publish","4":"has-post-thumbnail","6":"product_cat-damen","7":"product_cat-mutzen-damen","9":"first","10":"outofstock","11":"taxable","12":"shipping-taxable","13":"purchasable","14":"product-type-variable","15":"has-default-attributes","16":"wvs-archive-product-wrapper"},"bundled_by":[],"bundle_stock_status":"outofstock","bundle_stock_quantity":null,"bundle_virtual":false,"bundle_layout":"","bundle_add_to_cart_form_location":"","bundle_editable_in_cart":false,"bundle_sold_individually_context":"","bundle_item_grouping":"","bundle_min_size":"","bundle_max_size":"","bundle_price":[],"bundled_items":[],"bundle_sell_ids":[],"acf":[],"aioseo_notices":[],"_links":{"self":[{"href":"https:\/\/alpaka-shop.com\/de\/wp-json\/wp\/v2\/product\/20376","targetHints":{"allow":["GET"]}}],"collection":[{"href":"https:\/\/alpaka-shop.com\/de\/wp-json\/wp\/v2\/product"}],"about":[{"href":"https:\/\/alpaka-shop.com\/de\/wp-json\/wp\/v2\/types\/product"}],"wp:featuredmedia":[{"embeddable":true,"href":"https:\/\/alpaka-shop.com\/de\/wp-json\/wp\/v2\/media\/21505"}],"wp:attachment":[{"href":"https:\/\/alpaka-shop.com\/de\/wp-json\/wp\/v2\/media?parent=20376"}],"wp:term":[{"taxonomy":"product_brand","embeddable":true,"href":"https:\/\/alpaka-shop.com\/de\/wp-json\/wp\/v2\/product_brand?post=20376"},{"taxonomy":"product_cat","embeddable":true,"href":"https:\/\/alpaka-shop.com\/de\/wp-json\/wp\/v2\/product_cat?post=20376"},{"taxonomy":"product_tag","embeddable":true,"href":"https:\/\/alpaka-shop.com\/de\/wp-json\/wp\/v2\/product_tag?post=20376"},{"taxonomy":"product_shipping_class","embeddable":true,"href":"https:\/\/alpaka-shop.com\/de\/wp-json\/wp\/v2\/product_shipping_class?post=20376"},{"taxonomy":"pa_soft-wrap-cardigan","embeddable":true,"href":"https:\/\/alpaka-shop.com\/de\/wp-json\/wp\/v2\/pa_soft-wrap-cardigan?post=20376"}],"curies":[{"name":"wp","href":"https:\/\/api.w.org\/{rel}","templated":true}]}}