{"id":20391,"date":"2020-11-03T13:48:19","date_gmt":"2020-11-03T13:48:19","guid":{"rendered":"https:\/\/alpaka-shop.com\/?post_type=product&#038;p=20391"},"modified":"2026-03-13T10:00:10","modified_gmt":"2026-03-13T08:00:10","slug":"lockerer-pullover-mit-v-ausschnitt","status":"publish","type":"product","link":"https:\/\/alpaka-shop.com\/de\/lockerer-pullover-mit-v-ausschnitt\/","title":{"rendered":"Lockerer Pullover mit V-Ausschnitt"},"content":{"rendered":"","protected":false},"excerpt":{"rendered":"<p>Super luftiger und leicht gestrickter Oversize-Pullover mit entspannter Passform, diagonalem Rippendetail vorne und V-Ausschnitt. Der \u00fcbergro\u00dfe K\u00f6rper macht es fast wie eine Poncho-Passform, was es super bequem und ideal zum Schichten w\u00e4hrend der Jahreszeiten macht. Tragen Sie Ihre mit Hochhausr\u00f6cken oder stecken Sie sie zur H\u00e4lfte in Jeans, bis hin zu neutralen Schnitten. F\u00fcr einen Look k\u00f6nnen Sie sich den ganzen Tag \u00fcber frei und bequem f\u00fchlen.<\/p>\n<p>&nbsp;<\/p>\n<p>MATERIAL<\/p>\n<p><strong>100% Baby-Alpaka<\/strong><\/p>\n","protected":false},"featured_media":40392,"template":"","meta":{"_acf_changed":false},"product_brand":[],"product_cat":[67,2814,121],"product_tag":[],"product_shipping_class":[],"pa_soft-wrap-cardigan":[],"class_list":{"0":"post-20391","1":"product","2":"type-product","3":"status-publish","4":"has-post-thumbnail","6":"product_cat-damen","7":"product_cat-march-edit-de","8":"product_cat-pullover-cardigans","10":"first","11":"instock","12":"taxable","13":"shipping-taxable","14":"purchasable","15":"product-type-variable","16":"has-default-attributes","17":"wvs-archive-product-wrapper"},"bundled_by":[],"bundle_stock_status":"instock","bundle_stock_quantity":null,"bundle_virtual":false,"bundle_layout":"","bundle_add_to_cart_form_location":"","bundle_editable_in_cart":false,"bundle_sold_individually_context":"","bundle_item_grouping":"","bundle_min_size":"","bundle_max_size":"","bundle_price":[],"bundled_items":[],"bundle_sell_ids":[],"acf":[],"aioseo_notices":[],"_links":{"self":[{"href":"https:\/\/alpaka-shop.com\/de\/wp-json\/wp\/v2\/product\/20391","targetHints":{"allow":["GET"]}}],"collection":[{"href":"https:\/\/alpaka-shop.com\/de\/wp-json\/wp\/v2\/product"}],"about":[{"href":"https:\/\/alpaka-shop.com\/de\/wp-json\/wp\/v2\/types\/product"}],"wp:featuredmedia":[{"embeddable":true,"href":"https:\/\/alpaka-shop.com\/de\/wp-json\/wp\/v2\/media\/40392"}],"wp:attachment":[{"href":"https:\/\/alpaka-shop.com\/de\/wp-json\/wp\/v2\/media?parent=20391"}],"wp:term":[{"taxonomy":"product_brand","embeddable":true,"href":"https:\/\/alpaka-shop.com\/de\/wp-json\/wp\/v2\/product_brand?post=20391"},{"taxonomy":"product_cat","embeddable":true,"href":"https:\/\/alpaka-shop.com\/de\/wp-json\/wp\/v2\/product_cat?post=20391"},{"taxonomy":"product_tag","embeddable":true,"href":"https:\/\/alpaka-shop.com\/de\/wp-json\/wp\/v2\/product_tag?post=20391"},{"taxonomy":"product_shipping_class","embeddable":true,"href":"https:\/\/alpaka-shop.com\/de\/wp-json\/wp\/v2\/product_shipping_class?post=20391"},{"taxonomy":"pa_soft-wrap-cardigan","embeddable":true,"href":"https:\/\/alpaka-shop.com\/de\/wp-json\/wp\/v2\/pa_soft-wrap-cardigan?post=20391"}],"curies":[{"name":"wp","href":"https:\/\/api.w.org\/{rel}","templated":true}]}}