{"id":20548,"date":"2020-11-04T14:13:48","date_gmt":"2020-11-04T14:15:11","guid":{"rendered":"https:\/\/alpaka-shop.com\/?post_type=product&#038;p=20548"},"modified":"2026-04-21T11:00:09","modified_gmt":"2026-04-21T08:00:09","slug":"pullover-mit-drapierter-partie","status":"publish","type":"product","link":"https:\/\/alpaka-shop.com\/de\/pullover-mit-drapierter-partie\/","title":{"rendered":"Pullover mit drapierter Partie"},"content":{"rendered":"","protected":false},"excerpt":{"rendered":"<p><span data-sheets-value=\"{&quot;1&quot;:2,&quot;2&quot;:&quot;Pullover mit drapierter Partie \/Pullover aus Pima-Baumwolle und Modal mit Rippeinsatz \/ Drapierter leichter Pullover schafft eine sch\u00f6ne Balance zwischen elegantem Aussehen und Gem\u00fctlichkeit. Leicht lockere Passform und ellenbogenlange \u00c4rmel machen ihn perfekt f\u00fcr milde Jahreszeiten. Er f\u00e4llt fl\u00fcssig auf den K\u00f6rper und durch den asymmetrischen Schnitt k\u00f6nnen Sie sich bequem bewegen. Der drapierte leichte Pullover ist in vier verschiedenen Farben erh\u00e4ltlich und hat ein geripptes Design, um den entspannten Fall zu verst\u00e4rken. Die weichen Neutralen passen zu fast allem in Ihrem Kleiderschrank und sind eine hervorragende Alternative zu einem einfachen T-Shirt, um geschmackvoll etwas Eleganz zu verleihen.&quot;}\" data-sheets-userformat=\"{&quot;2&quot;:769,&quot;3&quot;:{&quot;1&quot;:0},&quot;11&quot;:4,&quot;12&quot;:0}\" data-sheets-textstyleruns=\"{&quot;1&quot;:0,&quot;2&quot;:{&quot;5&quot;:1}}\uee10{&quot;1&quot;:30}\uee10{&quot;1&quot;:32,&quot;2&quot;:{&quot;4&quot;:8}}\uee10{&quot;1&quot;:86}\">\u00a0Drapierter leichter Pullover schafft eine sch\u00f6ne Balance zwischen elegantem Aussehen und Gem\u00fctlichkeit. Leicht lockere Passform und ellenbogenlange \u00c4rmel machen ihn perfekt f\u00fcr milde Jahreszeiten. Er f\u00e4llt fl\u00fcssig auf den K\u00f6rper und durch den asymmetrischen Schnitt k\u00f6nnen Sie sich bequem bewegen. Der drapierte leichte Pullover ist in vier verschiedenen Farben erh\u00e4ltlich und hat ein geripptes Design, um den entspannten Fall zu verst\u00e4rken. Die weichen Neutralen passen zu fast allem in Ihrem Kleiderschrank und sind eine hervorragende Alternative zu einem einfachen T-Shirt, um geschmackvoll etwas Eleganz zu verleihen.<\/span><\/p>\n<p>MATERIAL<br \/>\n<b>50% Pima-Baumwolle, 50% Modal<\/b><\/p>\n<p>VERPACKUNG<br \/>\n<strong>Geschenkbox<\/strong><\/p>\n","protected":false},"featured_media":20992,"template":"","meta":{"_acf_changed":false},"product_brand":[],"product_cat":[67,121],"product_tag":[],"product_shipping_class":[],"pa_soft-wrap-cardigan":[],"class_list":{"0":"post-20548","1":"product","2":"type-product","3":"status-publish","4":"has-post-thumbnail","6":"product_cat-damen","7":"product_cat-pullover-cardigans","9":"first","10":"instock","11":"sale","12":"taxable","13":"shipping-taxable","14":"purchasable","15":"product-type-variable","16":"has-default-attributes","17":"wvs-archive-product-wrapper"},"bundled_by":[],"bundle_stock_status":"instock","bundle_stock_quantity":null,"bundle_virtual":false,"bundle_layout":"","bundle_add_to_cart_form_location":"","bundle_editable_in_cart":false,"bundle_sold_individually_context":"","bundle_item_grouping":"","bundle_min_size":"","bundle_max_size":"","bundle_price":[],"bundled_items":[],"bundle_sell_ids":[],"acf":[],"aioseo_notices":[],"_links":{"self":[{"href":"https:\/\/alpaka-shop.com\/de\/wp-json\/wp\/v2\/product\/20548","targetHints":{"allow":["GET"]}}],"collection":[{"href":"https:\/\/alpaka-shop.com\/de\/wp-json\/wp\/v2\/product"}],"about":[{"href":"https:\/\/alpaka-shop.com\/de\/wp-json\/wp\/v2\/types\/product"}],"wp:featuredmedia":[{"embeddable":true,"href":"https:\/\/alpaka-shop.com\/de\/wp-json\/wp\/v2\/media\/20992"}],"wp:attachment":[{"href":"https:\/\/alpaka-shop.com\/de\/wp-json\/wp\/v2\/media?parent=20548"}],"wp:term":[{"taxonomy":"product_brand","embeddable":true,"href":"https:\/\/alpaka-shop.com\/de\/wp-json\/wp\/v2\/product_brand?post=20548"},{"taxonomy":"product_cat","embeddable":true,"href":"https:\/\/alpaka-shop.com\/de\/wp-json\/wp\/v2\/product_cat?post=20548"},{"taxonomy":"product_tag","embeddable":true,"href":"https:\/\/alpaka-shop.com\/de\/wp-json\/wp\/v2\/product_tag?post=20548"},{"taxonomy":"product_shipping_class","embeddable":true,"href":"https:\/\/alpaka-shop.com\/de\/wp-json\/wp\/v2\/product_shipping_class?post=20548"},{"taxonomy":"pa_soft-wrap-cardigan","embeddable":true,"href":"https:\/\/alpaka-shop.com\/de\/wp-json\/wp\/v2\/pa_soft-wrap-cardigan?post=20548"}],"curies":[{"name":"wp","href":"https:\/\/api.w.org\/{rel}","templated":true}]}}