{"id":21696,"date":"2020-11-11T14:07:37","date_gmt":"2020-11-11T14:07:37","guid":{"rendered":"https:\/\/alpaka-shop.com\/?post_type=product&#038;p=21696"},"modified":"2026-03-11T09:15:13","modified_gmt":"2026-03-11T07:15:13","slug":"leichte-fischerripp-mutze-bommel","status":"publish","type":"product","link":"https:\/\/alpaka-shop.com\/de\/leichte-fischerripp-mutze-bommel\/","title":{"rendered":"Leichte Fischerripp M\u00fctze mit Bommel"},"content":{"rendered":"","protected":false},"excerpt":{"rendered":"<p>Diese trendige und warme M\u00fctze sch\u00fctzt Sie bei allen Wettersituationen in k\u00e4lteren Jahreszeiten. Entdecken Sie Spitzenleistung durch eine \u00e4u\u00dferst weiche und hautfreundliche Alpaka-Wollmischung. Diese Sch\u00f6nheit gibt es in vier attraktiven Farb\u00f6nen.<\/p>\n<p>&nbsp;<\/p>\n<p>MATERIAL<br \/>\n<strong>60% Baby-Alpaka, 5% Merinowolle (21 mik.), 35% Polyamid<\/strong><\/p>\n","protected":false},"featured_media":21739,"template":"","meta":{"_acf_changed":false},"product_brand":[],"product_cat":[67,119],"product_tag":[],"product_shipping_class":[],"pa_soft-wrap-cardigan":[],"class_list":{"0":"post-21696","1":"product","2":"type-product","3":"status-publish","4":"has-post-thumbnail","6":"product_cat-damen","7":"product_cat-mutzen-damen","9":"first","10":"instock","11":"taxable","12":"shipping-taxable","13":"purchasable","14":"product-type-variable","15":"has-default-attributes","16":"wvs-archive-product-wrapper"},"bundled_by":[],"bundle_stock_status":"instock","bundle_stock_quantity":null,"bundle_virtual":false,"bundle_layout":"","bundle_add_to_cart_form_location":"","bundle_editable_in_cart":false,"bundle_sold_individually_context":"","bundle_item_grouping":"","bundle_min_size":"","bundle_max_size":"","bundle_price":[],"bundled_items":[],"bundle_sell_ids":[],"acf":[],"aioseo_notices":[],"_links":{"self":[{"href":"https:\/\/alpaka-shop.com\/de\/wp-json\/wp\/v2\/product\/21696","targetHints":{"allow":["GET"]}}],"collection":[{"href":"https:\/\/alpaka-shop.com\/de\/wp-json\/wp\/v2\/product"}],"about":[{"href":"https:\/\/alpaka-shop.com\/de\/wp-json\/wp\/v2\/types\/product"}],"wp:featuredmedia":[{"embeddable":true,"href":"https:\/\/alpaka-shop.com\/de\/wp-json\/wp\/v2\/media\/21739"}],"wp:attachment":[{"href":"https:\/\/alpaka-shop.com\/de\/wp-json\/wp\/v2\/media?parent=21696"}],"wp:term":[{"taxonomy":"product_brand","embeddable":true,"href":"https:\/\/alpaka-shop.com\/de\/wp-json\/wp\/v2\/product_brand?post=21696"},{"taxonomy":"product_cat","embeddable":true,"href":"https:\/\/alpaka-shop.com\/de\/wp-json\/wp\/v2\/product_cat?post=21696"},{"taxonomy":"product_tag","embeddable":true,"href":"https:\/\/alpaka-shop.com\/de\/wp-json\/wp\/v2\/product_tag?post=21696"},{"taxonomy":"product_shipping_class","embeddable":true,"href":"https:\/\/alpaka-shop.com\/de\/wp-json\/wp\/v2\/product_shipping_class?post=21696"},{"taxonomy":"pa_soft-wrap-cardigan","embeddable":true,"href":"https:\/\/alpaka-shop.com\/de\/wp-json\/wp\/v2\/pa_soft-wrap-cardigan?post=21696"}],"curies":[{"name":"wp","href":"https:\/\/api.w.org\/{rel}","templated":true}]}}