{"id":22041,"date":"2020-11-12T12:57:36","date_gmt":"2020-11-12T12:57:36","guid":{"rendered":"https:\/\/alpaka-shop.com\/reiseschal\/"},"modified":"2025-07-01T09:00:34","modified_gmt":"2025-07-01T06:00:34","slug":"reiseschal","status":"publish","type":"product","link":"https:\/\/alpaka-shop.com\/de\/reiseschal\/","title":{"rendered":"Reiseschal"},"content":{"rendered":"","protected":false},"excerpt":{"rendered":"<p><span data-sheets-value=\"{&quot;1&quot;:2,&quot;2&quot;:&quot;Reiseschal \/ 100% Royal-Alpaka Umschlagtuch mit Taschen \/ Dieser clevere Schal ist sowohl stilvoll als auch praktisch. Es ist ein luxuri\u00f6ses Accessoire f\u00fcr Kunden, die h\u00f6chste Qualit\u00e4t und h\u00f6chsten Komfort auf Reisen sch\u00e4tzen. Aus luxuri\u00f6s weicher Royal Alpaca-Wolle gesponnen, bietet er das ganze Jahr \u00fcber die perfekte Menge an W\u00e4rme. Dank seiner vielseitigen Funktionen und des perfekten, eleganten Casual-Looks werden Ihnen nie die M\u00f6glichkeiten ausgehen, ihn zu \u00fcberlagern. Das leichte Material macht es einfach, ihn \u00fcber die Schultern zu werfen, und der moderne Zusatz erm\u00f6glicht es Ihnen, Ihre H\u00e4nde f\u00fcr zus\u00e4tzliche W\u00e4rme in die Taschen zu stecken. Die drei nat\u00fcrlich neutralen Farboptionen machen dieses Kleidungsst\u00fcck zeitlos und lassen sich leicht mit Ihrer gesamten Garderobe kombinieren.&quot;}\" data-sheets-userformat=\"{&quot;2&quot;:769,&quot;3&quot;:{&quot;1&quot;:0},&quot;11&quot;:4,&quot;12&quot;:0}\" data-sheets-textstyleruns=\"{&quot;1&quot;:0,&quot;2&quot;:{&quot;5&quot;:1}}\uee10{&quot;1&quot;:11}\uee10{&quot;1&quot;:13,&quot;2&quot;:{&quot;4&quot;:8}}\uee10{&quot;1&quot;:56}\">\u00a0Dieser clevere Schal ist sowohl stilvoll als auch praktisch. Es ist ein luxuri\u00f6ses Accessoire f\u00fcr Kunden, die h\u00f6chste Qualit\u00e4t und h\u00f6chsten Komfort auf Reisen sch\u00e4tzen. Aus luxuri\u00f6s weicher Royal Alpaca-Wolle gesponnen, bietet er das ganze Jahr \u00fcber die perfekte Menge an W\u00e4rme. Dank seiner vielseitigen Funktionen und des perfekten, eleganten Casual-Looks werden Ihnen nie die M\u00f6glichkeiten ausgehen, ihn zu \u00fcberlagern. Das leichte Material macht es einfach, ihn \u00fcber die Schultern zu werfen, und der moderne Zusatz erm\u00f6glicht es Ihnen, Ihre H\u00e4nde f\u00fcr zus\u00e4tzliche W\u00e4rme in die Taschen zu stecken. Die drei nat\u00fcrlich neutralen Farboptionen machen dieses Kleidungsst\u00fcck zeitlos und lassen sich leicht mit Ihrer gesamten Garderobe kombinieren.<\/span><\/p>\n<p>MATERIAL<br \/>\n<strong>100% Royal Alpaka<\/strong><\/p>\n<p>VERPACKUNG<br \/>\n<strong>Geschenkbox<\/strong><\/p>\n","protected":false},"featured_media":21983,"template":"","meta":{"_acf_changed":false},"product_brand":[],"product_cat":[67,120,66],"product_tag":[],"product_shipping_class":[],"pa_soft-wrap-cardigan":[],"class_list":{"0":"post-22041","1":"product","2":"type-product","3":"status-publish","4":"has-post-thumbnail","6":"product_cat-damen","7":"product_cat-ponchos","8":"product_cat-schals-und-umschlagtucher","10":"first","11":"instock","12":"sale","13":"taxable","14":"shipping-taxable","15":"purchasable","16":"product-type-variable","17":"has-default-attributes","18":"wvs-archive-product-wrapper"},"bundled_by":[],"bundle_stock_status":"instock","bundle_stock_quantity":null,"bundle_virtual":false,"bundle_layout":"","bundle_add_to_cart_form_location":"","bundle_editable_in_cart":false,"bundle_sold_individually_context":"","bundle_item_grouping":"","bundle_min_size":"","bundle_max_size":"","bundle_price":[],"bundled_items":[],"bundle_sell_ids":[],"acf":[],"aioseo_notices":[],"_links":{"self":[{"href":"https:\/\/alpaka-shop.com\/de\/wp-json\/wp\/v2\/product\/22041","targetHints":{"allow":["GET"]}}],"collection":[{"href":"https:\/\/alpaka-shop.com\/de\/wp-json\/wp\/v2\/product"}],"about":[{"href":"https:\/\/alpaka-shop.com\/de\/wp-json\/wp\/v2\/types\/product"}],"wp:featuredmedia":[{"embeddable":true,"href":"https:\/\/alpaka-shop.com\/de\/wp-json\/wp\/v2\/media\/21983"}],"wp:attachment":[{"href":"https:\/\/alpaka-shop.com\/de\/wp-json\/wp\/v2\/media?parent=22041"}],"wp:term":[{"taxonomy":"product_brand","embeddable":true,"href":"https:\/\/alpaka-shop.com\/de\/wp-json\/wp\/v2\/product_brand?post=22041"},{"taxonomy":"product_cat","embeddable":true,"href":"https:\/\/alpaka-shop.com\/de\/wp-json\/wp\/v2\/product_cat?post=22041"},{"taxonomy":"product_tag","embeddable":true,"href":"https:\/\/alpaka-shop.com\/de\/wp-json\/wp\/v2\/product_tag?post=22041"},{"taxonomy":"product_shipping_class","embeddable":true,"href":"https:\/\/alpaka-shop.com\/de\/wp-json\/wp\/v2\/product_shipping_class?post=22041"},{"taxonomy":"pa_soft-wrap-cardigan","embeddable":true,"href":"https:\/\/alpaka-shop.com\/de\/wp-json\/wp\/v2\/pa_soft-wrap-cardigan?post=22041"}],"curies":[{"name":"wp","href":"https:\/\/api.w.org\/{rel}","templated":true}]}}