{"id":23204,"date":"2020-12-15T15:53:43","date_gmt":"2020-12-15T13:53:43","guid":{"rendered":"https:\/\/alpaka-shop.com\/?post_type=product&#038;p=23204"},"modified":"2026-04-13T12:00:06","modified_gmt":"2026-04-13T09:00:06","slug":"plaid-classic","status":"publish","type":"product","link":"https:\/\/alpaka-shop.com\/de\/plaid-classic\/","title":{"rendered":"Plaid Classic"},"content":{"rendered":"","protected":false},"excerpt":{"rendered":"<p><span data-sheets-value=\"{&quot;1&quot;:2,&quot;2&quot;:&quot;Plaid Classic Neu\/ Decke aus einer Alpaka-Wollmischung mit Fransen\/ Der \u00dcberwurf aus einer unnachahmlich weichen Alpaka-Wollmischung mit verschiedenen sch\u00f6nen Farboptionen verleiht Ihrem Interieur Luxus und Komfort. Die Decke ist auch eine ausgezeichnete Wahl f\u00fcr ein Picknick, einen windigen Strand oder ein Nachtkonzert. Die Kombination von Alpaka und \u00f6kologischer Wolle ergibt einen glamour\u00f6sen und unglaublich warmen Begleiter f\u00fcr diese besonders k\u00fchlen Abende.&quot;}\" data-sheets-userformat=\"{&quot;2&quot;:769,&quot;3&quot;:{&quot;1&quot;:0},&quot;11&quot;:4,&quot;12&quot;:0}\" data-sheets-textstyleruns=\"{&quot;1&quot;:0,&quot;2&quot;:{&quot;5&quot;:1}}\uee10{&quot;1&quot;:17}\">\u00a0Der \u00dcberwurf aus einer unnachahmlich weichen Alpaka-Wollmischung mit verschiedenen sch\u00f6nen Farboptionen verleiht Ihrem Interieur Luxus und Komfort. Die Decke ist auch eine ausgezeichnete Wahl f\u00fcr ein Picknick, einen windigen Strand oder ein Nachtkonzert. Die Kombination von Alpaka und \u00f6kologischer Wolle ergibt einen glamour\u00f6sen und unglaublich warmen Begleiter f\u00fcr diese besonders k\u00fchlen Abende. Mit Restst\u00fccken aus dem Fabrikproduktionsprozess, die als Abfall auf die st\u00e4dtischen Deponien gelangt w\u00e4ren, versuchen wir, die Verwendung der nat\u00fcrlichen Alpakafasern zu maximieren.<\/span><\/p>\n<p>MATERIAL<br \/>\n<strong>40% Alpaka, 45% Wolle, 15% Acryl<\/strong><\/p>\n<p>Das Produkt kann zu Beginn des Gebrauchs ein wenig Haar abwerfen, da es ein nat\u00fcrliches Material ist.<\/p>\n","protected":false},"featured_media":52936,"template":"","meta":{"_acf_changed":false},"product_brand":[],"product_cat":[112,2814,114],"product_tag":[],"product_shipping_class":[],"pa_soft-wrap-cardigan":[],"class_list":{"0":"post-23204","1":"product","2":"type-product","3":"status-publish","4":"has-post-thumbnail","6":"product_cat-interieur","7":"product_cat-march-edit-de","8":"product_cat-uberwurfe","10":"first","11":"instock","12":"taxable","13":"shipping-taxable","14":"purchasable","15":"product-type-variable","16":"has-default-attributes","17":"wvs-archive-product-wrapper"},"bundled_by":[],"bundle_stock_status":"instock","bundle_stock_quantity":null,"bundle_virtual":false,"bundle_layout":"","bundle_add_to_cart_form_location":"","bundle_editable_in_cart":false,"bundle_sold_individually_context":"","bundle_item_grouping":"","bundle_min_size":"","bundle_max_size":"","bundle_price":[],"bundled_items":[],"bundle_sell_ids":[],"acf":[],"aioseo_notices":[],"_links":{"self":[{"href":"https:\/\/alpaka-shop.com\/de\/wp-json\/wp\/v2\/product\/23204","targetHints":{"allow":["GET"]}}],"collection":[{"href":"https:\/\/alpaka-shop.com\/de\/wp-json\/wp\/v2\/product"}],"about":[{"href":"https:\/\/alpaka-shop.com\/de\/wp-json\/wp\/v2\/types\/product"}],"wp:featuredmedia":[{"embeddable":true,"href":"https:\/\/alpaka-shop.com\/de\/wp-json\/wp\/v2\/media\/52936"}],"wp:attachment":[{"href":"https:\/\/alpaka-shop.com\/de\/wp-json\/wp\/v2\/media?parent=23204"}],"wp:term":[{"taxonomy":"product_brand","embeddable":true,"href":"https:\/\/alpaka-shop.com\/de\/wp-json\/wp\/v2\/product_brand?post=23204"},{"taxonomy":"product_cat","embeddable":true,"href":"https:\/\/alpaka-shop.com\/de\/wp-json\/wp\/v2\/product_cat?post=23204"},{"taxonomy":"product_tag","embeddable":true,"href":"https:\/\/alpaka-shop.com\/de\/wp-json\/wp\/v2\/product_tag?post=23204"},{"taxonomy":"product_shipping_class","embeddable":true,"href":"https:\/\/alpaka-shop.com\/de\/wp-json\/wp\/v2\/product_shipping_class?post=23204"},{"taxonomy":"pa_soft-wrap-cardigan","embeddable":true,"href":"https:\/\/alpaka-shop.com\/de\/wp-json\/wp\/v2\/pa_soft-wrap-cardigan?post=23204"}],"curies":[{"name":"wp","href":"https:\/\/api.w.org\/{rel}","templated":true}]}}