{"id":23851,"date":"2020-12-17T13:52:41","date_gmt":"2020-12-17T11:52:45","guid":{"rendered":"https:\/\/alpaka-shop.com\/?post_type=product&#038;p=23851"},"modified":"2025-07-01T08:30:37","modified_gmt":"2025-07-01T05:30:37","slug":"mehrfarbige-kindermutze-mit-bommel-jungen","status":"publish","type":"product","link":"https:\/\/alpaka-shop.com\/de\/mehrfarbige-kindermutze-mit-bommel-jungen\/","title":{"rendered":"Mehrfarbige Kinderm\u00fctze mit Bommel f\u00fcr Jungen"},"content":{"rendered":"","protected":false},"excerpt":{"rendered":"<p>Diese entz\u00fcckende M\u00fctze aus Alpaka-Mischung bringt Leistung und Aussehen perfekt in Einklang. Sie bietet eine bequeme Passform, die nicht abrutscht und Ihre Kleinen sch\u00f6n und gem\u00fctlich h\u00e4lt. Die Traumkombination aus Alpaka, Polyamid und Merinowolle sorgt f\u00fcr viel Komfort und sch\u00fctzt vor K\u00e4lte, Wind und Schnee. Es gibt sie in einer Vielzahl von bunten Mustern.<\/p>\n<p>MATERIAL<\/p>\n<p><strong>60% Baby-Alpaka, 5% Merinowolle (21 mik.), 35% Polyamid<\/strong><\/p>\n<p>VERPACKUNG<\/p>\n<p><strong>Geschenkbox<\/strong><\/p>\n","protected":false},"featured_media":23461,"template":"","meta":{"_acf_changed":false},"product_brand":[],"product_cat":[910],"product_tag":[],"product_shipping_class":[],"pa_soft-wrap-cardigan":[],"class_list":{"0":"post-23851","1":"product","2":"type-product","3":"status-publish","4":"has-post-thumbnail","6":"product_cat-kinder","8":"first","9":"outofstock","10":"sale","11":"taxable","12":"shipping-taxable","13":"purchasable","14":"product-type-variable","15":"has-default-attributes","16":"wvs-archive-product-wrapper"},"bundled_by":[],"bundle_stock_status":"outofstock","bundle_stock_quantity":null,"bundle_virtual":false,"bundle_layout":"","bundle_add_to_cart_form_location":"","bundle_editable_in_cart":false,"bundle_sold_individually_context":"","bundle_item_grouping":"","bundle_min_size":"","bundle_max_size":"","bundle_price":[],"bundled_items":[],"bundle_sell_ids":[],"acf":[],"aioseo_notices":[],"_links":{"self":[{"href":"https:\/\/alpaka-shop.com\/de\/wp-json\/wp\/v2\/product\/23851","targetHints":{"allow":["GET"]}}],"collection":[{"href":"https:\/\/alpaka-shop.com\/de\/wp-json\/wp\/v2\/product"}],"about":[{"href":"https:\/\/alpaka-shop.com\/de\/wp-json\/wp\/v2\/types\/product"}],"wp:featuredmedia":[{"embeddable":true,"href":"https:\/\/alpaka-shop.com\/de\/wp-json\/wp\/v2\/media\/23461"}],"wp:attachment":[{"href":"https:\/\/alpaka-shop.com\/de\/wp-json\/wp\/v2\/media?parent=23851"}],"wp:term":[{"taxonomy":"product_brand","embeddable":true,"href":"https:\/\/alpaka-shop.com\/de\/wp-json\/wp\/v2\/product_brand?post=23851"},{"taxonomy":"product_cat","embeddable":true,"href":"https:\/\/alpaka-shop.com\/de\/wp-json\/wp\/v2\/product_cat?post=23851"},{"taxonomy":"product_tag","embeddable":true,"href":"https:\/\/alpaka-shop.com\/de\/wp-json\/wp\/v2\/product_tag?post=23851"},{"taxonomy":"product_shipping_class","embeddable":true,"href":"https:\/\/alpaka-shop.com\/de\/wp-json\/wp\/v2\/product_shipping_class?post=23851"},{"taxonomy":"pa_soft-wrap-cardigan","embeddable":true,"href":"https:\/\/alpaka-shop.com\/de\/wp-json\/wp\/v2\/pa_soft-wrap-cardigan?post=23851"}],"curies":[{"name":"wp","href":"https:\/\/api.w.org\/{rel}","templated":true}]}}