{"id":24746,"date":"2020-12-21T16:57:02","date_gmt":"2020-12-21T14:58:16","guid":{"rendered":"https:\/\/alpaka-shop.com\/?post_type=product&#038;p=24746"},"modified":"2024-11-08T22:20:09","modified_gmt":"2024-11-08T20:20:09","slug":"classic-fishbone-schal-manner","status":"publish","type":"product","link":"https:\/\/alpaka-shop.com\/de\/classic-fishbone-schal-manner\/","title":{"rendered":"Classic Fishbone Schal"},"content":{"rendered":"","protected":false},"excerpt":{"rendered":"<p>Der charmante und vielseitige Classic Fishbone Scal ist genau das richtige Accessoire f\u00fcr Ihre Herbstgarderobe. Dieser wundersch\u00f6ne Schal ist aus einer weichen Mischung aus Alpaka und Wolle in einem Twill-Gewebe gewebt und mit kreativen Fischgr\u00e4tenmotiven personalisiert. Betreten Sie eine Welt des Luxus voller w\u00e4rmster Emotionen.<\/p>\n<p>MATERIAL<br \/>\n<strong>40% Alpaka, 45% Wolle, 15% Acryl<\/strong><\/p>\n<p>VERPACKUNG<br \/>\n<strong>Geschenkbox<\/strong><\/p>\n<p>&nbsp;<\/p>\n","protected":false},"featured_media":24512,"template":"","meta":{"_acf_changed":false},"product_brand":[],"product_cat":[70,116],"product_tag":[],"product_shipping_class":[],"pa_soft-wrap-cardigan":[],"class_list":{"0":"post-24746","1":"product","2":"type-product","3":"status-publish","4":"has-post-thumbnail","6":"product_cat-herren","7":"product_cat-umschlagtucher-schals","9":"first","10":"outofstock","11":"taxable","12":"shipping-taxable","13":"purchasable","14":"product-type-variable","15":"has-default-attributes","16":"wvs-archive-product-wrapper"},"bundled_by":[],"bundle_stock_status":"outofstock","bundle_stock_quantity":null,"bundle_virtual":false,"bundle_layout":"","bundle_add_to_cart_form_location":"","bundle_editable_in_cart":false,"bundle_sold_individually_context":"","bundle_item_grouping":"","bundle_min_size":"","bundle_max_size":"","bundle_price":[],"bundled_items":[],"bundle_sell_ids":[],"acf":[],"aioseo_notices":[],"_links":{"self":[{"href":"https:\/\/alpaka-shop.com\/de\/wp-json\/wp\/v2\/product\/24746","targetHints":{"allow":["GET"]}}],"collection":[{"href":"https:\/\/alpaka-shop.com\/de\/wp-json\/wp\/v2\/product"}],"about":[{"href":"https:\/\/alpaka-shop.com\/de\/wp-json\/wp\/v2\/types\/product"}],"wp:featuredmedia":[{"embeddable":true,"href":"https:\/\/alpaka-shop.com\/de\/wp-json\/wp\/v2\/media\/24512"}],"wp:attachment":[{"href":"https:\/\/alpaka-shop.com\/de\/wp-json\/wp\/v2\/media?parent=24746"}],"wp:term":[{"taxonomy":"product_brand","embeddable":true,"href":"https:\/\/alpaka-shop.com\/de\/wp-json\/wp\/v2\/product_brand?post=24746"},{"taxonomy":"product_cat","embeddable":true,"href":"https:\/\/alpaka-shop.com\/de\/wp-json\/wp\/v2\/product_cat?post=24746"},{"taxonomy":"product_tag","embeddable":true,"href":"https:\/\/alpaka-shop.com\/de\/wp-json\/wp\/v2\/product_tag?post=24746"},{"taxonomy":"product_shipping_class","embeddable":true,"href":"https:\/\/alpaka-shop.com\/de\/wp-json\/wp\/v2\/product_shipping_class?post=24746"},{"taxonomy":"pa_soft-wrap-cardigan","embeddable":true,"href":"https:\/\/alpaka-shop.com\/de\/wp-json\/wp\/v2\/pa_soft-wrap-cardigan?post=24746"}],"curies":[{"name":"wp","href":"https:\/\/api.w.org\/{rel}","templated":true}]}}