{"id":25613,"date":"2021-01-29T13:22:33","date_gmt":"2021-01-29T11:22:33","guid":{"rendered":"https:\/\/alpaka-shop.com\/?post_type=product&#038;p=25613"},"modified":"2026-04-22T16:00:06","modified_gmt":"2026-04-22T13:00:06","slug":"plaid-classic-karo","status":"publish","type":"product","link":"https:\/\/alpaka-shop.com\/de\/plaid-classic-karo\/","title":{"rendered":"Plaid Classic Karo"},"content":{"rendered":"","protected":false},"excerpt":{"rendered":"<p>Das Plaid Classic Gradient Square besteht aus einer Mischung aus recyceltem Alpaka, Wolle und Acryl f\u00fcr eine warme, strapazierf\u00e4hige Decke. Egal, ob Sie in einer kalten Winternacht kuscheln oder an einem windigen Tag ein Picknick genie\u00dfen &#8211; dieses vielseitige Accessoire wird mit Sicherheit zu einem wesentlichen Bestandteil Ihres Alltags. Sie k\u00f6nnen den \u00dcberwurf in T\u00fcrkis, Lila oder traditionellen Farben wie Grau oder Beige erhalten.<\/p>\n<p>&nbsp;<\/p>\n<p>MATERIAL<br \/>\n<strong>40% RecyceltAlpaka, 45% Wolle, 15% Acryl<\/strong><\/p>\n<p>Das Produkt kann zu Beginn des Gebrauchs ein wenig Haar abwerfen, da es ein nat\u00fcrliches Material ist.<\/p>\n","protected":false},"featured_media":25541,"template":"","meta":{"_acf_changed":false},"product_brand":[],"product_cat":[112,114],"product_tag":[],"product_shipping_class":[],"pa_soft-wrap-cardigan":[],"class_list":{"0":"post-25613","1":"product","2":"type-product","3":"status-publish","4":"has-post-thumbnail","6":"product_cat-interieur","7":"product_cat-uberwurfe","9":"first","10":"instock","11":"taxable","12":"shipping-taxable","13":"purchasable","14":"product-type-variable","15":"has-default-attributes","16":"wvs-archive-product-wrapper"},"bundled_by":[],"bundle_stock_status":"instock","bundle_stock_quantity":null,"bundle_virtual":false,"bundle_layout":"","bundle_add_to_cart_form_location":"","bundle_editable_in_cart":false,"bundle_sold_individually_context":"","bundle_item_grouping":"","bundle_min_size":"","bundle_max_size":"","bundle_price":[],"bundled_items":[],"bundle_sell_ids":[],"acf":[],"aioseo_notices":[],"_links":{"self":[{"href":"https:\/\/alpaka-shop.com\/de\/wp-json\/wp\/v2\/product\/25613","targetHints":{"allow":["GET"]}}],"collection":[{"href":"https:\/\/alpaka-shop.com\/de\/wp-json\/wp\/v2\/product"}],"about":[{"href":"https:\/\/alpaka-shop.com\/de\/wp-json\/wp\/v2\/types\/product"}],"wp:featuredmedia":[{"embeddable":true,"href":"https:\/\/alpaka-shop.com\/de\/wp-json\/wp\/v2\/media\/25541"}],"wp:attachment":[{"href":"https:\/\/alpaka-shop.com\/de\/wp-json\/wp\/v2\/media?parent=25613"}],"wp:term":[{"taxonomy":"product_brand","embeddable":true,"href":"https:\/\/alpaka-shop.com\/de\/wp-json\/wp\/v2\/product_brand?post=25613"},{"taxonomy":"product_cat","embeddable":true,"href":"https:\/\/alpaka-shop.com\/de\/wp-json\/wp\/v2\/product_cat?post=25613"},{"taxonomy":"product_tag","embeddable":true,"href":"https:\/\/alpaka-shop.com\/de\/wp-json\/wp\/v2\/product_tag?post=25613"},{"taxonomy":"product_shipping_class","embeddable":true,"href":"https:\/\/alpaka-shop.com\/de\/wp-json\/wp\/v2\/product_shipping_class?post=25613"},{"taxonomy":"pa_soft-wrap-cardigan","embeddable":true,"href":"https:\/\/alpaka-shop.com\/de\/wp-json\/wp\/v2\/pa_soft-wrap-cardigan?post=25613"}],"curies":[{"name":"wp","href":"https:\/\/api.w.org\/{rel}","templated":true}]}}