{"id":25777,"date":"2021-01-30T09:35:19","date_gmt":"2021-02-01T13:46:54","guid":{"rendered":"https:\/\/alpaka-shop.com\/?post_type=product&#038;p=25777"},"modified":"2026-03-10T09:30:11","modified_gmt":"2026-03-10T07:30:11","slug":"umschlagtuch-mit-fellbesatz","status":"publish","type":"product","link":"https:\/\/alpaka-shop.com\/de\/umschlagtuch-mit-fellbesatz\/","title":{"rendered":"Umschlagtuch mit Fellbesatz"},"content":{"rendered":"","protected":false},"excerpt":{"rendered":"<p>Das Umschlagtuch mit Fellbesatz besteht aus 100% Baby-Alpaka-Wolle und ist mit nat\u00fcrlichem Alpaka-Fell besetzt. Dieser Schal ist ein luxuri\u00f6ses Accessoire f\u00fcr Frauen, die die traditionelle Technik zur Herstellung sch\u00f6ner Produkte wirklich zu sch\u00e4tzen wissen. Mit unseren Schals sind die M\u00f6glichkeiten unbegrenzt &#8211; sie k\u00f6nnen wie Modeaccessoires als perfektes Detail anstelle von Schmuck oder als Einrichtungszubeh\u00f6r verwendet werden, das Ihrem Zuhause etwas Glamour verleiht. Es ist auch eine nachhaltige Wahl. Die Beschaffung von Alpaka-Wolle und Pelz ist ethisch einwandfrei, frei von Grausamkeiten und umweltfreundlich.<\/p>\n<p>MATERIAL<strong><br \/>\n100% Baby-Alpaka mit langhaarigem Alpakafell-Besatz<br \/>\n<\/strong><\/p>\n<p>VERPACKUNG<strong><br \/>\nGeschenkbox<\/strong><\/p>\n","protected":false},"featured_media":5987,"template":"","meta":{"_acf_changed":false},"product_brand":[],"product_cat":[67,66],"product_tag":[],"product_shipping_class":[],"pa_soft-wrap-cardigan":[],"class_list":{"0":"post-25777","1":"product","2":"type-product","3":"status-publish","4":"has-post-thumbnail","6":"product_cat-damen","7":"product_cat-schals-und-umschlagtucher","9":"first","10":"instock","11":"taxable","12":"shipping-taxable","13":"purchasable","14":"product-type-variable","15":"has-default-attributes","16":"wvs-archive-product-wrapper"},"bundled_by":[],"bundle_stock_status":"instock","bundle_stock_quantity":null,"bundle_virtual":false,"bundle_layout":"","bundle_add_to_cart_form_location":"","bundle_editable_in_cart":false,"bundle_sold_individually_context":"","bundle_item_grouping":"","bundle_min_size":"","bundle_max_size":"","bundle_price":[],"bundled_items":[],"bundle_sell_ids":[],"acf":[],"aioseo_notices":[],"_links":{"self":[{"href":"https:\/\/alpaka-shop.com\/de\/wp-json\/wp\/v2\/product\/25777","targetHints":{"allow":["GET"]}}],"collection":[{"href":"https:\/\/alpaka-shop.com\/de\/wp-json\/wp\/v2\/product"}],"about":[{"href":"https:\/\/alpaka-shop.com\/de\/wp-json\/wp\/v2\/types\/product"}],"wp:featuredmedia":[{"embeddable":true,"href":"https:\/\/alpaka-shop.com\/de\/wp-json\/wp\/v2\/media\/5987"}],"wp:attachment":[{"href":"https:\/\/alpaka-shop.com\/de\/wp-json\/wp\/v2\/media?parent=25777"}],"wp:term":[{"taxonomy":"product_brand","embeddable":true,"href":"https:\/\/alpaka-shop.com\/de\/wp-json\/wp\/v2\/product_brand?post=25777"},{"taxonomy":"product_cat","embeddable":true,"href":"https:\/\/alpaka-shop.com\/de\/wp-json\/wp\/v2\/product_cat?post=25777"},{"taxonomy":"product_tag","embeddable":true,"href":"https:\/\/alpaka-shop.com\/de\/wp-json\/wp\/v2\/product_tag?post=25777"},{"taxonomy":"product_shipping_class","embeddable":true,"href":"https:\/\/alpaka-shop.com\/de\/wp-json\/wp\/v2\/product_shipping_class?post=25777"},{"taxonomy":"pa_soft-wrap-cardigan","embeddable":true,"href":"https:\/\/alpaka-shop.com\/de\/wp-json\/wp\/v2\/pa_soft-wrap-cardigan?post=25777"}],"curies":[{"name":"wp","href":"https:\/\/api.w.org\/{rel}","templated":true}]}}