{"id":27749,"date":"2021-04-09T11:52:37","date_gmt":"2021-04-09T08:52:39","guid":{"rendered":"https:\/\/alpaka-shop.com\/?post_type=product&#038;p=27749"},"modified":"2026-02-18T10:30:06","modified_gmt":"2026-02-18T08:30:06","slug":"fishermans-rib-beanie-mit-bommel","status":"publish","type":"product","link":"https:\/\/alpaka-shop.com\/de\/fishermans-rib-beanie-mit-bommel\/","title":{"rendered":"Fisherman\u00b4s Rib Beanie mit Bommel"},"content":{"rendered":"","protected":false},"excerpt":{"rendered":"<p>Diese Wollm\u00fctze hat einen klassischen Fischerripp und ist aus hochwertigem Baby-Alpaka f\u00fcr maximale Weichheit gefertigt. Diese M\u00fctze h\u00e4lt Sie an kalten Tagen oder bei jeglichen Outdoor-Aktivit\u00e4ten warm und stilvoll. Sie ist in einer Vielzahl neutraler Farben erh\u00e4ltlich und beh\u00e4lt im Laufe der Zeit ihre Form.<\/p>\n<p>&nbsp;<\/p>\n<p>MATERIAL<\/p>\n<p><strong>100% Baby-Alpaka<\/strong><\/p>\n<p>VERPACKUNG<br \/>\n<b>Geschenktasche<\/b><\/p>\n","protected":false},"featured_media":45335,"template":"","meta":{"_acf_changed":false},"product_brand":[],"product_cat":[67,119],"product_tag":[],"product_shipping_class":[],"pa_soft-wrap-cardigan":[],"class_list":{"0":"post-27749","1":"product","2":"type-product","3":"status-publish","4":"has-post-thumbnail","6":"product_cat-damen","7":"product_cat-mutzen-damen","9":"first","10":"instock","11":"taxable","12":"shipping-taxable","13":"purchasable","14":"product-type-variable","15":"has-default-attributes","16":"wvs-archive-product-wrapper"},"bundled_by":[],"bundle_stock_status":"instock","bundle_stock_quantity":null,"bundle_virtual":false,"bundle_layout":"","bundle_add_to_cart_form_location":"","bundle_editable_in_cart":false,"bundle_sold_individually_context":"","bundle_item_grouping":"","bundle_min_size":"","bundle_max_size":"","bundle_price":[],"bundled_items":[],"bundle_sell_ids":[],"acf":[],"aioseo_notices":[],"_links":{"self":[{"href":"https:\/\/alpaka-shop.com\/de\/wp-json\/wp\/v2\/product\/27749","targetHints":{"allow":["GET"]}}],"collection":[{"href":"https:\/\/alpaka-shop.com\/de\/wp-json\/wp\/v2\/product"}],"about":[{"href":"https:\/\/alpaka-shop.com\/de\/wp-json\/wp\/v2\/types\/product"}],"wp:featuredmedia":[{"embeddable":true,"href":"https:\/\/alpaka-shop.com\/de\/wp-json\/wp\/v2\/media\/45335"}],"wp:attachment":[{"href":"https:\/\/alpaka-shop.com\/de\/wp-json\/wp\/v2\/media?parent=27749"}],"wp:term":[{"taxonomy":"product_brand","embeddable":true,"href":"https:\/\/alpaka-shop.com\/de\/wp-json\/wp\/v2\/product_brand?post=27749"},{"taxonomy":"product_cat","embeddable":true,"href":"https:\/\/alpaka-shop.com\/de\/wp-json\/wp\/v2\/product_cat?post=27749"},{"taxonomy":"product_tag","embeddable":true,"href":"https:\/\/alpaka-shop.com\/de\/wp-json\/wp\/v2\/product_tag?post=27749"},{"taxonomy":"product_shipping_class","embeddable":true,"href":"https:\/\/alpaka-shop.com\/de\/wp-json\/wp\/v2\/product_shipping_class?post=27749"},{"taxonomy":"pa_soft-wrap-cardigan","embeddable":true,"href":"https:\/\/alpaka-shop.com\/de\/wp-json\/wp\/v2\/pa_soft-wrap-cardigan?post=27749"}],"curies":[{"name":"wp","href":"https:\/\/api.w.org\/{rel}","templated":true}]}}