{"id":30580,"date":"2021-11-16T21:36:29","date_gmt":"2021-11-16T19:36:29","guid":{"rendered":"https:\/\/alpaka-shop.com\/rollkragenpullover\/"},"modified":"2026-03-16T10:00:19","modified_gmt":"2026-03-16T08:00:19","slug":"rollkragenpullover","status":"publish","type":"product","link":"https:\/\/alpaka-shop.com\/de\/rollkragenpullover\/","title":{"rendered":"Rollkragenpullover"},"content":{"rendered":"","protected":false},"excerpt":{"rendered":"<p>Unser Rollkragenpullover f\u00fcr Herren kommt mit einer klaren Silhouette und gedeckten Farbt\u00f6nen.<\/p>\n<p>Die feine Royal-Alpaka-Wolle macht ihn unglaublich leicht und ideal zum Tragen unter einer Anzugjacke. Der kuschelige Rollkragen h\u00e4lt Sie auch an den k\u00e4ltesten Tagen warm und gesch\u00fctzt. Bereichern Sie Ihre Wintertage mit den w\u00e4rmsten Emotionen.<\/p>\n","protected":false},"featured_media":54007,"template":"","meta":{"_acf_changed":false},"product_brand":[],"product_cat":[70,117],"product_tag":[],"product_shipping_class":[],"pa_soft-wrap-cardigan":[],"class_list":{"0":"post-30580","1":"product","2":"type-product","3":"status-publish","4":"has-post-thumbnail","6":"product_cat-herren","7":"product_cat-pullover-und-strickjacken","9":"first","10":"instock","11":"taxable","12":"shipping-taxable","13":"purchasable","14":"product-type-variable","15":"has-default-attributes","16":"wvs-archive-product-wrapper"},"bundled_by":[],"bundle_stock_status":"instock","bundle_stock_quantity":null,"bundle_virtual":false,"bundle_layout":"","bundle_add_to_cart_form_location":"","bundle_editable_in_cart":false,"bundle_sold_individually_context":"","bundle_item_grouping":"","bundle_min_size":"","bundle_max_size":"","bundle_price":[],"bundled_items":[],"bundle_sell_ids":[],"acf":[],"aioseo_notices":[],"_links":{"self":[{"href":"https:\/\/alpaka-shop.com\/de\/wp-json\/wp\/v2\/product\/30580","targetHints":{"allow":["GET"]}}],"collection":[{"href":"https:\/\/alpaka-shop.com\/de\/wp-json\/wp\/v2\/product"}],"about":[{"href":"https:\/\/alpaka-shop.com\/de\/wp-json\/wp\/v2\/types\/product"}],"wp:featuredmedia":[{"embeddable":true,"href":"https:\/\/alpaka-shop.com\/de\/wp-json\/wp\/v2\/media\/54007"}],"wp:attachment":[{"href":"https:\/\/alpaka-shop.com\/de\/wp-json\/wp\/v2\/media?parent=30580"}],"wp:term":[{"taxonomy":"product_brand","embeddable":true,"href":"https:\/\/alpaka-shop.com\/de\/wp-json\/wp\/v2\/product_brand?post=30580"},{"taxonomy":"product_cat","embeddable":true,"href":"https:\/\/alpaka-shop.com\/de\/wp-json\/wp\/v2\/product_cat?post=30580"},{"taxonomy":"product_tag","embeddable":true,"href":"https:\/\/alpaka-shop.com\/de\/wp-json\/wp\/v2\/product_tag?post=30580"},{"taxonomy":"product_shipping_class","embeddable":true,"href":"https:\/\/alpaka-shop.com\/de\/wp-json\/wp\/v2\/product_shipping_class?post=30580"},{"taxonomy":"pa_soft-wrap-cardigan","embeddable":true,"href":"https:\/\/alpaka-shop.com\/de\/wp-json\/wp\/v2\/pa_soft-wrap-cardigan?post=30580"}],"curies":[{"name":"wp","href":"https:\/\/api.w.org\/{rel}","templated":true}]}}