{"id":30799,"date":"2020-11-11T14:54:06","date_gmt":"2020-11-11T12:54:06","guid":{"rendered":"https:\/\/alpaka-shop.com\/leichte-fischerripp-mutze\/"},"modified":"2026-04-20T14:20:11","modified_gmt":"2026-04-20T11:20:11","slug":"leichte-fischerripp-mutze","status":"publish","type":"product","link":"https:\/\/alpaka-shop.com\/de\/leichte-fischerripp-mutze\/","title":{"rendered":"Leichte Fischerripp M\u00fctze"},"content":{"rendered":"","protected":false},"excerpt":{"rendered":"<p>Diese trendige und warme M\u00fctze sch\u00fctzt Sie bei allen Wettersituationen in k\u00e4lteren Jahreszeiten.<\/p>\n<p>Entdecken Sie Spitzenleistung durch eine \u00e4u\u00dferst weiche und hautfreundliche Alpaka-Wollmischung. Diese Sch\u00f6nheit gibt es in vier attraktiven Farb\u00f6nen.<\/p>\n<p>MATERIAL<br \/>\n<strong>100% Baby-Alpaka<\/strong><\/p>\n","protected":false},"featured_media":45340,"template":"","meta":{"_acf_changed":false},"product_brand":[],"product_cat":[67,2814,119],"product_tag":[],"product_shipping_class":[],"pa_soft-wrap-cardigan":[],"class_list":{"0":"post-30799","1":"product","2":"type-product","3":"status-publish","4":"has-post-thumbnail","6":"product_cat-damen","7":"product_cat-march-edit-de","8":"product_cat-mutzen-damen","10":"first","11":"instock","12":"taxable","13":"shipping-taxable","14":"purchasable","15":"product-type-variable","16":"has-default-attributes","17":"wvs-archive-product-wrapper"},"bundled_by":[],"bundle_stock_status":"instock","bundle_stock_quantity":null,"bundle_virtual":false,"bundle_layout":"","bundle_add_to_cart_form_location":"","bundle_editable_in_cart":false,"bundle_sold_individually_context":"","bundle_item_grouping":"","bundle_min_size":"","bundle_max_size":"","bundle_price":[],"bundled_items":[],"bundle_sell_ids":[],"acf":[],"aioseo_notices":[],"_links":{"self":[{"href":"https:\/\/alpaka-shop.com\/de\/wp-json\/wp\/v2\/product\/30799","targetHints":{"allow":["GET"]}}],"collection":[{"href":"https:\/\/alpaka-shop.com\/de\/wp-json\/wp\/v2\/product"}],"about":[{"href":"https:\/\/alpaka-shop.com\/de\/wp-json\/wp\/v2\/types\/product"}],"wp:featuredmedia":[{"embeddable":true,"href":"https:\/\/alpaka-shop.com\/de\/wp-json\/wp\/v2\/media\/45340"}],"wp:attachment":[{"href":"https:\/\/alpaka-shop.com\/de\/wp-json\/wp\/v2\/media?parent=30799"}],"wp:term":[{"taxonomy":"product_brand","embeddable":true,"href":"https:\/\/alpaka-shop.com\/de\/wp-json\/wp\/v2\/product_brand?post=30799"},{"taxonomy":"product_cat","embeddable":true,"href":"https:\/\/alpaka-shop.com\/de\/wp-json\/wp\/v2\/product_cat?post=30799"},{"taxonomy":"product_tag","embeddable":true,"href":"https:\/\/alpaka-shop.com\/de\/wp-json\/wp\/v2\/product_tag?post=30799"},{"taxonomy":"product_shipping_class","embeddable":true,"href":"https:\/\/alpaka-shop.com\/de\/wp-json\/wp\/v2\/product_shipping_class?post=30799"},{"taxonomy":"pa_soft-wrap-cardigan","embeddable":true,"href":"https:\/\/alpaka-shop.com\/de\/wp-json\/wp\/v2\/pa_soft-wrap-cardigan?post=30799"}],"curies":[{"name":"wp","href":"https:\/\/api.w.org\/{rel}","templated":true}]}}