{"id":31474,"date":"2021-11-23T22:49:00","date_gmt":"2021-11-23T20:49:00","guid":{"rendered":"https:\/\/alpaka-shop.com\/mehrfarbige-mutze\/"},"modified":"2026-03-09T09:20:04","modified_gmt":"2026-03-09T07:20:04","slug":"mehrfarbige-mutze","status":"publish","type":"product","link":"https:\/\/alpaka-shop.com\/de\/mehrfarbige-mutze\/","title":{"rendered":"Mehrfarbige M\u00fctze"},"content":{"rendered":"","protected":false},"excerpt":{"rendered":"<p>Unser Mehrfarbige M\u00fctze ist alles andere als langweilig! Sie ist aus einer weichen Alpaka-Merinowollmischung gestrickt, die dich warm h\u00e4lt, wenn es k\u00fchler wird. Die M\u00fctze ist in drei verspielten Farbkombinationen erh\u00e4ltlich, um auch den grauen Tagen etwas W\u00fcrze und Freude zu verleihen. Erlaube dir, dich wieder mit deiner lustigen Seite zu verbinden und werde kreativ, indem du sie auf alle m\u00f6glichen Arten stylst.<\/p>\n<p>MATERIAL<\/p>\n<p>V\u00e4rien leikki\u00e4 tarjoava p\u00e4\u00e4hineemme on kaikkea muuta kuin tyls\u00e4! Pehme\u00e4 alpalkkamerinovillasekoitteesta tehty neulos pit\u00e4\u00e4 sinut l\u00e4mpim\u00e4n\u00e4 s\u00e4\u00e4n viiletess\u00e4. P\u00e4\u00e4hine on saatavana kolmena leikkis\u00e4n\u00e4 v\u00e4riyhdistelm\u00e4n\u00e4, jotka tuovat piristyst\u00e4 ja iloa harmaimpaankin p\u00e4iv\u00e4\u00e4n. Heitt\u00e4ydy leikkis\u00e4ksi ja p\u00e4\u00e4st\u00e4 luovuutesi valloilleen muotoilemalla p\u00e4\u00e4hinett\u00e4 kaikin mahdollisin tavoin.<\/p>\n<p>MATERIAL<br \/>\n<strong>60% Baby-alpaka, 5% Merinowoll, 35% Polyamid<\/strong><\/p>\n","protected":false},"featured_media":45120,"template":"","meta":{"_acf_changed":false},"product_brand":[],"product_cat":[67,119],"product_tag":[],"product_shipping_class":[],"pa_soft-wrap-cardigan":[],"class_list":{"0":"post-31474","1":"product","2":"type-product","3":"status-publish","4":"has-post-thumbnail","6":"product_cat-damen","7":"product_cat-mutzen-damen","9":"first","10":"instock","11":"taxable","12":"shipping-taxable","13":"purchasable","14":"product-type-variable","15":"has-default-attributes","16":"wvs-archive-product-wrapper"},"bundled_by":[],"bundle_stock_status":"instock","bundle_stock_quantity":null,"bundle_virtual":false,"bundle_layout":"","bundle_add_to_cart_form_location":"","bundle_editable_in_cart":false,"bundle_sold_individually_context":"","bundle_item_grouping":"","bundle_min_size":"","bundle_max_size":"","bundle_price":[],"bundled_items":[],"bundle_sell_ids":[],"acf":[],"aioseo_notices":[],"_links":{"self":[{"href":"https:\/\/alpaka-shop.com\/de\/wp-json\/wp\/v2\/product\/31474","targetHints":{"allow":["GET"]}}],"collection":[{"href":"https:\/\/alpaka-shop.com\/de\/wp-json\/wp\/v2\/product"}],"about":[{"href":"https:\/\/alpaka-shop.com\/de\/wp-json\/wp\/v2\/types\/product"}],"wp:featuredmedia":[{"embeddable":true,"href":"https:\/\/alpaka-shop.com\/de\/wp-json\/wp\/v2\/media\/45120"}],"wp:attachment":[{"href":"https:\/\/alpaka-shop.com\/de\/wp-json\/wp\/v2\/media?parent=31474"}],"wp:term":[{"taxonomy":"product_brand","embeddable":true,"href":"https:\/\/alpaka-shop.com\/de\/wp-json\/wp\/v2\/product_brand?post=31474"},{"taxonomy":"product_cat","embeddable":true,"href":"https:\/\/alpaka-shop.com\/de\/wp-json\/wp\/v2\/product_cat?post=31474"},{"taxonomy":"product_tag","embeddable":true,"href":"https:\/\/alpaka-shop.com\/de\/wp-json\/wp\/v2\/product_tag?post=31474"},{"taxonomy":"product_shipping_class","embeddable":true,"href":"https:\/\/alpaka-shop.com\/de\/wp-json\/wp\/v2\/product_shipping_class?post=31474"},{"taxonomy":"pa_soft-wrap-cardigan","embeddable":true,"href":"https:\/\/alpaka-shop.com\/de\/wp-json\/wp\/v2\/pa_soft-wrap-cardigan?post=31474"}],"curies":[{"name":"wp","href":"https:\/\/api.w.org\/{rel}","templated":true}]}}