{"id":31580,"date":"2021-11-24T16:28:52","date_gmt":"2021-11-24T14:28:52","guid":{"rendered":"https:\/\/alpaka-shop.com\/?post_type=product&#038;p=31580"},"modified":"2026-04-13T13:00:09","modified_gmt":"2026-04-13T10:00:09","slug":"leichter-pullover-mit-zopfmuster","status":"publish","type":"product","link":"https:\/\/alpaka-shop.com\/de\/leichter-pullover-mit-zopfmuster\/","title":{"rendered":"Leichter Pullover mit Zopfmuster"},"content":{"rendered":"","protected":false},"excerpt":{"rendered":"<p>Der luftige Pullover mit Zopfmuster wird schnell zu Ihrem Lieblings-Alltagsbegleiter. Dieser gerade geschnittene Pullover ist von gerippten Abschl\u00fcssen umrahmt und hat einen gesteppten Saum, der vorne leicht verk\u00fcrzt ist. Er ist aus einer Alpaka-Wollmischung gestrickt, die au\u00dfergew\u00f6hnlich warm und dennoch leicht und atmungsaktiv ist. Das minimalistische Design passt zu fast allem in Ihrem Kleiderschrank und macht das Anziehen am Morgen zu einer Freude.<\/p>\n<p>MATERIAL<br \/>\n<strong>60% Baby-Alpaka, 5% Merinowolle (21 mik.), 35% Polyamid<\/strong><\/p>\n<p>&nbsp;<\/p>\n","protected":false},"featured_media":54197,"template":"","meta":{"_acf_changed":false},"product_brand":[],"product_cat":[67,121],"product_tag":[],"product_shipping_class":[],"pa_soft-wrap-cardigan":[],"class_list":{"0":"post-31580","1":"product","2":"type-product","3":"status-publish","4":"has-post-thumbnail","6":"product_cat-damen","7":"product_cat-pullover-cardigans","9":"first","10":"instock","11":"sale","12":"taxable","13":"shipping-taxable","14":"purchasable","15":"product-type-variable","16":"has-default-attributes","17":"wvs-archive-product-wrapper"},"bundled_by":[],"bundle_stock_status":"instock","bundle_stock_quantity":null,"bundle_virtual":false,"bundle_layout":"","bundle_add_to_cart_form_location":"","bundle_editable_in_cart":false,"bundle_sold_individually_context":"","bundle_item_grouping":"","bundle_min_size":"","bundle_max_size":"","bundle_price":[],"bundled_items":[],"bundle_sell_ids":[],"acf":[],"aioseo_notices":[],"_links":{"self":[{"href":"https:\/\/alpaka-shop.com\/de\/wp-json\/wp\/v2\/product\/31580","targetHints":{"allow":["GET"]}}],"collection":[{"href":"https:\/\/alpaka-shop.com\/de\/wp-json\/wp\/v2\/product"}],"about":[{"href":"https:\/\/alpaka-shop.com\/de\/wp-json\/wp\/v2\/types\/product"}],"wp:featuredmedia":[{"embeddable":true,"href":"https:\/\/alpaka-shop.com\/de\/wp-json\/wp\/v2\/media\/54197"}],"wp:attachment":[{"href":"https:\/\/alpaka-shop.com\/de\/wp-json\/wp\/v2\/media?parent=31580"}],"wp:term":[{"taxonomy":"product_brand","embeddable":true,"href":"https:\/\/alpaka-shop.com\/de\/wp-json\/wp\/v2\/product_brand?post=31580"},{"taxonomy":"product_cat","embeddable":true,"href":"https:\/\/alpaka-shop.com\/de\/wp-json\/wp\/v2\/product_cat?post=31580"},{"taxonomy":"product_tag","embeddable":true,"href":"https:\/\/alpaka-shop.com\/de\/wp-json\/wp\/v2\/product_tag?post=31580"},{"taxonomy":"product_shipping_class","embeddable":true,"href":"https:\/\/alpaka-shop.com\/de\/wp-json\/wp\/v2\/product_shipping_class?post=31580"},{"taxonomy":"pa_soft-wrap-cardigan","embeddable":true,"href":"https:\/\/alpaka-shop.com\/de\/wp-json\/wp\/v2\/pa_soft-wrap-cardigan?post=31580"}],"curies":[{"name":"wp","href":"https:\/\/api.w.org\/{rel}","templated":true}]}}