{"id":31646,"date":"2021-11-24T16:36:22","date_gmt":"2021-11-24T14:36:22","guid":{"rendered":"https:\/\/alpaka-shop.com\/?post_type=product&#038;p=31646"},"modified":"2026-02-05T14:00:12","modified_gmt":"2026-02-05T12:00:12","slug":"leichter-rollkragenpullover","status":"publish","type":"product","link":"https:\/\/alpaka-shop.com\/de\/leichter-rollkragenpullover\/","title":{"rendered":"Leichter Rollkragenpullover"},"content":{"rendered":"","protected":false},"excerpt":{"rendered":"<p><span data-sheets-value=\"{&quot;1&quot;:2,&quot;2&quot;:&quot;Leichter Rollkragenpullover \/100% Royal Alpaka Rollkragenpullover \/ Sind Sie bereit, nach etwas Warmem und Luxuri\u00f6sem zu greifen? Unser leichter Rollkragenpullover ist das Muss f\u00fcr den Winter. Aus luxuri\u00f6s weicher Royal-Alpaka-Wolle gesponnen, bietet er den perfekten Grad an W\u00e4rme. Die beiden neutralen Farbt\u00f6ne passen zu allem in Ihrer Garderobe, machen das Anziehen zum Vergn\u00fcgen und machen Lust auf den Rest des Tages!&quot;}\" data-sheets-userformat=\"{&quot;2&quot;:771,&quot;3&quot;:{&quot;1&quot;:0},&quot;4&quot;:{&quot;1&quot;:3,&quot;3&quot;:2},&quot;11&quot;:4,&quot;12&quot;:0}\" data-sheets-textstyleruns=\"{&quot;1&quot;:0}\uee10{&quot;1&quot;:29,&quot;2&quot;:{&quot;4&quot;:8}}\uee10{&quot;1&quot;:65}\">Sind Sie bereit, nach etwas Warmem und Luxuri\u00f6sem zu greifen? Unser leichter Rollkragenpullover ist das Muss f\u00fcr den Winter. Aus luxuri\u00f6s weicher Royal-Alpaka-Wolle gesponnen, bietet er den perfekten Grad an W\u00e4rme. Die beiden neutralen Farbt\u00f6ne passen zu allem in Ihrer Garderobe, machen das Anziehen zum Vergn\u00fcgen und machen Lust auf den Rest des Tages!<\/span><\/p>\n","protected":false},"featured_media":31673,"template":"","meta":{"_acf_changed":false},"product_brand":[],"product_cat":[67,121],"product_tag":[],"product_shipping_class":[],"pa_soft-wrap-cardigan":[],"class_list":{"0":"post-31646","1":"product","2":"type-product","3":"status-publish","4":"has-post-thumbnail","6":"product_cat-damen","7":"product_cat-pullover-cardigans","9":"first","10":"instock","11":"sale","12":"taxable","13":"shipping-taxable","14":"purchasable","15":"product-type-variable","16":"has-default-attributes","17":"wvs-archive-product-wrapper"},"bundled_by":[],"bundle_stock_status":"instock","bundle_stock_quantity":null,"bundle_virtual":false,"bundle_layout":"","bundle_add_to_cart_form_location":"","bundle_editable_in_cart":false,"bundle_sold_individually_context":"","bundle_item_grouping":"","bundle_min_size":"","bundle_max_size":"","bundle_price":[],"bundled_items":[],"bundle_sell_ids":[],"acf":[],"aioseo_notices":[],"_links":{"self":[{"href":"https:\/\/alpaka-shop.com\/de\/wp-json\/wp\/v2\/product\/31646","targetHints":{"allow":["GET"]}}],"collection":[{"href":"https:\/\/alpaka-shop.com\/de\/wp-json\/wp\/v2\/product"}],"about":[{"href":"https:\/\/alpaka-shop.com\/de\/wp-json\/wp\/v2\/types\/product"}],"wp:featuredmedia":[{"embeddable":true,"href":"https:\/\/alpaka-shop.com\/de\/wp-json\/wp\/v2\/media\/31673"}],"wp:attachment":[{"href":"https:\/\/alpaka-shop.com\/de\/wp-json\/wp\/v2\/media?parent=31646"}],"wp:term":[{"taxonomy":"product_brand","embeddable":true,"href":"https:\/\/alpaka-shop.com\/de\/wp-json\/wp\/v2\/product_brand?post=31646"},{"taxonomy":"product_cat","embeddable":true,"href":"https:\/\/alpaka-shop.com\/de\/wp-json\/wp\/v2\/product_cat?post=31646"},{"taxonomy":"product_tag","embeddable":true,"href":"https:\/\/alpaka-shop.com\/de\/wp-json\/wp\/v2\/product_tag?post=31646"},{"taxonomy":"product_shipping_class","embeddable":true,"href":"https:\/\/alpaka-shop.com\/de\/wp-json\/wp\/v2\/product_shipping_class?post=31646"},{"taxonomy":"pa_soft-wrap-cardigan","embeddable":true,"href":"https:\/\/alpaka-shop.com\/de\/wp-json\/wp\/v2\/pa_soft-wrap-cardigan?post=31646"}],"curies":[{"name":"wp","href":"https:\/\/api.w.org\/{rel}","templated":true}]}}