{"id":33462,"date":"2021-12-05T23:48:18","date_gmt":"2021-12-05T21:48:18","guid":{"rendered":"https:\/\/alpaka-shop.com\/geschenkset-fur-sie-fishermans-rib-beanie-schal-exclusive\/"},"modified":"2023-10-05T15:55:43","modified_gmt":"2023-10-05T12:55:43","slug":"geschenkset-fur-sie-fishermans-rib-beanie-schal-exclusive","status":"publish","type":"product","link":"https:\/\/alpaka-shop.com\/de\/geschenkset-fur-sie-fishermans-rib-beanie-schal-exclusive\/","title":{"rendered":"GESCHENKSET f\u00fcr sie: Fisherman\u00b4s Rib Beanie &#038; Schal Exclusive"},"content":{"rendered":"","protected":false},"excerpt":{"rendered":"<p><span data-sheets-value=\"{&quot;1&quot;:2,&quot;2&quot;:&quot;Diese clevere M\u00fctzen-Schal-Kombination ist perfekt, wenn Sie Wert auf h\u00f6chste Qualit\u00e4t und besten Komfort legen. Beide sind aus extrafeiner Babyalpaka-Wolle gestrickt, damit Sie sich in der kalten Jahreszeit wohl und sicher f\u00fchlen.&quot;}\" data-sheets-userformat=\"{&quot;2&quot;:769,&quot;3&quot;:{&quot;1&quot;:0},&quot;11&quot;:4,&quot;12&quot;:0}\">Diese clevere M\u00fctzen-Schal-Kombination ist perfekt, wenn Sie Wert auf h\u00f6chste Qualit\u00e4t und besten Komfort legen. <\/span><\/p>\n<p><span data-sheets-value=\"{&quot;1&quot;:2,&quot;2&quot;:&quot;Diese clevere M\u00fctzen-Schal-Kombination ist perfekt, wenn Sie Wert auf h\u00f6chste Qualit\u00e4t und besten Komfort legen. Beide sind aus extrafeiner Babyalpaka-Wolle gestrickt, damit Sie sich in der kalten Jahreszeit wohl und sicher f\u00fchlen.&quot;}\" data-sheets-userformat=\"{&quot;2&quot;:769,&quot;3&quot;:{&quot;1&quot;:0},&quot;11&quot;:4,&quot;12&quot;:0}\">Beide sind aus extrafeiner Babyalpaka-Wolle gestrickt, damit Sie sich in der kalten Jahreszeit wohl und sicher f\u00fchlen.<\/span><\/p>\n","protected":false},"featured_media":32870,"template":"","meta":{"_acf_changed":false},"product_brand":[],"product_cat":[15],"product_tag":[],"product_shipping_class":[],"pa_soft-wrap-cardigan":[],"class_list":{"0":"post-33462","1":"product","2":"type-product","3":"status-publish","4":"has-post-thumbnail","6":"product_cat-uncategorized","8":"first","9":"instock","10":"sale","11":"taxable","12":"shipping-taxable","13":"purchasable","14":"product-type-variable","15":"has-default-attributes","16":"wvs-archive-product-wrapper"},"bundled_by":[],"bundle_stock_status":"instock","bundle_stock_quantity":null,"bundle_virtual":false,"bundle_layout":"","bundle_add_to_cart_form_location":"","bundle_editable_in_cart":false,"bundle_sold_individually_context":"","bundle_item_grouping":"","bundle_min_size":"","bundle_max_size":"","bundle_price":[],"bundled_items":[],"bundle_sell_ids":[],"acf":[],"aioseo_notices":[],"_links":{"self":[{"href":"https:\/\/alpaka-shop.com\/de\/wp-json\/wp\/v2\/product\/33462","targetHints":{"allow":["GET"]}}],"collection":[{"href":"https:\/\/alpaka-shop.com\/de\/wp-json\/wp\/v2\/product"}],"about":[{"href":"https:\/\/alpaka-shop.com\/de\/wp-json\/wp\/v2\/types\/product"}],"wp:featuredmedia":[{"embeddable":true,"href":"https:\/\/alpaka-shop.com\/de\/wp-json\/wp\/v2\/media\/32870"}],"wp:attachment":[{"href":"https:\/\/alpaka-shop.com\/de\/wp-json\/wp\/v2\/media?parent=33462"}],"wp:term":[{"taxonomy":"product_brand","embeddable":true,"href":"https:\/\/alpaka-shop.com\/de\/wp-json\/wp\/v2\/product_brand?post=33462"},{"taxonomy":"product_cat","embeddable":true,"href":"https:\/\/alpaka-shop.com\/de\/wp-json\/wp\/v2\/product_cat?post=33462"},{"taxonomy":"product_tag","embeddable":true,"href":"https:\/\/alpaka-shop.com\/de\/wp-json\/wp\/v2\/product_tag?post=33462"},{"taxonomy":"product_shipping_class","embeddable":true,"href":"https:\/\/alpaka-shop.com\/de\/wp-json\/wp\/v2\/product_shipping_class?post=33462"},{"taxonomy":"pa_soft-wrap-cardigan","embeddable":true,"href":"https:\/\/alpaka-shop.com\/de\/wp-json\/wp\/v2\/pa_soft-wrap-cardigan?post=33462"}],"curies":[{"name":"wp","href":"https:\/\/api.w.org\/{rel}","templated":true}]}}