{"id":34000,"date":"2021-11-14T17:17:17","date_gmt":"2021-11-14T15:17:17","guid":{"rendered":"https:\/\/alpaka-shop.com\/leichter-fischerripp-schal\/"},"modified":"2026-03-24T14:20:11","modified_gmt":"2026-03-24T12:20:11","slug":"leichter-fischerripp-schal","status":"publish","type":"product","link":"https:\/\/alpaka-shop.com\/de\/leichter-fischerripp-schal\/","title":{"rendered":"Leichter Fischerripp Schal"},"content":{"rendered":"","protected":false},"excerpt":{"rendered":"<p><span data-sheets-value=\"{&quot;1&quot;:2,&quot;2&quot;:&quot;Leichter Fischerripp Schal \/Schal aus Alpaka-Woll-Mischung\/ Schal aus Alpaka-Woll-Mix mit Fischerripp Design \/ Auf der Suche nach etwas Zeitlosem zum Einh\u00fcllen? Der leichte Fischerripp Schal verleiht jedem Outfit Raffinesse, h\u00e4lt Ihren Hals warm und sch\u00fctzt ihn bei eisigen Temperaturen. Der Schal erh\u00e4lt durch das detailgetreue Fischerripp-Design eine einzigartige Optik und Haptik. Dieser wunderbar bequeme Schal aus Alpaka-Woll-Mischung ist ein echtes Muss f\u00fcr die k\u00e4ltere Jahreszeit. Kombinieren Sie den Schal mit unserer passenden Fischerripp M\u00fctze.&quot;}\" data-sheets-userformat=\"{&quot;2&quot;:769,&quot;3&quot;:{&quot;1&quot;:0},&quot;11&quot;:4,&quot;12&quot;:0}\" data-sheets-textstyleruns=\"{&quot;1&quot;:0}\uee10{&quot;1&quot;:28,&quot;2&quot;:{&quot;4&quot;:8}}\uee10{&quot;1&quot;:108}\">Auf der Suche nach etwas Zeitlosem zum Einh\u00fcllen? Der leichte Fischerripp Schal verleiht jedem Outfit Raffinesse, h\u00e4lt Ihren Hals warm und sch\u00fctzt ihn bei eisigen Temperaturen. Der Schal erh\u00e4lt durch das detailgetreue Fischerripp-Design eine einzigartige Optik und Haptik. Dieser wunderbar bequeme Schal aus Alpaka-Woll-Mischung ist ein echtes Muss f\u00fcr die k\u00e4ltere Jahreszeit. Kombinieren Sie den Schal mit unserer passenden Fischerripp M\u00fctze.<\/span><\/p>\n<p>MATERIAL<br \/>\n<strong>100% Baby-Alpaka<\/strong><\/p>\n<p>&nbsp;<\/p>\n","protected":false},"featured_media":46399,"template":"","meta":{"_acf_changed":false},"product_brand":[],"product_cat":[67,66],"product_tag":[],"product_shipping_class":[],"pa_soft-wrap-cardigan":[],"class_list":{"0":"post-34000","1":"product","2":"type-product","3":"status-publish","4":"has-post-thumbnail","6":"product_cat-damen","7":"product_cat-schals-und-umschlagtucher","9":"first","10":"instock","11":"taxable","12":"shipping-taxable","13":"purchasable","14":"product-type-variable","15":"has-default-attributes","16":"wvs-archive-product-wrapper"},"bundled_by":[],"bundle_stock_status":"instock","bundle_stock_quantity":null,"bundle_virtual":false,"bundle_layout":"","bundle_add_to_cart_form_location":"","bundle_editable_in_cart":false,"bundle_sold_individually_context":"","bundle_item_grouping":"","bundle_min_size":"","bundle_max_size":"","bundle_price":[],"bundled_items":[],"bundle_sell_ids":[],"acf":[],"aioseo_notices":[],"_links":{"self":[{"href":"https:\/\/alpaka-shop.com\/de\/wp-json\/wp\/v2\/product\/34000","targetHints":{"allow":["GET"]}}],"collection":[{"href":"https:\/\/alpaka-shop.com\/de\/wp-json\/wp\/v2\/product"}],"about":[{"href":"https:\/\/alpaka-shop.com\/de\/wp-json\/wp\/v2\/types\/product"}],"wp:featuredmedia":[{"embeddable":true,"href":"https:\/\/alpaka-shop.com\/de\/wp-json\/wp\/v2\/media\/46399"}],"wp:attachment":[{"href":"https:\/\/alpaka-shop.com\/de\/wp-json\/wp\/v2\/media?parent=34000"}],"wp:term":[{"taxonomy":"product_brand","embeddable":true,"href":"https:\/\/alpaka-shop.com\/de\/wp-json\/wp\/v2\/product_brand?post=34000"},{"taxonomy":"product_cat","embeddable":true,"href":"https:\/\/alpaka-shop.com\/de\/wp-json\/wp\/v2\/product_cat?post=34000"},{"taxonomy":"product_tag","embeddable":true,"href":"https:\/\/alpaka-shop.com\/de\/wp-json\/wp\/v2\/product_tag?post=34000"},{"taxonomy":"product_shipping_class","embeddable":true,"href":"https:\/\/alpaka-shop.com\/de\/wp-json\/wp\/v2\/product_shipping_class?post=34000"},{"taxonomy":"pa_soft-wrap-cardigan","embeddable":true,"href":"https:\/\/alpaka-shop.com\/de\/wp-json\/wp\/v2\/pa_soft-wrap-cardigan?post=34000"}],"curies":[{"name":"wp","href":"https:\/\/api.w.org\/{rel}","templated":true}]}}