{"id":34543,"date":"2021-11-14T15:55:29","date_gmt":"2021-11-14T13:55:29","guid":{"rendered":"https:\/\/alpaka-shop.com\/kinder-nackenwarmer\/"},"modified":"2026-03-11T09:47:44","modified_gmt":"2026-03-11T07:47:44","slug":"kinder-nackenwarmer","status":"publish","type":"product","link":"https:\/\/alpaka-shop.com\/de\/kinder-nackenwarmer\/","title":{"rendered":"Kinder Nackenw\u00e4rmer"},"content":{"rendered":"","protected":false},"excerpt":{"rendered":"<p><span data-sheets-value=\"{&quot;1&quot;:2,&quot;2&quot;:&quot;Kinder Nackenw\u00e4rmer\/ Baby Alpaka-Wollmischung Kinderhalsw\u00e4rmer\/ Unser Kinderhalsw\u00e4rmer ist das perfekte Winteraccessoire f\u00fcr die stylische Jugend. Dieser lustige und verspielte Kragen ist sowohl einfarbig als auch mehrfarbig erh\u00e4ltlich. Alpaka-Wolle-Mischung steht f\u00fcr ultimative W\u00e4rme und hervorragenden Tragekomfort. Durch die zus\u00e4tzliche L\u00e4nge vorne und hinten f\u00fchlen sie sich bei Familienausfl\u00fcgen bei kaltem Wetter angenehm kuschelig an.&quot;}\" data-sheets-userformat=\"{&quot;2&quot;:769,&quot;3&quot;:{&quot;1&quot;:0},&quot;11&quot;:4,&quot;12&quot;:0}\" data-sheets-textstyleruns=\"{&quot;1&quot;:0}\uee10{&quot;1&quot;:20,&quot;2&quot;:{&quot;4&quot;:8}}\uee10{&quot;1&quot;:62}\">\u00a0Unser Kinderhalsw\u00e4rmer ist das perfekte Winteraccessoire f\u00fcr die stylische Jugend. Dieser lustige und verspielte Kragen ist sowohl einfarbig als auch mehrfarbig erh\u00e4ltlich. Alpaka-Wolle-Mischung steht f\u00fcr ultimative W\u00e4rme und hervorragenden Tragekomfort. Durch die zus\u00e4tzliche L\u00e4nge vorne und hinten f\u00fchlen sie sich bei Familienausfl\u00fcgen bei kaltem Wetter angenehm kuschelig an.<\/span><\/p>\n<p>MATERIAL<br \/>\n<strong>60% Baby-Alpaka, 5% Merinowolle (21 mik.), 35% Polyamid<\/strong><\/p>\n","protected":false},"featured_media":34379,"template":"","meta":{"_acf_changed":false},"product_brand":[],"product_cat":[910],"product_tag":[],"product_shipping_class":[],"pa_soft-wrap-cardigan":[],"class_list":{"0":"post-34543","1":"product","2":"type-product","3":"status-publish","4":"has-post-thumbnail","6":"product_cat-kinder","8":"first","9":"instock","10":"taxable","11":"shipping-taxable","12":"purchasable","13":"product-type-variable","14":"has-default-attributes","15":"wvs-archive-product-wrapper"},"bundled_by":[],"bundle_stock_status":"instock","bundle_stock_quantity":null,"bundle_virtual":false,"bundle_layout":"","bundle_add_to_cart_form_location":"","bundle_editable_in_cart":false,"bundle_sold_individually_context":"","bundle_item_grouping":"","bundle_min_size":"","bundle_max_size":"","bundle_price":[],"bundled_items":[],"bundle_sell_ids":[],"acf":[],"aioseo_notices":[],"_links":{"self":[{"href":"https:\/\/alpaka-shop.com\/de\/wp-json\/wp\/v2\/product\/34543","targetHints":{"allow":["GET"]}}],"collection":[{"href":"https:\/\/alpaka-shop.com\/de\/wp-json\/wp\/v2\/product"}],"about":[{"href":"https:\/\/alpaka-shop.com\/de\/wp-json\/wp\/v2\/types\/product"}],"wp:featuredmedia":[{"embeddable":true,"href":"https:\/\/alpaka-shop.com\/de\/wp-json\/wp\/v2\/media\/34379"}],"wp:attachment":[{"href":"https:\/\/alpaka-shop.com\/de\/wp-json\/wp\/v2\/media?parent=34543"}],"wp:term":[{"taxonomy":"product_brand","embeddable":true,"href":"https:\/\/alpaka-shop.com\/de\/wp-json\/wp\/v2\/product_brand?post=34543"},{"taxonomy":"product_cat","embeddable":true,"href":"https:\/\/alpaka-shop.com\/de\/wp-json\/wp\/v2\/product_cat?post=34543"},{"taxonomy":"product_tag","embeddable":true,"href":"https:\/\/alpaka-shop.com\/de\/wp-json\/wp\/v2\/product_tag?post=34543"},{"taxonomy":"product_shipping_class","embeddable":true,"href":"https:\/\/alpaka-shop.com\/de\/wp-json\/wp\/v2\/product_shipping_class?post=34543"},{"taxonomy":"pa_soft-wrap-cardigan","embeddable":true,"href":"https:\/\/alpaka-shop.com\/de\/wp-json\/wp\/v2\/pa_soft-wrap-cardigan?post=34543"}],"curies":[{"name":"wp","href":"https:\/\/api.w.org\/{rel}","templated":true}]}}