{"id":34732,"date":"2022-01-27T21:04:26","date_gmt":"2022-01-27T19:55:31","guid":{"rendered":"https:\/\/alpaka-shop.com\/?post_type=product&#038;p=34732"},"modified":"2026-04-10T10:00:15","modified_gmt":"2026-04-10T07:00:15","slug":"tartan-schal","status":"publish","type":"product","link":"https:\/\/alpaka-shop.com\/de\/tartan-schal\/","title":{"rendered":"Tartan-Schal"},"content":{"rendered":"","protected":false},"excerpt":{"rendered":"<p><span data-sheets-value=\"{&quot;1&quot;:2,&quot;2&quot;:&quot;Tartan-Schal \/100% Baby-Alpaka Schal mit Tartan-Muster \/ Der Tartan-Schal ist vor allem f\u00fcr seinen vielseitigen Farbmix bekannt. Es ist unglaublich einfach, Ihr Outfit mit jeder der klassischen Farben des Schal-Designs zu kombinieren. Wenn Sie etwas auflockern m\u00f6chten, empfehlen wir Ihnen, harmonische Kontraste zwischen Ihrem Stil und den kr\u00e4ftigeren Farben des Schals zu finden, um ihn pers\u00f6nlicher zu machen. Diese Sch\u00f6nheit ist aus reiner Baby-Alpaka Wolle gefertigt, welche Weichheit in Kaschmirqualit\u00e4t bietet, sowie umweltfreundlich, w\u00e4rmeeffizient und nat\u00fcrlich seidig weich ist.&quot;}\" data-sheets-userformat=\"{&quot;2&quot;:771,&quot;3&quot;:{&quot;1&quot;:0},&quot;4&quot;:{&quot;1&quot;:3,&quot;3&quot;:8},&quot;11&quot;:4,&quot;12&quot;:0}\" data-sheets-textstyleruns=\"{&quot;1&quot;:0}\uee10{&quot;1&quot;:14,&quot;2&quot;:{&quot;4&quot;:8}}\uee10{&quot;1&quot;:53}\">Der Tartan-Schal ist vor allem f\u00fcr seinen vielseitigen Farbmix bekannt. Es ist unglaublich einfach, Ihr Outfit mit jeder der klassischen Farben des Schal-Designs zu kombinieren. Wenn Sie etwas auflockern m\u00f6chten, empfehlen wir Ihnen, harmonische Kontraste zwischen Ihrem Stil und den kr\u00e4ftigeren Farben des Schals zu finden, um ihn pers\u00f6nlicher zu machen. Diese Sch\u00f6nheit ist aus reiner Baby-Alpaka Wolle gefertigt, welche Weichheit in Kaschmirqualit\u00e4t bietet, sowie umweltfreundlich, w\u00e4rmeeffizient und nat\u00fcrlich seidig weich ist.<\/span><\/p>\n<p>MATERIAL<strong><br \/>\n100% Baby-Alpaka<\/strong><\/p>\n<p>VERPACKUNG<br \/>\n<strong>Geschenkbox<\/strong><\/p>\n","protected":false},"featured_media":49882,"template":"","meta":{"_acf_changed":false},"product_brand":[],"product_cat":[70,116],"product_tag":[],"product_shipping_class":[],"pa_soft-wrap-cardigan":[],"class_list":{"0":"post-34732","1":"product","2":"type-product","3":"status-publish","4":"has-post-thumbnail","6":"product_cat-herren","7":"product_cat-umschlagtucher-schals","9":"first","10":"outofstock","11":"taxable","12":"shipping-taxable","13":"purchasable","14":"product-type-variable","15":"has-default-attributes","16":"wvs-archive-product-wrapper"},"bundled_by":[],"bundle_stock_status":"outofstock","bundle_stock_quantity":null,"bundle_virtual":false,"bundle_layout":"","bundle_add_to_cart_form_location":"","bundle_editable_in_cart":false,"bundle_sold_individually_context":"","bundle_item_grouping":"","bundle_min_size":"","bundle_max_size":"","bundle_price":[],"bundled_items":[],"bundle_sell_ids":[],"acf":[],"aioseo_notices":[],"_links":{"self":[{"href":"https:\/\/alpaka-shop.com\/de\/wp-json\/wp\/v2\/product\/34732","targetHints":{"allow":["GET"]}}],"collection":[{"href":"https:\/\/alpaka-shop.com\/de\/wp-json\/wp\/v2\/product"}],"about":[{"href":"https:\/\/alpaka-shop.com\/de\/wp-json\/wp\/v2\/types\/product"}],"wp:featuredmedia":[{"embeddable":true,"href":"https:\/\/alpaka-shop.com\/de\/wp-json\/wp\/v2\/media\/49882"}],"wp:attachment":[{"href":"https:\/\/alpaka-shop.com\/de\/wp-json\/wp\/v2\/media?parent=34732"}],"wp:term":[{"taxonomy":"product_brand","embeddable":true,"href":"https:\/\/alpaka-shop.com\/de\/wp-json\/wp\/v2\/product_brand?post=34732"},{"taxonomy":"product_cat","embeddable":true,"href":"https:\/\/alpaka-shop.com\/de\/wp-json\/wp\/v2\/product_cat?post=34732"},{"taxonomy":"product_tag","embeddable":true,"href":"https:\/\/alpaka-shop.com\/de\/wp-json\/wp\/v2\/product_tag?post=34732"},{"taxonomy":"product_shipping_class","embeddable":true,"href":"https:\/\/alpaka-shop.com\/de\/wp-json\/wp\/v2\/product_shipping_class?post=34732"},{"taxonomy":"pa_soft-wrap-cardigan","embeddable":true,"href":"https:\/\/alpaka-shop.com\/de\/wp-json\/wp\/v2\/pa_soft-wrap-cardigan?post=34732"}],"curies":[{"name":"wp","href":"https:\/\/api.w.org\/{rel}","templated":true}]}}