{"id":35310,"date":"2022-02-18T22:18:56","date_gmt":"2022-02-18T20:18:56","guid":{"rendered":"https:\/\/alpaka-shop.com\/mutze-mit-zopfmotiven-fur-kinder-pompom\/"},"modified":"2026-02-19T10:00:20","modified_gmt":"2026-02-19T08:00:20","slug":"mutze-mit-zopfmotiven-fur-kinder-pompom","status":"publish","type":"product","link":"https:\/\/alpaka-shop.com\/de\/mutze-mit-zopfmotiven-fur-kinder-pompom\/","title":{"rendered":"M\u00fctze mit Zopfmotiven f\u00fcr Kinder POMPOM"},"content":{"rendered":"","protected":false},"excerpt":{"rendered":"<p>Zopfmotiv M\u00fctzen f\u00fcr Kinder sind schick und im Trend. Diese M\u00fctze besteht aus 100 % Baby-Alpaka-Wolle, die als die beste Naturfaser der Welt gilt, weich und strapazierf\u00e4hig ist und sich perfekt f\u00fcr das Allwetter-Tragen eignet. Halten Sie Ihre Kleinen bedeckt, damit sie alle Outdoor-Aktivit\u00e4ten genie\u00dfen k\u00f6nnen, die der Winter zu bieten hat. Die M\u00fctze mit Zopfmotiv f\u00fcr Kinder ist sowohl mit, als auch ohne unseren tierversuchsfreien Baby-Alpaka-Fell-Bommel erh\u00e4ltlich.<\/p>\n","protected":false},"featured_media":44137,"template":"","meta":{"_acf_changed":false},"product_brand":[],"product_cat":[910],"product_tag":[],"product_shipping_class":[],"pa_soft-wrap-cardigan":[],"class_list":{"0":"post-35310","1":"product","2":"type-product","3":"status-publish","4":"has-post-thumbnail","6":"product_cat-kinder","8":"first","9":"instock","10":"taxable","11":"shipping-taxable","12":"purchasable","13":"product-type-variable","14":"has-default-attributes","15":"wvs-archive-product-wrapper"},"bundled_by":[],"bundle_stock_status":"instock","bundle_stock_quantity":null,"bundle_virtual":false,"bundle_layout":"","bundle_add_to_cart_form_location":"","bundle_editable_in_cart":false,"bundle_sold_individually_context":"","bundle_item_grouping":"","bundle_min_size":"","bundle_max_size":"","bundle_price":[],"bundled_items":[],"bundle_sell_ids":[],"acf":[],"aioseo_notices":[],"_links":{"self":[{"href":"https:\/\/alpaka-shop.com\/de\/wp-json\/wp\/v2\/product\/35310","targetHints":{"allow":["GET"]}}],"collection":[{"href":"https:\/\/alpaka-shop.com\/de\/wp-json\/wp\/v2\/product"}],"about":[{"href":"https:\/\/alpaka-shop.com\/de\/wp-json\/wp\/v2\/types\/product"}],"wp:featuredmedia":[{"embeddable":true,"href":"https:\/\/alpaka-shop.com\/de\/wp-json\/wp\/v2\/media\/44137"}],"wp:attachment":[{"href":"https:\/\/alpaka-shop.com\/de\/wp-json\/wp\/v2\/media?parent=35310"}],"wp:term":[{"taxonomy":"product_brand","embeddable":true,"href":"https:\/\/alpaka-shop.com\/de\/wp-json\/wp\/v2\/product_brand?post=35310"},{"taxonomy":"product_cat","embeddable":true,"href":"https:\/\/alpaka-shop.com\/de\/wp-json\/wp\/v2\/product_cat?post=35310"},{"taxonomy":"product_tag","embeddable":true,"href":"https:\/\/alpaka-shop.com\/de\/wp-json\/wp\/v2\/product_tag?post=35310"},{"taxonomy":"product_shipping_class","embeddable":true,"href":"https:\/\/alpaka-shop.com\/de\/wp-json\/wp\/v2\/product_shipping_class?post=35310"},{"taxonomy":"pa_soft-wrap-cardigan","embeddable":true,"href":"https:\/\/alpaka-shop.com\/de\/wp-json\/wp\/v2\/pa_soft-wrap-cardigan?post=35310"}],"curies":[{"name":"wp","href":"https:\/\/api.w.org\/{rel}","templated":true}]}}