{"id":36775,"date":"2022-04-06T19:28:00","date_gmt":"2022-04-06T16:28:00","guid":{"rendered":"https:\/\/alpaka-shop.com\/geburstetes-stirnband\/"},"modified":"2026-04-07T12:20:05","modified_gmt":"2026-04-07T09:20:05","slug":"geburstetes-stirnband","status":"publish","type":"product","link":"https:\/\/alpaka-shop.com\/de\/geburstetes-stirnband\/","title":{"rendered":"Geb\u00fcrstetes Stirnband"},"content":{"rendered":"","protected":false},"excerpt":{"rendered":"<p>Unser geb\u00fcrstetes Stirnband besteht aus Alpaka-Wolle. Diese superfeine und atmungsaktive Faser ist von Natur aus geruchsabweisend und leitet Feuchtigkeit ab, sodass Sie sich bei jedem Wetter wohlf\u00fchlen. Geb\u00fcrstet f\u00fcr ein superweiches Tragegef\u00fchl, ist es ebenso warm wie schick. W\u00e4hlen Sie zwischen drei klassischen Farboptionen oder entscheiden Sie sich f\u00fcr eine festliche Stimmung mit einem rostroten oder einem wundersch\u00f6nen olivfarbenen Unterton.<\/p>\n<p>MATERIAL<br \/>\n<strong>100% geb\u00fcrstetes Baby-Alpaka<\/strong><\/p>\n","protected":false},"featured_media":52743,"template":"","meta":{"_acf_changed":false},"product_brand":[],"product_cat":[67,119,2588],"product_tag":[],"product_shipping_class":[],"pa_soft-wrap-cardigan":[],"class_list":{"0":"post-36775","1":"product","2":"type-product","3":"status-publish","4":"has-post-thumbnail","6":"product_cat-damen","7":"product_cat-mutzen-damen","8":"product_cat-stirnbander","10":"first","11":"instock","12":"taxable","13":"shipping-taxable","14":"purchasable","15":"product-type-variable","16":"has-default-attributes","17":"wvs-archive-product-wrapper"},"bundled_by":[],"bundle_stock_status":"instock","bundle_stock_quantity":null,"bundle_virtual":false,"bundle_layout":"","bundle_add_to_cart_form_location":"","bundle_editable_in_cart":false,"bundle_sold_individually_context":"","bundle_item_grouping":"","bundle_min_size":"","bundle_max_size":"","bundle_price":[],"bundled_items":[],"bundle_sell_ids":[],"acf":[],"aioseo_notices":[],"_links":{"self":[{"href":"https:\/\/alpaka-shop.com\/de\/wp-json\/wp\/v2\/product\/36775","targetHints":{"allow":["GET"]}}],"collection":[{"href":"https:\/\/alpaka-shop.com\/de\/wp-json\/wp\/v2\/product"}],"about":[{"href":"https:\/\/alpaka-shop.com\/de\/wp-json\/wp\/v2\/types\/product"}],"wp:featuredmedia":[{"embeddable":true,"href":"https:\/\/alpaka-shop.com\/de\/wp-json\/wp\/v2\/media\/52743"}],"wp:attachment":[{"href":"https:\/\/alpaka-shop.com\/de\/wp-json\/wp\/v2\/media?parent=36775"}],"wp:term":[{"taxonomy":"product_brand","embeddable":true,"href":"https:\/\/alpaka-shop.com\/de\/wp-json\/wp\/v2\/product_brand?post=36775"},{"taxonomy":"product_cat","embeddable":true,"href":"https:\/\/alpaka-shop.com\/de\/wp-json\/wp\/v2\/product_cat?post=36775"},{"taxonomy":"product_tag","embeddable":true,"href":"https:\/\/alpaka-shop.com\/de\/wp-json\/wp\/v2\/product_tag?post=36775"},{"taxonomy":"product_shipping_class","embeddable":true,"href":"https:\/\/alpaka-shop.com\/de\/wp-json\/wp\/v2\/product_shipping_class?post=36775"},{"taxonomy":"pa_soft-wrap-cardigan","embeddable":true,"href":"https:\/\/alpaka-shop.com\/de\/wp-json\/wp\/v2\/pa_soft-wrap-cardigan?post=36775"}],"curies":[{"name":"wp","href":"https:\/\/api.w.org\/{rel}","templated":true}]}}