{"id":36785,"date":"2022-04-06T19:08:18","date_gmt":"2022-04-06T16:08:18","guid":{"rendered":"https:\/\/alpaka-shop.com\/karierter-schal\/"},"modified":"2026-04-06T10:00:10","modified_gmt":"2026-04-06T07:00:10","slug":"karierter-schal","status":"publish","type":"product","link":"https:\/\/alpaka-shop.com\/de\/karierter-schal\/","title":{"rendered":"Karierter Schal"},"content":{"rendered":"","protected":false},"excerpt":{"rendered":"<p>Dieser karierte Schal ist ein wahres Modebekenntnis. Karos und Geometrie geben Ihnen die M\u00f6glichkeit, ein wenig verspielt zu sein und gleichzeitig klassisch zu bleiben. Strapazierf\u00e4hig, hochwertig und zeitlos gestaltet, geh\u00f6rt dieser Schal aus reinem Babyalpaka zu den Kleidungsst\u00fccken, die Sie immer wieder tragen werden.<\/p>\n","protected":false},"featured_media":49465,"template":"","meta":{"_acf_changed":false},"product_brand":[],"product_cat":[67,2814,66],"product_tag":[],"product_shipping_class":[],"pa_soft-wrap-cardigan":[],"class_list":{"0":"post-36785","1":"product","2":"type-product","3":"status-publish","4":"has-post-thumbnail","6":"product_cat-damen","7":"product_cat-march-edit-de","8":"product_cat-schals-und-umschlagtucher","10":"first","11":"instock","12":"taxable","13":"shipping-taxable","14":"purchasable","15":"product-type-variable","16":"has-default-attributes","17":"wvs-archive-product-wrapper"},"bundled_by":[],"bundle_stock_status":"instock","bundle_stock_quantity":null,"bundle_virtual":false,"bundle_layout":"","bundle_add_to_cart_form_location":"","bundle_editable_in_cart":false,"bundle_sold_individually_context":"","bundle_item_grouping":"","bundle_min_size":"","bundle_max_size":"","bundle_price":[],"bundled_items":[],"bundle_sell_ids":[],"acf":[],"aioseo_notices":[],"_links":{"self":[{"href":"https:\/\/alpaka-shop.com\/de\/wp-json\/wp\/v2\/product\/36785","targetHints":{"allow":["GET"]}}],"collection":[{"href":"https:\/\/alpaka-shop.com\/de\/wp-json\/wp\/v2\/product"}],"about":[{"href":"https:\/\/alpaka-shop.com\/de\/wp-json\/wp\/v2\/types\/product"}],"wp:featuredmedia":[{"embeddable":true,"href":"https:\/\/alpaka-shop.com\/de\/wp-json\/wp\/v2\/media\/49465"}],"wp:attachment":[{"href":"https:\/\/alpaka-shop.com\/de\/wp-json\/wp\/v2\/media?parent=36785"}],"wp:term":[{"taxonomy":"product_brand","embeddable":true,"href":"https:\/\/alpaka-shop.com\/de\/wp-json\/wp\/v2\/product_brand?post=36785"},{"taxonomy":"product_cat","embeddable":true,"href":"https:\/\/alpaka-shop.com\/de\/wp-json\/wp\/v2\/product_cat?post=36785"},{"taxonomy":"product_tag","embeddable":true,"href":"https:\/\/alpaka-shop.com\/de\/wp-json\/wp\/v2\/product_tag?post=36785"},{"taxonomy":"product_shipping_class","embeddable":true,"href":"https:\/\/alpaka-shop.com\/de\/wp-json\/wp\/v2\/product_shipping_class?post=36785"},{"taxonomy":"pa_soft-wrap-cardigan","embeddable":true,"href":"https:\/\/alpaka-shop.com\/de\/wp-json\/wp\/v2\/pa_soft-wrap-cardigan?post=36785"}],"curies":[{"name":"wp","href":"https:\/\/api.w.org\/{rel}","templated":true}]}}