{"id":36955,"date":"2019-09-13T08:11:10","date_gmt":"2019-09-13T08:11:10","guid":{"rendered":"https:\/\/alpaka-shop.com\/exclusive-cape\/"},"modified":"2026-03-13T13:00:06","modified_gmt":"2026-03-13T11:00:06","slug":"exclusive-cape","status":"publish","type":"product","link":"https:\/\/alpaka-shop.com\/de\/exclusive-cape\/","title":{"rendered":"Exclusive Cape"},"content":{"rendered":"","protected":false},"excerpt":{"rendered":"<p class=\"p1\">Dieses Cape ist eine Investition f\u00fcr ewig. Passt perfekt zu Abend- und Tagesmode und Sie k\u00f6nnen sicher sein, dass Sie unz\u00e4hlige M\u00f6glichkeiten finden, es zu stylen. Gefertigt aus luxuri\u00f6ser Baby-Alpaka-Wolle aus dem peruanischen Hochland, um Sie bei jeder Gelegenheit kuschelig und warm zu halten. Das Cape hat bei jedem Ihrer Schritte eine luftige Bewegung. Eine Gr\u00f6\u00dfe passt allen.<\/p>\n<p class=\"p1\">Wenn das Produkt derzeit nicht in Ihrer Lieblingsfarbe auf Lager ist, k\u00f6nnen Sie sich gerne an uns wenden.<\/p>\n","protected":false},"featured_media":54949,"template":"","meta":{"_acf_changed":false},"product_brand":[],"product_cat":[67,118,2814,120],"product_tag":[],"product_shipping_class":[],"pa_soft-wrap-cardigan":[],"class_list":{"0":"post-36955","1":"product","2":"type-product","3":"status-publish","4":"has-post-thumbnail","6":"product_cat-damen","7":"product_cat-kleidung","8":"product_cat-march-edit-de","9":"product_cat-ponchos","11":"first","12":"instock","13":"taxable","14":"shipping-taxable","15":"purchasable","16":"product-type-variable","17":"has-default-attributes","18":"wvs-archive-product-wrapper"},"bundled_by":[],"bundle_stock_status":"instock","bundle_stock_quantity":null,"bundle_virtual":false,"bundle_layout":"","bundle_add_to_cart_form_location":"","bundle_editable_in_cart":false,"bundle_sold_individually_context":"","bundle_item_grouping":"","bundle_min_size":"","bundle_max_size":"","bundle_price":[],"bundled_items":[],"bundle_sell_ids":[],"acf":[],"aioseo_notices":[],"_links":{"self":[{"href":"https:\/\/alpaka-shop.com\/de\/wp-json\/wp\/v2\/product\/36955","targetHints":{"allow":["GET"]}}],"collection":[{"href":"https:\/\/alpaka-shop.com\/de\/wp-json\/wp\/v2\/product"}],"about":[{"href":"https:\/\/alpaka-shop.com\/de\/wp-json\/wp\/v2\/types\/product"}],"wp:featuredmedia":[{"embeddable":true,"href":"https:\/\/alpaka-shop.com\/de\/wp-json\/wp\/v2\/media\/54949"}],"wp:attachment":[{"href":"https:\/\/alpaka-shop.com\/de\/wp-json\/wp\/v2\/media?parent=36955"}],"wp:term":[{"taxonomy":"product_brand","embeddable":true,"href":"https:\/\/alpaka-shop.com\/de\/wp-json\/wp\/v2\/product_brand?post=36955"},{"taxonomy":"product_cat","embeddable":true,"href":"https:\/\/alpaka-shop.com\/de\/wp-json\/wp\/v2\/product_cat?post=36955"},{"taxonomy":"product_tag","embeddable":true,"href":"https:\/\/alpaka-shop.com\/de\/wp-json\/wp\/v2\/product_tag?post=36955"},{"taxonomy":"product_shipping_class","embeddable":true,"href":"https:\/\/alpaka-shop.com\/de\/wp-json\/wp\/v2\/product_shipping_class?post=36955"},{"taxonomy":"pa_soft-wrap-cardigan","embeddable":true,"href":"https:\/\/alpaka-shop.com\/de\/wp-json\/wp\/v2\/pa_soft-wrap-cardigan?post=36955"}],"curies":[{"name":"wp","href":"https:\/\/api.w.org\/{rel}","templated":true}]}}