{"id":36996,"date":"2022-04-15T17:35:57","date_gmt":"2022-04-15T14:35:57","guid":{"rendered":"https:\/\/alpaka-shop.com\/cape\/"},"modified":"2026-04-15T11:07:09","modified_gmt":"2026-04-15T08:07:09","slug":"cape","status":"publish","type":"product","link":"https:\/\/alpaka-shop.com\/de\/cape\/","title":{"rendered":"Cape"},"content":{"rendered":"","protected":false},"excerpt":{"rendered":"<p class=\"p1\">Ein zeitloses Cape, das unvergleichliche Sch\u00f6nheit und Komfort bietet. Sein einfacher flie\u00dfender Schnitt macht ihn zu einer gro\u00dfartigen W\u00e4rmeschicht f\u00fcr jeden. Hergestellt aus 100% Baby-Alpaka, hitzeeffizient, extrem seidig anzufassen und allergiefrei. Die Farbauswahl reicht von klassischem schwarz und wei\u00df bis zu nat\u00fcrlichem Kamel und Hellgrau.<\/p>\n<p class=\"p1\">MATERIAL<br \/>\n100% Baby-Alpaka<\/p>\n<p class=\"p1\">\n","protected":false},"featured_media":45588,"template":"","meta":{"_acf_changed":false},"product_brand":[],"product_cat":[67,118,120],"product_tag":[],"product_shipping_class":[],"pa_soft-wrap-cardigan":[],"class_list":{"0":"post-36996","1":"product","2":"type-product","3":"status-publish","4":"has-post-thumbnail","6":"product_cat-damen","7":"product_cat-kleidung","8":"product_cat-ponchos","10":"first","11":"instock","12":"taxable","13":"shipping-taxable","14":"purchasable","15":"product-type-variable","16":"has-default-attributes","17":"wvs-archive-product-wrapper"},"bundled_by":[],"bundle_stock_status":"instock","bundle_stock_quantity":null,"bundle_virtual":false,"bundle_layout":"","bundle_add_to_cart_form_location":"","bundle_editable_in_cart":false,"bundle_sold_individually_context":"","bundle_item_grouping":"","bundle_min_size":"","bundle_max_size":"","bundle_price":[],"bundled_items":[],"bundle_sell_ids":[],"acf":[],"aioseo_notices":[],"_links":{"self":[{"href":"https:\/\/alpaka-shop.com\/de\/wp-json\/wp\/v2\/product\/36996","targetHints":{"allow":["GET"]}}],"collection":[{"href":"https:\/\/alpaka-shop.com\/de\/wp-json\/wp\/v2\/product"}],"about":[{"href":"https:\/\/alpaka-shop.com\/de\/wp-json\/wp\/v2\/types\/product"}],"wp:featuredmedia":[{"embeddable":true,"href":"https:\/\/alpaka-shop.com\/de\/wp-json\/wp\/v2\/media\/45588"}],"wp:attachment":[{"href":"https:\/\/alpaka-shop.com\/de\/wp-json\/wp\/v2\/media?parent=36996"}],"wp:term":[{"taxonomy":"product_brand","embeddable":true,"href":"https:\/\/alpaka-shop.com\/de\/wp-json\/wp\/v2\/product_brand?post=36996"},{"taxonomy":"product_cat","embeddable":true,"href":"https:\/\/alpaka-shop.com\/de\/wp-json\/wp\/v2\/product_cat?post=36996"},{"taxonomy":"product_tag","embeddable":true,"href":"https:\/\/alpaka-shop.com\/de\/wp-json\/wp\/v2\/product_tag?post=36996"},{"taxonomy":"product_shipping_class","embeddable":true,"href":"https:\/\/alpaka-shop.com\/de\/wp-json\/wp\/v2\/product_shipping_class?post=36996"},{"taxonomy":"pa_soft-wrap-cardigan","embeddable":true,"href":"https:\/\/alpaka-shop.com\/de\/wp-json\/wp\/v2\/pa_soft-wrap-cardigan?post=36996"}],"curies":[{"name":"wp","href":"https:\/\/api.w.org\/{rel}","templated":true}]}}