{"id":38276,"date":"2022-07-11T15:12:56","date_gmt":"2022-07-11T12:12:56","guid":{"rendered":"https:\/\/alpaka-shop.com\/alpaka-kaninchen-sami-de\/"},"modified":"2026-04-10T14:00:08","modified_gmt":"2026-04-10T11:00:08","slug":"alpaka-kaninchen-sami-de","status":"publish","type":"product","link":"https:\/\/alpaka-shop.com\/de\/alpaka-kaninchen-sami-de\/","title":{"rendered":"Alpaka-Kaninchen Sami"},"content":{"rendered":"","protected":false},"excerpt":{"rendered":"<p><span data-sheets-value=\"{&quot;1&quot;:2,&quot;2&quot;:&quot;Alpaka-Kaninchen Sami \/ Maxi-gro\u00dfes Alpaka-Fell-Kuscheltier mit kurzem flauschigem Haar \/rnDas kuschelige Alpaka-Kaninchen ist aus nat\u00fcrlichem Sami-Alpakafell gefertigt und an Weichheit nicht zu \u00fcbertreffen. Alle unsere Pl\u00fcschtiere sind handgefertigt, was bedeutet, dass jedes seine eigene Pers\u00f6nlichkeit hat. Die Alpakafasern sind antiallergisch und daher die perfekte Wahl f\u00fcr Kinder und Erwachsene mit Allergien oder empfindlicher Haut. Sie sind ein tolles Geschenk und einzigartige Sammlerst\u00fccke f\u00fcr Ihr Zuhause. rn&quot;}\" data-sheets-userformat=\"{&quot;2&quot;:769,&quot;3&quot;:{&quot;1&quot;:0},&quot;11&quot;:4,&quot;12&quot;:0}\">Das kuschelige Alpaka-Kaninchen ist aus nat\u00fcrlichem Sami-Alpakafell gefertigt und an Weichheit nicht zu \u00fcbertreffen. Alle unsere Pl\u00fcschtiere sind handgefertigt, was bedeutet, dass jedes seine eigene Pers\u00f6nlichkeit hat. Die Alpakafasern sind antiallergisch und daher die perfekte Wahl f\u00fcr Kinder und Erwachsene mit Allergien oder empfindlicher Haut. Sie sind ein tolles Geschenk und einzigartige Sammlerst\u00fccke f\u00fcr Ihr Zuhause.<br \/>\n<\/span><\/p>\n","protected":false},"featured_media":36553,"template":"","meta":{"_acf_changed":false},"product_brand":[],"product_cat":[111],"product_tag":[],"product_shipping_class":[],"pa_soft-wrap-cardigan":[],"class_list":{"0":"post-38276","1":"product","2":"type-product","3":"status-publish","4":"has-post-thumbnail","6":"product_cat-teddybaren","8":"first","9":"instock","10":"taxable","11":"shipping-taxable","12":"purchasable","13":"product-type-variable","14":"has-default-attributes","15":"wvs-archive-product-wrapper"},"bundled_by":[],"bundle_stock_status":"instock","bundle_stock_quantity":null,"bundle_virtual":false,"bundle_layout":"","bundle_add_to_cart_form_location":"","bundle_editable_in_cart":false,"bundle_sold_individually_context":"","bundle_item_grouping":"","bundle_min_size":"","bundle_max_size":"","bundle_price":[],"bundled_items":[],"bundle_sell_ids":[],"acf":[],"aioseo_notices":[],"_links":{"self":[{"href":"https:\/\/alpaka-shop.com\/de\/wp-json\/wp\/v2\/product\/38276","targetHints":{"allow":["GET"]}}],"collection":[{"href":"https:\/\/alpaka-shop.com\/de\/wp-json\/wp\/v2\/product"}],"about":[{"href":"https:\/\/alpaka-shop.com\/de\/wp-json\/wp\/v2\/types\/product"}],"wp:featuredmedia":[{"embeddable":true,"href":"https:\/\/alpaka-shop.com\/de\/wp-json\/wp\/v2\/media\/36553"}],"wp:attachment":[{"href":"https:\/\/alpaka-shop.com\/de\/wp-json\/wp\/v2\/media?parent=38276"}],"wp:term":[{"taxonomy":"product_brand","embeddable":true,"href":"https:\/\/alpaka-shop.com\/de\/wp-json\/wp\/v2\/product_brand?post=38276"},{"taxonomy":"product_cat","embeddable":true,"href":"https:\/\/alpaka-shop.com\/de\/wp-json\/wp\/v2\/product_cat?post=38276"},{"taxonomy":"product_tag","embeddable":true,"href":"https:\/\/alpaka-shop.com\/de\/wp-json\/wp\/v2\/product_tag?post=38276"},{"taxonomy":"product_shipping_class","embeddable":true,"href":"https:\/\/alpaka-shop.com\/de\/wp-json\/wp\/v2\/product_shipping_class?post=38276"},{"taxonomy":"pa_soft-wrap-cardigan","embeddable":true,"href":"https:\/\/alpaka-shop.com\/de\/wp-json\/wp\/v2\/pa_soft-wrap-cardigan?post=38276"}],"curies":[{"name":"wp","href":"https:\/\/api.w.org\/{rel}","templated":true}]}}