{"id":39052,"date":"2022-04-11T17:08:44","date_gmt":"2022-04-11T14:08:44","guid":{"rendered":"https:\/\/alpaka-shop.com\/runder-sami-teppich\/"},"modified":"2026-03-11T11:00:08","modified_gmt":"2026-03-11T09:00:08","slug":"runder-sami-teppich","status":"publish","type":"product","link":"https:\/\/alpaka-shop.com\/de\/runder-sami-teppich\/","title":{"rendered":"Runder Sami-Teppich"},"content":{"rendered":"","protected":false},"excerpt":{"rendered":"<p><span data-sheets-value=\"{&quot;1&quot;:2,&quot;2&quot;:&quot;Runder Sami-Teppich \/ Alpaka-Fellteppich mit runder Form und rutschfester Unterlage\/rnMit ihrer flauschigen Oberfl\u00e4che sind unsere Sami-Teppiche ein absoluter Genuss unter den F\u00fc\u00dfen und eine sch\u00f6ne Erg\u00e4nzung f\u00fcr jede Bodenfl\u00e4che. Das wolken\u00e4hnliche Gef\u00fchl ist so weich, dass man es bald in jedem Zimmer haben m\u00f6chte! Wir w\u00e4hlen nur die weichsten und feinsten Pelze aus lokalen Gemeinschaften in Peru, um Teppiche von h\u00f6chster Qualit\u00e4t zu produzieren. Wir verwenden eine spezielle Anti-Rutsch-Schicht und echte Lederbord\u00fcre bei allen unseren Pelzteppichen, um sie solider und langlebiger zu machen. Alle unsere Pelzprodukte sind ethisch unbedenklich. rn&quot;}\" data-sheets-userformat=\"{&quot;2&quot;:769,&quot;3&quot;:{&quot;1&quot;:0},&quot;11&quot;:4,&quot;12&quot;:0}\">Mit ihrer flauschigen Oberfl\u00e4che sind unsere Sami-Teppiche ein absoluter Genuss unter den F\u00fc\u00dfen und eine sch\u00f6ne Erg\u00e4nzung f\u00fcr jede Bodenfl\u00e4che. Das wolken\u00e4hnliche Gef\u00fchl ist so weich, dass man es bald in jedem Zimmer haben m\u00f6chte! Wir w\u00e4hlen nur die weichsten und feinsten Pelze aus lokalen Gemeinschaften in Peru, um Teppiche von h\u00f6chster Qualit\u00e4t zu produzieren. Wir verwenden eine spezielle Anti-Rutsch-Schicht und echte Lederbord\u00fcre bei allen unseren Pelzteppichen, um sie solider und langlebiger zu machen. Alle unsere Pelzprodukte sind ethisch unbedenklich.<br \/>\n<\/span><\/p>\n","protected":false},"featured_media":36406,"template":"","meta":{"_acf_changed":false},"product_brand":[],"product_cat":[112,125],"product_tag":[],"product_shipping_class":[],"pa_soft-wrap-cardigan":[],"class_list":{"0":"post-39052","1":"product","2":"type-product","3":"status-publish","4":"has-post-thumbnail","6":"product_cat-interieur","7":"product_cat-teppiche","9":"first","10":"instock","11":"taxable","12":"shipping-taxable","13":"purchasable","14":"product-type-variable","15":"has-default-attributes","16":"wvs-archive-product-wrapper"},"bundled_by":[],"bundle_stock_status":"instock","bundle_stock_quantity":null,"bundle_virtual":false,"bundle_layout":"","bundle_add_to_cart_form_location":"","bundle_editable_in_cart":false,"bundle_sold_individually_context":"","bundle_item_grouping":"","bundle_min_size":"","bundle_max_size":"","bundle_price":[],"bundled_items":[],"bundle_sell_ids":[],"acf":[],"aioseo_notices":[],"_links":{"self":[{"href":"https:\/\/alpaka-shop.com\/de\/wp-json\/wp\/v2\/product\/39052","targetHints":{"allow":["GET"]}}],"collection":[{"href":"https:\/\/alpaka-shop.com\/de\/wp-json\/wp\/v2\/product"}],"about":[{"href":"https:\/\/alpaka-shop.com\/de\/wp-json\/wp\/v2\/types\/product"}],"wp:featuredmedia":[{"embeddable":true,"href":"https:\/\/alpaka-shop.com\/de\/wp-json\/wp\/v2\/media\/36406"}],"wp:attachment":[{"href":"https:\/\/alpaka-shop.com\/de\/wp-json\/wp\/v2\/media?parent=39052"}],"wp:term":[{"taxonomy":"product_brand","embeddable":true,"href":"https:\/\/alpaka-shop.com\/de\/wp-json\/wp\/v2\/product_brand?post=39052"},{"taxonomy":"product_cat","embeddable":true,"href":"https:\/\/alpaka-shop.com\/de\/wp-json\/wp\/v2\/product_cat?post=39052"},{"taxonomy":"product_tag","embeddable":true,"href":"https:\/\/alpaka-shop.com\/de\/wp-json\/wp\/v2\/product_tag?post=39052"},{"taxonomy":"product_shipping_class","embeddable":true,"href":"https:\/\/alpaka-shop.com\/de\/wp-json\/wp\/v2\/product_shipping_class?post=39052"},{"taxonomy":"pa_soft-wrap-cardigan","embeddable":true,"href":"https:\/\/alpaka-shop.com\/de\/wp-json\/wp\/v2\/pa_soft-wrap-cardigan?post=39052"}],"curies":[{"name":"wp","href":"https:\/\/api.w.org\/{rel}","templated":true}]}}