{"id":39064,"date":"2022-04-11T17:06:05","date_gmt":"2022-04-11T14:06:05","guid":{"rendered":"https:\/\/alpaka-shop.com\/sami-teppich\/"},"modified":"2025-10-24T11:00:15","modified_gmt":"2025-10-24T08:00:15","slug":"sami-teppich","status":"publish","type":"product","link":"https:\/\/alpaka-shop.com\/de\/sami-teppich\/","title":{"rendered":"Sami-Teppich"},"content":{"rendered":"","protected":false},"excerpt":{"rendered":"<p><span data-sheets-value=\"{&quot;1&quot;:2,&quot;2&quot;:&quot;Sami-Teppich\/ Alpakateppich mit kurzem Haar und rutschfester R\u00fcckseite\/Ethisch gefertigter Alpakateppich mit kurzem Haar\/Unsere herrlich weichen und beruhigenden Alpakateppiche sind eine dekadente Erg\u00e4nzung f\u00fcr jeden Raum. Sami-Teppiche sind aus nat\u00fcrlichem Alpakapelz gefertigt, der sehr dick und weich im Griff ist. Sami bedeutet \u201eSt\u00e4rke\u201c im Quechua, daher ist Sami-Pelz als sehr dick und solide bekannt, h\u00e4lt weniger Luft im Inneren des Fells, bietet daf\u00fcr aber mehr Gl\u00e4tte, Haltbarkeit und W\u00e4rme. Jeder Sami-Teppich hat ein einzigartiges Aussehen, sowohl in Bezug auf die Farbvariationen als auch die physikalischen Eigenschaften des Alpakapelzes. Kleine Unterschiede in Farbt\u00f6nen und Faserl\u00e4nge k\u00f6nnen auftreten, da nur nat\u00fcrliche Materialien verwendet wurden. Diese Faser ist nat\u00fcrlich wasser- und schmutzabweisend, was die Pflege des Sami-Teppichs aus Alpakapelz einfach macht. Unser Alpakapelz ist zu 100 % tierversuchsfrei bezogen. Weitere Informationen und Details entnehmen Sie bitte unseren Produktpflege-Richtlinien.&quot;}\" data-sheets-userformat=\"{&quot;2&quot;:769,&quot;3&quot;:{&quot;1&quot;:0},&quot;11&quot;:4,&quot;12&quot;:0}\">Unsere herrlich weichen und beruhigenden Alpakateppiche sind eine dekadente Erg\u00e4nzung f\u00fcr jeden Raum. Sami-Teppiche sind aus nat\u00fcrlichem Alpakapelz gefertigt, der sehr dick und weich im Griff ist. Sami bedeutet \u201eSt\u00e4rke\u201c im Quechua, daher ist Sami-Pelz als sehr dick und solide bekannt, h\u00e4lt weniger Luft im Inneren des Fells, bietet daf\u00fcr aber mehr Gl\u00e4tte, Haltbarkeit und W\u00e4rme. Jeder Sami-Teppich hat ein einzigartiges Aussehen, sowohl in Bezug auf die Farbvariationen als auch die physikalischen Eigenschaften des Alpakapelzes. Kleine Unterschiede in Farbt\u00f6nen und Faserl\u00e4nge k\u00f6nnen auftreten, da nur nat\u00fcrliche Materialien verwendet wurden. Diese Faser ist nat\u00fcrlich wasser- und schmutzabweisend, was die Pflege des Sami-Teppichs aus Alpakapelz einfach macht. Unser Alpakapelz ist zu 100 % tierversuchsfrei bezogen. Weitere Informationen und Details entnehmen Sie bitte unseren Produktpflege-Richtlinien.<\/span><\/p>\n","protected":false},"featured_media":36319,"template":"","meta":{"_acf_changed":false},"product_brand":[],"product_cat":[112,125],"product_tag":[],"product_shipping_class":[],"pa_soft-wrap-cardigan":[],"class_list":{"0":"post-39064","1":"product","2":"type-product","3":"status-publish","4":"has-post-thumbnail","6":"product_cat-interieur","7":"product_cat-teppiche","9":"first","10":"instock","11":"taxable","12":"shipping-taxable","13":"purchasable","14":"product-type-variable","15":"has-default-attributes","16":"wvs-archive-product-wrapper"},"bundled_by":[],"bundle_stock_status":"instock","bundle_stock_quantity":null,"bundle_virtual":false,"bundle_layout":"","bundle_add_to_cart_form_location":"","bundle_editable_in_cart":false,"bundle_sold_individually_context":"","bundle_item_grouping":"","bundle_min_size":"","bundle_max_size":"","bundle_price":[],"bundled_items":[],"bundle_sell_ids":[],"acf":[],"aioseo_notices":[],"_links":{"self":[{"href":"https:\/\/alpaka-shop.com\/de\/wp-json\/wp\/v2\/product\/39064","targetHints":{"allow":["GET"]}}],"collection":[{"href":"https:\/\/alpaka-shop.com\/de\/wp-json\/wp\/v2\/product"}],"about":[{"href":"https:\/\/alpaka-shop.com\/de\/wp-json\/wp\/v2\/types\/product"}],"wp:featuredmedia":[{"embeddable":true,"href":"https:\/\/alpaka-shop.com\/de\/wp-json\/wp\/v2\/media\/36319"}],"wp:attachment":[{"href":"https:\/\/alpaka-shop.com\/de\/wp-json\/wp\/v2\/media?parent=39064"}],"wp:term":[{"taxonomy":"product_brand","embeddable":true,"href":"https:\/\/alpaka-shop.com\/de\/wp-json\/wp\/v2\/product_brand?post=39064"},{"taxonomy":"product_cat","embeddable":true,"href":"https:\/\/alpaka-shop.com\/de\/wp-json\/wp\/v2\/product_cat?post=39064"},{"taxonomy":"product_tag","embeddable":true,"href":"https:\/\/alpaka-shop.com\/de\/wp-json\/wp\/v2\/product_tag?post=39064"},{"taxonomy":"product_shipping_class","embeddable":true,"href":"https:\/\/alpaka-shop.com\/de\/wp-json\/wp\/v2\/product_shipping_class?post=39064"},{"taxonomy":"pa_soft-wrap-cardigan","embeddable":true,"href":"https:\/\/alpaka-shop.com\/de\/wp-json\/wp\/v2\/pa_soft-wrap-cardigan?post=39064"}],"curies":[{"name":"wp","href":"https:\/\/api.w.org\/{rel}","templated":true}]}}