{"id":39086,"date":"2022-04-11T17:18:19","date_gmt":"2022-04-11T14:18:19","guid":{"rendered":"https:\/\/alpaka-shop.com\/sami-kissen\/"},"modified":"2026-03-27T17:20:04","modified_gmt":"2026-03-27T15:20:04","slug":"sami-kissen","status":"publish","type":"product","link":"https:\/\/alpaka-shop.com\/de\/sami-kissen\/","title":{"rendered":"Sami-Kissen"},"content":{"rendered":"","protected":false},"excerpt":{"rendered":"<p><span data-sheets-value=\"{&quot;1&quot;:2,&quot;2&quot;:&quot;Sami-Kissen\/ Alpaka Pelzkissenbezug mit kurzen Haaren\/Die Sami Kissen Kollektion ist hier, um Ihr Bett, Ihre Couch oder Ihren Lieblingssessel zu erg\u00e4nzen. Sie verleihen Ihrem Zuhause eine wundersch\u00f6n weiche und luxuri\u00f6se Note und lassen sich dank der nat\u00fcrlichen Farboptionen problemlos mit einer Reihe verschiedener Einrichtungsstile kombinieren. Unsere Sami-Kissen sind aus nat\u00fcrlichem Alpaka-Pelz mit einer Unterschicht aus 100 % Baby-Alpaka, beide sind ethisch beschafft. Das bedeutet, dass Sie unsere Produkte sicher genie\u00dfen k\u00f6nnen, in dem Wissen, dass keine Tiere in irgendeiner Weise gesch\u00e4digt oder misshandelt wurden.&quot;}\" data-sheets-userformat=\"{&quot;2&quot;:769,&quot;3&quot;:{&quot;1&quot;:0},&quot;11&quot;:4,&quot;12&quot;:0}\">Die Sami Kissen Kollektion ist hier, um Ihr Bett, Ihre Couch oder Ihren Lieblingssessel zu erg\u00e4nzen. Sie verleihen Ihrem Zuhause eine wundersch\u00f6n weiche und luxuri\u00f6se Note und lassen sich dank der nat\u00fcrlichen Farboptionen problemlos mit einer Reihe verschiedener Einrichtungsstile kombinieren. Unsere Sami-Kissen sind aus nat\u00fcrlichem Alpaka-Pelz mit einer Unterschicht aus 100 % Baby-Alpaka, beide sind ethisch beschafft. Das bedeutet, dass Sie unsere Produkte sicher genie\u00dfen k\u00f6nnen, in dem Wissen, dass keine Tiere in irgendeiner Weise gesch\u00e4digt oder misshandelt wurden.<\/span><\/p>\n","protected":false},"featured_media":36255,"template":"","meta":{"_acf_changed":false},"product_brand":[],"product_cat":[112,113],"product_tag":[],"product_shipping_class":[],"pa_soft-wrap-cardigan":[],"class_list":{"0":"post-39086","1":"product","2":"type-product","3":"status-publish","4":"has-post-thumbnail","6":"product_cat-interieur","7":"product_cat-kissen","9":"first","10":"instock","11":"taxable","12":"shipping-taxable","13":"purchasable","14":"product-type-variable","15":"has-default-attributes","16":"wvs-archive-product-wrapper"},"bundled_by":[],"bundle_stock_status":"instock","bundle_stock_quantity":null,"bundle_virtual":false,"bundle_layout":"","bundle_add_to_cart_form_location":"","bundle_editable_in_cart":false,"bundle_sold_individually_context":"","bundle_item_grouping":"","bundle_min_size":"","bundle_max_size":"","bundle_price":[],"bundled_items":[],"bundle_sell_ids":[],"acf":[],"aioseo_notices":[],"_links":{"self":[{"href":"https:\/\/alpaka-shop.com\/de\/wp-json\/wp\/v2\/product\/39086","targetHints":{"allow":["GET"]}}],"collection":[{"href":"https:\/\/alpaka-shop.com\/de\/wp-json\/wp\/v2\/product"}],"about":[{"href":"https:\/\/alpaka-shop.com\/de\/wp-json\/wp\/v2\/types\/product"}],"wp:featuredmedia":[{"embeddable":true,"href":"https:\/\/alpaka-shop.com\/de\/wp-json\/wp\/v2\/media\/36255"}],"wp:attachment":[{"href":"https:\/\/alpaka-shop.com\/de\/wp-json\/wp\/v2\/media?parent=39086"}],"wp:term":[{"taxonomy":"product_brand","embeddable":true,"href":"https:\/\/alpaka-shop.com\/de\/wp-json\/wp\/v2\/product_brand?post=39086"},{"taxonomy":"product_cat","embeddable":true,"href":"https:\/\/alpaka-shop.com\/de\/wp-json\/wp\/v2\/product_cat?post=39086"},{"taxonomy":"product_tag","embeddable":true,"href":"https:\/\/alpaka-shop.com\/de\/wp-json\/wp\/v2\/product_tag?post=39086"},{"taxonomy":"product_shipping_class","embeddable":true,"href":"https:\/\/alpaka-shop.com\/de\/wp-json\/wp\/v2\/product_shipping_class?post=39086"},{"taxonomy":"pa_soft-wrap-cardigan","embeddable":true,"href":"https:\/\/alpaka-shop.com\/de\/wp-json\/wp\/v2\/pa_soft-wrap-cardigan?post=39086"}],"curies":[{"name":"wp","href":"https:\/\/api.w.org\/{rel}","templated":true}]}}