{"id":39867,"date":"2022-08-29T14:13:15","date_gmt":"2022-08-29T11:13:15","guid":{"rendered":"https:\/\/alpaka-shop.com\/?post_type=product&#038;p=39867"},"modified":"2026-04-04T14:20:02","modified_gmt":"2026-04-04T11:20:02","slug":"mutze-mit-zopfmuster-mit-bommel","status":"publish","type":"product","link":"https:\/\/alpaka-shop.com\/de\/mutze-mit-zopfmuster-mit-bommel\/","title":{"rendered":"M\u00fctze mit Zopfmuster mit Bommel"},"content":{"rendered":"","protected":false},"excerpt":{"rendered":"<p>Diese Winterm\u00fctze besteht zu 100 Prozent aus Baby-Alpaka, das hypoallergen, extrem warm ist und Saison f\u00fcr Saison h\u00e4lt.<\/p>\n<p>Das feine Zopfmuster design hebt den Stil auf die n\u00e4chste Ebene. Pompons verleihen unserer traditionellen Strickm\u00fctze auf lustige Weise etwas Spontanit\u00e4t.<\/p>\n<p>MATERIAL<br \/>\n<strong>100% Baby-Alpaka<\/strong><\/p>\n","protected":false},"featured_media":44137,"template":"","meta":{"_acf_changed":false},"product_brand":[],"product_cat":[67,119],"product_tag":[],"product_shipping_class":[],"pa_soft-wrap-cardigan":[],"class_list":{"0":"post-39867","1":"product","2":"type-product","3":"status-publish","4":"has-post-thumbnail","6":"product_cat-damen","7":"product_cat-mutzen-damen","9":"first","10":"instock","11":"taxable","12":"shipping-taxable","13":"purchasable","14":"product-type-variable","15":"has-default-attributes","16":"wvs-archive-product-wrapper"},"bundled_by":[],"bundle_stock_status":"instock","bundle_stock_quantity":null,"bundle_virtual":false,"bundle_layout":"","bundle_add_to_cart_form_location":"","bundle_editable_in_cart":false,"bundle_sold_individually_context":"","bundle_item_grouping":"","bundle_min_size":"","bundle_max_size":"","bundle_price":[],"bundled_items":[],"bundle_sell_ids":[],"acf":[],"aioseo_notices":[],"_links":{"self":[{"href":"https:\/\/alpaka-shop.com\/de\/wp-json\/wp\/v2\/product\/39867","targetHints":{"allow":["GET"]}}],"collection":[{"href":"https:\/\/alpaka-shop.com\/de\/wp-json\/wp\/v2\/product"}],"about":[{"href":"https:\/\/alpaka-shop.com\/de\/wp-json\/wp\/v2\/types\/product"}],"wp:featuredmedia":[{"embeddable":true,"href":"https:\/\/alpaka-shop.com\/de\/wp-json\/wp\/v2\/media\/44137"}],"wp:attachment":[{"href":"https:\/\/alpaka-shop.com\/de\/wp-json\/wp\/v2\/media?parent=39867"}],"wp:term":[{"taxonomy":"product_brand","embeddable":true,"href":"https:\/\/alpaka-shop.com\/de\/wp-json\/wp\/v2\/product_brand?post=39867"},{"taxonomy":"product_cat","embeddable":true,"href":"https:\/\/alpaka-shop.com\/de\/wp-json\/wp\/v2\/product_cat?post=39867"},{"taxonomy":"product_tag","embeddable":true,"href":"https:\/\/alpaka-shop.com\/de\/wp-json\/wp\/v2\/product_tag?post=39867"},{"taxonomy":"product_shipping_class","embeddable":true,"href":"https:\/\/alpaka-shop.com\/de\/wp-json\/wp\/v2\/product_shipping_class?post=39867"},{"taxonomy":"pa_soft-wrap-cardigan","embeddable":true,"href":"https:\/\/alpaka-shop.com\/de\/wp-json\/wp\/v2\/pa_soft-wrap-cardigan?post=39867"}],"curies":[{"name":"wp","href":"https:\/\/api.w.org\/{rel}","templated":true}]}}