{"id":40300,"date":"2022-11-17T11:28:58","date_gmt":"2022-11-17T09:28:58","guid":{"rendered":"https:\/\/alpaka-shop.com\/?post_type=product&#038;p=40300"},"modified":"2026-03-17T20:07:02","modified_gmt":"2026-03-17T18:07:02","slug":"klassiker-pullover-mit-rundhalsausschnitt","status":"publish","type":"product","link":"https:\/\/alpaka-shop.com\/de\/klassiker-pullover-mit-rundhalsausschnitt\/","title":{"rendered":"Klassiker Pullover Mit Rundhalsausschnitt"},"content":{"rendered":"<p>&nbsp;<\/p>\n<p>&nbsp;<\/p>\n","protected":false},"excerpt":{"rendered":"<p><span data-sheets-value=\"{&quot;1&quot;:2,&quot;2&quot;:&quot;GRM57 - KLASSIKER PULLOVER MIT RUNDHALSAUSSCHNITTnnKURZBESCHREIBUNGnPullover mit Rundhalsausschnitt aus 100% Baby Alpaka Wolle im klassischen StilnBESCHREIBUNG DEnDieser Pullover mit Rundhalsausschnitt aus 100% Baby Alpaka Wolle ist ein Klassiker mit Rippstrickb\u00fcndchen, Kragen und Saum. Dieser schlichte und zeitlose Schnitt passt zu allem in Ihrem Kleiderschrank und bietet hervorragenden Komfort und unendliche Stylingm\u00f6glichkeiten. Das Material aus Baby Alpaka Wolle hat hervorragende thermoregulierende Eigenschaften, d.h. es leitet die W\u00e4rme ab, damit man sich den ganzen Tag \u00fcber wohl f\u00fchlt. Ein exzellenter Pullover, der elegant f\u00fcr schicke Business Outfits und vielseitig genug f\u00fcr legere Anl\u00e4sse und gesellige Zusammenk\u00fcnfte ist.nMETABESCHREIBUNGnEin klassischer Pullover aus Baby Alpaka f\u00fcr den t\u00e4glichen Gebrauch mit vielen Stylingoptionen.&quot;}\" data-sheets-userformat=\"{&quot;2&quot;:8961,&quot;3&quot;:{&quot;1&quot;:0},&quot;11&quot;:4,&quot;12&quot;:0,&quot;16&quot;:10}\" data-sheets-textstyleruns=\"{&quot;1&quot;:0}\uee10{&quot;1&quot;:51,&quot;2&quot;:{&quot;5&quot;:1}}\uee10{&quot;1&quot;:68}\uee10{&quot;1&quot;:147,&quot;2&quot;:{&quot;5&quot;:1}}\uee10{&quot;1&quot;:163}\uee10{&quot;1&quot;:740,&quot;2&quot;:{&quot;5&quot;:1}}\uee10{&quot;1&quot;:757}\">Dieser Pullover mit Rundhalsausschnitt aus 100% Baby Alpaka Wolle ist ein Klassiker mit Rippstrickb\u00fcndchen, Kragen und Saum. Dieser schlichte und zeitlose Schnitt passt zu allem in Ihrem Kleiderschrank und bietet hervorragenden Komfort und unendliche Stylingm\u00f6glichkeiten. Das Material aus Baby Alpaka Wolle hat hervorragende thermoregulierende Eigenschaften, d.h. es leitet die W\u00e4rme ab, damit man sich den ganzen Tag \u00fcber wohl f\u00fchlt. Ein exzellenter Pullover, der elegant f\u00fcr schicke Business Outfits und vielseitig genug f\u00fcr legere Anl\u00e4sse und gesellige Zusammenk\u00fcnfte ist.<br \/>\n<\/span><\/p>\n<p>MATERIAL<br \/>\n<strong>100% Baby-Alpaka<\/strong><\/p>\n<p>&nbsp;<\/p>\n","protected":false},"featured_media":48028,"template":"","meta":{"_acf_changed":false},"product_brand":[],"product_cat":[70,117],"product_tag":[],"product_shipping_class":[],"pa_soft-wrap-cardigan":[],"class_list":{"0":"post-40300","1":"product","2":"type-product","3":"status-publish","4":"has-post-thumbnail","6":"product_cat-herren","7":"product_cat-pullover-und-strickjacken","9":"first","10":"instock","11":"taxable","12":"shipping-taxable","13":"purchasable","14":"product-type-variable","15":"has-default-attributes","16":"wvs-archive-product-wrapper"},"bundled_by":[],"bundle_stock_status":"instock","bundle_stock_quantity":null,"bundle_virtual":false,"bundle_layout":"","bundle_add_to_cart_form_location":"","bundle_editable_in_cart":false,"bundle_sold_individually_context":"","bundle_item_grouping":"","bundle_min_size":"","bundle_max_size":"","bundle_price":[],"bundled_items":[],"bundle_sell_ids":[],"acf":[],"aioseo_notices":[],"_links":{"self":[{"href":"https:\/\/alpaka-shop.com\/de\/wp-json\/wp\/v2\/product\/40300","targetHints":{"allow":["GET"]}}],"collection":[{"href":"https:\/\/alpaka-shop.com\/de\/wp-json\/wp\/v2\/product"}],"about":[{"href":"https:\/\/alpaka-shop.com\/de\/wp-json\/wp\/v2\/types\/product"}],"wp:featuredmedia":[{"embeddable":true,"href":"https:\/\/alpaka-shop.com\/de\/wp-json\/wp\/v2\/media\/48028"}],"wp:attachment":[{"href":"https:\/\/alpaka-shop.com\/de\/wp-json\/wp\/v2\/media?parent=40300"}],"wp:term":[{"taxonomy":"product_brand","embeddable":true,"href":"https:\/\/alpaka-shop.com\/de\/wp-json\/wp\/v2\/product_brand?post=40300"},{"taxonomy":"product_cat","embeddable":true,"href":"https:\/\/alpaka-shop.com\/de\/wp-json\/wp\/v2\/product_cat?post=40300"},{"taxonomy":"product_tag","embeddable":true,"href":"https:\/\/alpaka-shop.com\/de\/wp-json\/wp\/v2\/product_tag?post=40300"},{"taxonomy":"product_shipping_class","embeddable":true,"href":"https:\/\/alpaka-shop.com\/de\/wp-json\/wp\/v2\/product_shipping_class?post=40300"},{"taxonomy":"pa_soft-wrap-cardigan","embeddable":true,"href":"https:\/\/alpaka-shop.com\/de\/wp-json\/wp\/v2\/pa_soft-wrap-cardigan?post=40300"}],"curies":[{"name":"wp","href":"https:\/\/api.w.org\/{rel}","templated":true}]}}