{"id":40306,"date":"2022-11-03T12:55:36","date_gmt":"2022-11-03T10:55:36","guid":{"rendered":"https:\/\/alpaka-shop.com\/?post_type=product&#038;p=40306"},"modified":"2026-04-13T13:00:08","modified_gmt":"2026-04-13T10:00:08","slug":"reise-schal","status":"publish","type":"product","link":"https:\/\/alpaka-shop.com\/de\/reise-schal\/","title":{"rendered":"Reise Schal"},"content":{"rendered":"","protected":false},"excerpt":{"rendered":"<p><span data-sheets-value=\"{&quot;1&quot;:2,&quot;2&quot;:&quot;GRM38 \u2013 REISE SCHALnnKURZBESCHREIBUNGnReiseschal aus 100% Baby-Alpaka mit praktischen TaschennBESCHREIBUNG DEnWohin du auch gehst, denk daran, die Reise zu genie\u00dfen. Dieser raffinierte Schal aus Baby Alpaka mit seiner weichen, flauschigen Oberfl\u00e4che ist sowohl stilvoll als auch praktisch. Das klassische Design bietet unz\u00e4hlige M\u00f6glichkeiten, ihn zu tragen und zu schichten. Er ist ein vielseitiges Accessoire mit luxuri\u00f6sem Griff, das auf Reisen h\u00f6chsten Komfort bietet. Obwohl er ein funktioneller Reisebegleiter ist, k\u00f6nnen wir verstehen, wenn du nicht widerstehen kannst, es dir zu Hause gem\u00fctlich zu machen, w\u00e4hrend du deine Lieblingsserie ansiehst - wir konnten es auch nicht.nMETABESCHREIBUNGnEr ist ein luxuri\u00f6ses Accessoire f\u00fcr Kunden, die Wert auf h\u00f6chste Qualit\u00e4t und gr\u00f6\u00dften Komfort auf Reisen legen.&quot;}\" data-sheets-userformat=\"{&quot;2&quot;:8961,&quot;3&quot;:{&quot;1&quot;:0},&quot;11&quot;:4,&quot;12&quot;:0,&quot;16&quot;:10}\" data-sheets-textstyleruns=\"{&quot;1&quot;:0}\uee10{&quot;1&quot;:21,&quot;2&quot;:{&quot;5&quot;:1}}\uee10{&quot;1&quot;:38}\uee10{&quot;1&quot;:94,&quot;2&quot;:{&quot;5&quot;:1}}\uee10{&quot;1&quot;:110}\uee10{&quot;1&quot;:684,&quot;2&quot;:{&quot;5&quot;:1}}\uee10{&quot;1&quot;:701}\">Wohin du auch gehst, denk daran, die Reise zu genie\u00dfen. Dieser raffinierte Schal aus Baby Alpaka mit seiner weichen, flauschigen Oberfl\u00e4che ist sowohl stilvoll als auch praktisch. Das klassische Design bietet unz\u00e4hlige M\u00f6glichkeiten, ihn zu tragen und zu schichten. Er ist ein vielseitiges Accessoire mit luxuri\u00f6sem Griff, das auf Reisen h\u00f6chsten Komfort bietet. Obwohl er ein funktioneller Reisebegleiter ist, k\u00f6nnen wir verstehen, wenn du nicht widerstehen kannst, es dir zu Hause gem\u00fctlich zu machen, w\u00e4hrend du deine Lieblingsserie ansiehst &#8211; wir konnten es auch nicht.<\/span><\/p>\n<p>MATERIAL<br \/>\n<b>100% Baby-alpaka<\/b><\/p>\n","protected":false},"featured_media":44761,"template":"","meta":{"_acf_changed":false},"product_brand":[],"product_cat":[67,120,66],"product_tag":[],"product_shipping_class":[],"pa_soft-wrap-cardigan":[],"class_list":{"0":"post-40306","1":"product","2":"type-product","3":"status-publish","4":"has-post-thumbnail","6":"product_cat-damen","7":"product_cat-ponchos","8":"product_cat-schals-und-umschlagtucher","10":"first","11":"instock","12":"taxable","13":"shipping-taxable","14":"purchasable","15":"product-type-variable","16":"has-default-attributes","17":"wvs-archive-product-wrapper"},"bundled_by":[],"bundle_stock_status":"instock","bundle_stock_quantity":null,"bundle_virtual":false,"bundle_layout":"","bundle_add_to_cart_form_location":"","bundle_editable_in_cart":false,"bundle_sold_individually_context":"","bundle_item_grouping":"","bundle_min_size":"","bundle_max_size":"","bundle_price":[],"bundled_items":[],"bundle_sell_ids":[],"acf":[],"aioseo_notices":[],"_links":{"self":[{"href":"https:\/\/alpaka-shop.com\/de\/wp-json\/wp\/v2\/product\/40306","targetHints":{"allow":["GET"]}}],"collection":[{"href":"https:\/\/alpaka-shop.com\/de\/wp-json\/wp\/v2\/product"}],"about":[{"href":"https:\/\/alpaka-shop.com\/de\/wp-json\/wp\/v2\/types\/product"}],"wp:featuredmedia":[{"embeddable":true,"href":"https:\/\/alpaka-shop.com\/de\/wp-json\/wp\/v2\/media\/44761"}],"wp:attachment":[{"href":"https:\/\/alpaka-shop.com\/de\/wp-json\/wp\/v2\/media?parent=40306"}],"wp:term":[{"taxonomy":"product_brand","embeddable":true,"href":"https:\/\/alpaka-shop.com\/de\/wp-json\/wp\/v2\/product_brand?post=40306"},{"taxonomy":"product_cat","embeddable":true,"href":"https:\/\/alpaka-shop.com\/de\/wp-json\/wp\/v2\/product_cat?post=40306"},{"taxonomy":"product_tag","embeddable":true,"href":"https:\/\/alpaka-shop.com\/de\/wp-json\/wp\/v2\/product_tag?post=40306"},{"taxonomy":"product_shipping_class","embeddable":true,"href":"https:\/\/alpaka-shop.com\/de\/wp-json\/wp\/v2\/product_shipping_class?post=40306"},{"taxonomy":"pa_soft-wrap-cardigan","embeddable":true,"href":"https:\/\/alpaka-shop.com\/de\/wp-json\/wp\/v2\/pa_soft-wrap-cardigan?post=40306"}],"curies":[{"name":"wp","href":"https:\/\/api.w.org\/{rel}","templated":true}]}}