{"id":40309,"date":"2022-11-24T11:57:01","date_gmt":"2022-11-24T09:57:01","guid":{"rendered":"https:\/\/alpaka-shop.com\/?post_type=product&#038;p=40309"},"modified":"2025-12-30T21:00:06","modified_gmt":"2025-12-30T19:00:06","slug":"unisex-strickmantel","status":"publish","type":"product","link":"https:\/\/alpaka-shop.com\/de\/unisex-strickmantel\/","title":{"rendered":"Unisex Strickmantel"},"content":{"rendered":"","protected":false},"excerpt":{"rendered":"<p><span data-sheets-value=\"{&quot;1&quot;:2,&quot;2&quot;:&quot;GRM56 \u2013 UNISEX STRICKMANTELnnKURZBESCHREIBUNGnUnisex Strickmantel aus Baby Alpaka und Pima Baumwolle mit G\u00fcrtel und abnehmbarer KapuzenBESCHREIBUNG DEnDer Alpaka Unisex-Strickmantel ist Ihr Schutz vor den Elementen und erm\u00f6glicht ein einfaches und m\u00fcheloses Anziehen. Diese funktionelle Oberbekleidung besteht aus einem Mischgarn aus Baby Alpaka und Pima Baumwolle f\u00fcr erh\u00f6hten Komfort, sie ist gro\u00df, warm und vielseitig. Der Unisex Strickmantel l\u00e4sst sich mit einem G\u00fcrtelverschluss und einer modernen abnehmbaren Kapuze regulieren. Dieser Unisex-Strickmantel bietet zahlreiche Styling Optionen und l\u00e4sst sich wunderbar mit Ihren Lieblingsteilen der Saison kombinieren. Ein unverzichtbares Kleidungsst\u00fcck, wenn Sie von zu Hause aus arbeiten, auf Reisen sind, sich mit Freunden treffen oder etwas Gem\u00fctliches zum Faulenzen suchen.Die Kapuze wird mit Bioresin Kn\u00f6pfen am Kragen befestigt, die einen um 25 % geringeren \u00f6kologischen Fu\u00dfabdruck haben als herk\u00f6mmliche Kn\u00f6pfe. nMETABESCHREIBUNGnEs ist ein eleganter Mantel aus Baby Alpaka-Strick mit Bioresin Kn\u00f6pfen, perfekt f\u00fcr Kunden, die Wert auf h\u00f6chste Qualit\u00e4t und m\u00fcheloses Anziehen legen.n&quot;}\" data-sheets-userformat=\"{&quot;2&quot;:8961,&quot;3&quot;:{&quot;1&quot;:0},&quot;11&quot;:4,&quot;12&quot;:0,&quot;16&quot;:10}\" data-sheets-textstyleruns=\"{&quot;1&quot;:0}\uee10{&quot;1&quot;:29,&quot;2&quot;:{&quot;5&quot;:1}}\uee10{&quot;1&quot;:46}\uee10{&quot;1&quot;:135,&quot;2&quot;:{&quot;5&quot;:1}}\uee10{&quot;1&quot;:151}\uee10{&quot;1&quot;:973,&quot;2&quot;:{&quot;5&quot;:1}}\uee10{&quot;1&quot;:990}\">Der Alpaka Unisex-Strickmantel ist Ihr Schutz vor den Elementen und erm\u00f6glicht ein einfaches und m\u00fcheloses Anziehen. Diese funktionelle Oberbekleidung besteht aus einem Mischgarn aus Baby Alpaka und Pima Baumwolle f\u00fcr erh\u00f6hten Komfort, sie ist gro\u00df, warm und vielseitig. Der Unisex Strickmantel l\u00e4sst sich mit einem G\u00fcrtelverschluss und einer modernen abnehmbaren Kapuze regulieren. Dieser Unisex-Strickmantel bietet zahlreiche Styling Optionen und l\u00e4sst sich wunderbar mit Ihren Lieblingsteilen der Saison kombinieren. Ein unverzichtbares Kleidungsst\u00fcck, wenn Sie von zu Hause aus arbeiten, auf Reisen sind, sich mit Freunden treffen oder etwas Gem\u00fctliches zum Faulenzen suchen.Die Kapuze wird mit Bioresin Kn\u00f6pfen am Kragen befestigt, die einen um 25 % geringeren \u00f6kologischen Fu\u00dfabdruck haben als herk\u00f6mmliche Kn\u00f6pfe.<br \/>\n<\/span><\/p>\n<p>MATERIAL<br \/>\n<strong>56% Baby Alpaka, 44% Pima-Baumwolle<\/strong><\/p>\n","protected":false},"featured_media":48782,"template":"","meta":{"_acf_changed":false},"product_brand":[],"product_cat":[67,70,121,117],"product_tag":[],"product_shipping_class":[],"pa_soft-wrap-cardigan":[],"class_list":{"0":"post-40309","1":"product","2":"type-product","3":"status-publish","4":"has-post-thumbnail","6":"product_cat-damen","7":"product_cat-herren","8":"product_cat-pullover-cardigans","9":"product_cat-pullover-und-strickjacken","11":"first","12":"outofstock","13":"taxable","14":"shipping-taxable","15":"purchasable","16":"product-type-variable","17":"has-default-attributes","18":"wvs-archive-product-wrapper"},"bundled_by":[],"bundle_stock_status":"outofstock","bundle_stock_quantity":null,"bundle_virtual":false,"bundle_layout":"","bundle_add_to_cart_form_location":"","bundle_editable_in_cart":false,"bundle_sold_individually_context":"","bundle_item_grouping":"","bundle_min_size":"","bundle_max_size":"","bundle_price":[],"bundled_items":[],"bundle_sell_ids":[],"acf":[],"aioseo_notices":[],"_links":{"self":[{"href":"https:\/\/alpaka-shop.com\/de\/wp-json\/wp\/v2\/product\/40309","targetHints":{"allow":["GET"]}}],"collection":[{"href":"https:\/\/alpaka-shop.com\/de\/wp-json\/wp\/v2\/product"}],"about":[{"href":"https:\/\/alpaka-shop.com\/de\/wp-json\/wp\/v2\/types\/product"}],"wp:featuredmedia":[{"embeddable":true,"href":"https:\/\/alpaka-shop.com\/de\/wp-json\/wp\/v2\/media\/48782"}],"wp:attachment":[{"href":"https:\/\/alpaka-shop.com\/de\/wp-json\/wp\/v2\/media?parent=40309"}],"wp:term":[{"taxonomy":"product_brand","embeddable":true,"href":"https:\/\/alpaka-shop.com\/de\/wp-json\/wp\/v2\/product_brand?post=40309"},{"taxonomy":"product_cat","embeddable":true,"href":"https:\/\/alpaka-shop.com\/de\/wp-json\/wp\/v2\/product_cat?post=40309"},{"taxonomy":"product_tag","embeddable":true,"href":"https:\/\/alpaka-shop.com\/de\/wp-json\/wp\/v2\/product_tag?post=40309"},{"taxonomy":"product_shipping_class","embeddable":true,"href":"https:\/\/alpaka-shop.com\/de\/wp-json\/wp\/v2\/product_shipping_class?post=40309"},{"taxonomy":"pa_soft-wrap-cardigan","embeddable":true,"href":"https:\/\/alpaka-shop.com\/de\/wp-json\/wp\/v2\/pa_soft-wrap-cardigan?post=40309"}],"curies":[{"name":"wp","href":"https:\/\/api.w.org\/{rel}","templated":true}]}}