{"id":40313,"date":"2022-11-03T12:51:44","date_gmt":"2022-11-03T10:51:44","guid":{"rendered":"https:\/\/alpaka-shop.com\/?post_type=product&#038;p=40313"},"modified":"2026-03-30T16:00:06","modified_gmt":"2026-03-30T13:00:06","slug":"kurzes-armel-pullover","status":"publish","type":"product","link":"https:\/\/alpaka-shop.com\/de\/kurzes-armel-pullover\/","title":{"rendered":"Kurzes \u00c4rmel Pullover"},"content":{"rendered":"<p><span data-sheets-value=\"{&quot;1&quot;:2,&quot;2&quot;:&quot;GRM47 - KURZES \u00c4RMEL PULLOVERnnKURZBESCHREIBUNGnKurz\u00e4rmeliger Pullover aus 100% Baby Alpaka mit RundhalsausschnittnBESCHREIBUNG DEnSuperweicher kurz\u00e4rmeliger Pullover aus Baby Alpaka mit minimalistischem Design und Rundhalsausschnitt. Dieser Feinstrick-Pullover mit lockerer Passform ist eine schlichte, aber elegante Version eines T-Shirts. Er besteht aus 100% Baby Alpaka und ist dank der nat\u00fcrlichen Eigenschaften der Alpakawolle sehr bequem und vielseitig. Unser kurz\u00e4rmeliger Pullover eignet sich perfekt zum \u00dcberziehen mit einer Jacke oder einem Blazer, f\u00fcr den Alltag und zum Kombinieren mit einem seidigen Midirock f\u00fcr besondere Anl\u00e4sse. nMETABESCHREIBUNGnDieser klassische kurz\u00e4rmelige Pullover aus Baby Alpaka Wolle ist eine elegante Variante des T-Shirts.&quot;}\" data-sheets-userformat=\"{&quot;2&quot;:8961,&quot;3&quot;:{&quot;1&quot;:0},&quot;11&quot;:4,&quot;12&quot;:0,&quot;16&quot;:10}\" data-sheets-textstyleruns=\"{&quot;1&quot;:0}\uee10{&quot;1&quot;:31,&quot;2&quot;:{&quot;5&quot;:1}}\uee10{&quot;1&quot;:48}\uee10{&quot;1&quot;:115,&quot;2&quot;:{&quot;5&quot;:1}}\uee10{&quot;1&quot;:131}\uee10{&quot;1&quot;:647,&quot;2&quot;:{&quot;5&quot;:1}}\uee10{&quot;1&quot;:664}\">\u00a0<\/span><\/p>\n","protected":false},"excerpt":{"rendered":"<p><span data-sheets-value=\"{&quot;1&quot;:2,&quot;2&quot;:&quot;GRM47 - KURZES \u00c4RMEL PULLOVERnnKURZBESCHREIBUNGnKurz\u00e4rmeliger Pullover aus 100% Baby Alpaka mit RundhalsausschnittnBESCHREIBUNG DEnSuperweicher kurz\u00e4rmeliger Pullover aus Baby Alpaka mit minimalistischem Design und Rundhalsausschnitt. Dieser Feinstrick-Pullover mit lockerer Passform ist eine schlichte, aber elegante Version eines T-Shirts. Er besteht aus 100% Baby Alpaka und ist dank der nat\u00fcrlichen Eigenschaften der Alpakawolle sehr bequem und vielseitig. Unser kurz\u00e4rmeliger Pullover eignet sich perfekt zum \u00dcberziehen mit einer Jacke oder einem Blazer, f\u00fcr den Alltag und zum Kombinieren mit einem seidigen Midirock f\u00fcr besondere Anl\u00e4sse. nMETABESCHREIBUNGnDieser klassische kurz\u00e4rmelige Pullover aus Baby Alpaka Wolle ist eine elegante Variante des T-Shirts.&quot;}\" data-sheets-userformat=\"{&quot;2&quot;:8961,&quot;3&quot;:{&quot;1&quot;:0},&quot;11&quot;:4,&quot;12&quot;:0,&quot;16&quot;:10}\" data-sheets-textstyleruns=\"{&quot;1&quot;:0}\uee10{&quot;1&quot;:31,&quot;2&quot;:{&quot;5&quot;:1}}\uee10{&quot;1&quot;:48}\uee10{&quot;1&quot;:115,&quot;2&quot;:{&quot;5&quot;:1}}\uee10{&quot;1&quot;:131}\uee10{&quot;1&quot;:647,&quot;2&quot;:{&quot;5&quot;:1}}\uee10{&quot;1&quot;:664}\">Superweicher kurz\u00e4rmeliger Pullover aus Baby Alpaka mit minimalistischem Design und Rundhalsausschnitt. Dieser Feinstrick-Pullover mit lockerer Passform ist eine schlichte, aber elegante Version eines T-Shirts. Er besteht aus 100% Baby Alpaka und ist dank der nat\u00fcrlichen Eigenschaften der Alpakawolle sehr bequem und vielseitig. Unser kurz\u00e4rmeliger Pullover eignet sich perfekt zum \u00dcberziehen mit einer Jacke oder einem Blazer, f\u00fcr den Alltag und zum Kombinieren mit einem seidigen Midirock f\u00fcr besondere Anl\u00e4sse.<br \/>\n<\/span><\/p>\n<p>MATERIAL<br \/>\n<strong>100% Baby-Alpaka<\/strong><\/p>\n","protected":false},"featured_media":43323,"template":"","meta":{"_acf_changed":false},"product_brand":[],"product_cat":[67,121],"product_tag":[],"product_shipping_class":[],"pa_soft-wrap-cardigan":[],"class_list":{"0":"post-40313","1":"product","2":"type-product","3":"status-publish","4":"has-post-thumbnail","6":"product_cat-damen","7":"product_cat-pullover-cardigans","9":"first","10":"instock","11":"taxable","12":"shipping-taxable","13":"purchasable","14":"product-type-variable","15":"has-default-attributes","16":"wvs-archive-product-wrapper"},"bundled_by":[],"bundle_stock_status":"instock","bundle_stock_quantity":null,"bundle_virtual":false,"bundle_layout":"","bundle_add_to_cart_form_location":"","bundle_editable_in_cart":false,"bundle_sold_individually_context":"","bundle_item_grouping":"","bundle_min_size":"","bundle_max_size":"","bundle_price":[],"bundled_items":[],"bundle_sell_ids":[],"acf":[],"aioseo_notices":[],"_links":{"self":[{"href":"https:\/\/alpaka-shop.com\/de\/wp-json\/wp\/v2\/product\/40313","targetHints":{"allow":["GET"]}}],"collection":[{"href":"https:\/\/alpaka-shop.com\/de\/wp-json\/wp\/v2\/product"}],"about":[{"href":"https:\/\/alpaka-shop.com\/de\/wp-json\/wp\/v2\/types\/product"}],"wp:featuredmedia":[{"embeddable":true,"href":"https:\/\/alpaka-shop.com\/de\/wp-json\/wp\/v2\/media\/43323"}],"wp:attachment":[{"href":"https:\/\/alpaka-shop.com\/de\/wp-json\/wp\/v2\/media?parent=40313"}],"wp:term":[{"taxonomy":"product_brand","embeddable":true,"href":"https:\/\/alpaka-shop.com\/de\/wp-json\/wp\/v2\/product_brand?post=40313"},{"taxonomy":"product_cat","embeddable":true,"href":"https:\/\/alpaka-shop.com\/de\/wp-json\/wp\/v2\/product_cat?post=40313"},{"taxonomy":"product_tag","embeddable":true,"href":"https:\/\/alpaka-shop.com\/de\/wp-json\/wp\/v2\/product_tag?post=40313"},{"taxonomy":"product_shipping_class","embeddable":true,"href":"https:\/\/alpaka-shop.com\/de\/wp-json\/wp\/v2\/product_shipping_class?post=40313"},{"taxonomy":"pa_soft-wrap-cardigan","embeddable":true,"href":"https:\/\/alpaka-shop.com\/de\/wp-json\/wp\/v2\/pa_soft-wrap-cardigan?post=40313"}],"curies":[{"name":"wp","href":"https:\/\/api.w.org\/{rel}","templated":true}]}}